{"id":316,"date":"2023-09-28T08:18:08","date_gmt":"2023-09-28T08:18:08","guid":{"rendered":"https:\/\/legeckosapa.com\/?page_id=316"},"modified":"2023-09-28T09:38:28","modified_gmt":"2023-09-28T09:38:28","slug":"dessert-2","status":"publish","type":"page","link":"https:\/\/legeckosapa.com\/vn\/dessert-2","title":{"rendered":"Dessert"},"content":{"rendered":"<p style=\"text-align: center;\">Vous pouvez choisir g\u00e2teaux diff\u00e9rents dans la boulangerie<\/p>\n<p style=\"text-align: center;\">You can choose different cakes in the bakery store outside<\/p>\n<p style=\"text-align: center;\"><strong>Tiramisu \/ 65,000<\/strong><\/p>\n<p style=\"text-align: center;\"><strong>\u00a0<\/strong><\/p>\n<p style=\"text-align: center;\"><strong>T.Coco Chocolat \/ 58,000<\/strong><\/p>\n<p style=\"text-align: center;\"><strong>\u00a0<\/strong><strong>\u00a0<\/strong><\/p>\n<p style=\"text-align: center;\"><strong>Apple pie \/ 58,000<\/strong><\/p>\n<p style=\"text-align: center;\"><strong>Apple pie with ice cream \/ 79,000<\/strong><\/p>\n<p style=\"text-align: center;\"><strong>Yoghurt with honey \/ 49,000<\/strong><\/p>\n<p style=\"text-align: center;\"><strong>\u00a0<\/strong><strong>\u00a0<\/strong><\/p>\n<p style=\"text-align: center;\"><strong>Flan au Caramel \/ 25,000<\/strong><\/p>\n<p style=\"text-align: center;\">Eggs, milk and caramel<\/p>\n<p style=\"text-align: center;\"><strong>\u00a0<\/strong><\/p>\n<p style=\"text-align: center;\"><strong>Cr\u00e8me glac\u00e9e au caf\u00e9 \/ 75,000<\/strong><\/p>\n<p style=\"text-align: center;\">\u00a0\u00a0\u00a0\u00a0\u00a0\u00a0\u00a0\u00a0 Ice cream in coffee<\/p>\n<p style=\"text-align: center;\"><strong>\u00a0<\/strong><\/p>\n<p style=\"text-align: center;\"><strong>Cr\u00e8me glac\u00e9e au whisky \/ 89,000<\/strong><\/p>\n<p style=\"text-align: center;\">\u00a0\u00a0\u00a0\u00a0\u00a0\u00a0\u00a0\u00a0 Cream in whisky<\/p>\n<p style=\"text-align: center;\"><strong>\u00a0<\/strong><\/p>\n<p style=\"text-align: center;\"><strong>\u00a0<\/strong><strong>Cr\u00eapes avec bananes &amp; sauce au chocolat ou au miel \/ 69,000<\/strong><\/p>\n<p style=\"text-align: center;\">\u00a0\u00a0\u00a0\u00a0\u00a0\u00a0\u00a0\u00a0 Banana pancake with chocolate or honey sauce<\/p>\n<p style=\"text-align: center;\"><strong>\u00a0<\/strong><\/p>\n<p style=\"text-align: center;\"><strong>Banana ice cream \/ 79,000<\/strong><\/p>\n<p style=\"text-align: center;\">Banana with ice cream<strong>\u00a0<\/strong><\/p>\n<p style=\"text-align: center;\"><strong>\u00a0<\/strong><\/p>\n<p style=\"text-align: center;\"><strong>Fruits frais saisonniers \/ 50,000<\/strong><\/p>\n<p style=\"text-align: center;\">\u00a0\u00a0\u00a0\u00a0\u00a0\u00a0 Seasonal fresh fruits<\/p>\n<p style=\"text-align: center;\"><strong>Fruits frais saisonnier au yaourt \/ 59,000<\/strong><\/p>\n<p style=\"text-align: center;\">Seasonal fresh fruits with yoghurt<\/p>\n","protected":false},"excerpt":{"rendered":"<p>Vous pouvez choisir g\u00e2teaux diff\u00e9rents dans la boulangerie You can choose different cakes in the bakery store outside Tiramisu \/ 65,000 \u00a0 T.Coco Chocolat \/ 58,000 \u00a0\u00a0 Apple pie \/ 58,000 Apple pie with ice cream \/ 79,000 Yoghurt with honey \/ 49,000 \u00a0\u00a0 Flan au Caramel \/ 25,000 Eggs, milk and caramel \u00a0 Cr\u00e8me&hellip; <a class=\"more-link\" href=\"https:\/\/legeckosapa.com\/vn\/dessert-2\">Continue reading <span class=\"screen-reader-text\">Dessert<\/span><\/a><\/p>\n","protected":false},"author":1,"featured_media":0,"parent":0,"menu_order":0,"comment_status":"closed","ping_status":"closed","template":"","meta":{"footnotes":""},"class_list":["post-316","page","type-page","status-publish","hentry","entry"],"yoast_head":"<!-- This site is optimized with the Yoast SEO plugin v21.1 - https:\/\/yoast.com\/wordpress\/plugins\/seo\/ -->\n<title>Dessert - Le Gecko Sapa<\/title>\n<meta name=\"robots\" content=\"index, follow, max-snippet:-1, max-image-preview:large, max-video-preview:-1\" \/>\n<link rel=\"canonical\" href=\"https:\/\/legeckosapa.com\/vn\/dessert-2\" \/>\n<meta property=\"og:locale\" content=\"en_US\" \/>\n<meta property=\"og:type\" content=\"article\" \/>\n<meta property=\"og:title\" content=\"Dessert - Le Gecko Sapa\" \/>\n<meta property=\"og:description\" content=\"Vous pouvez choisir g\u00e2teaux diff\u00e9rents dans la boulangerie You can choose different cakes in the bakery store outside Tiramisu \/ 65,000 \u00a0 T.Coco Chocolat \/ 58,000 \u00a0\u00a0 Apple pie \/ 58,000 Apple pie with ice cream \/ 79,000 Yoghurt with honey \/ 49,000 \u00a0\u00a0 Flan au Caramel \/ 25,000 Eggs, milk and caramel \u00a0 Cr\u00e8me&hellip; Continue reading Dessert\" \/>\n<meta property=\"og:url\" content=\"https:\/\/legeckosapa.com\/vn\/dessert-2\" \/>\n<meta property=\"og:site_name\" content=\"Le Gecko Sapa\" \/>\n<meta property=\"article:modified_time\" content=\"2023-09-28T09:38:28+00:00\" \/>\n<meta name=\"twitter:card\" content=\"summary_large_image\" \/>\n<meta name=\"twitter:label1\" content=\"Est. reading time\" \/>\n\t<meta name=\"twitter:data1\" content=\"1 minute\" \/>\n<script type=\"application\/ld+json\" class=\"yoast-schema-graph\">{\"@context\":\"https:\/\/schema.org\",\"@graph\":[{\"@type\":\"WebPage\",\"@id\":\"https:\/\/legeckosapa.com\/vn\/dessert-2\",\"url\":\"https:\/\/legeckosapa.com\/vn\/dessert-2\",\"name\":\"Dessert - Le Gecko Sapa\",\"isPartOf\":{\"@id\":\"https:\/\/legeckosapa.com\/vn\/#website\"},\"datePublished\":\"2023-09-28T08:18:08+00:00\",\"dateModified\":\"2023-09-28T09:38:28+00:00\",\"breadcrumb\":{\"@id\":\"https:\/\/legeckosapa.com\/vn\/dessert-2#breadcrumb\"},\"inLanguage\":\"en-US\",\"potentialAction\":[{\"@type\":\"ReadAction\",\"target\":[\"https:\/\/legeckosapa.com\/vn\/dessert-2\"]}]},{\"@type\":\"BreadcrumbList\",\"@id\":\"https:\/\/legeckosapa.com\/vn\/dessert-2#breadcrumb\",\"itemListElement\":[{\"@type\":\"ListItem\",\"position\":1,\"name\":\"Home\",\"item\":\"https:\/\/legeckosapa.com\/vn\"},{\"@type\":\"ListItem\",\"position\":2,\"name\":\"Dessert\"}]},{\"@type\":\"WebSite\",\"@id\":\"https:\/\/legeckosapa.com\/vn\/#website\",\"url\":\"https:\/\/legeckosapa.com\/vn\/\",\"name\":\"Le Gecko Sapa\",\"description\":\"\",\"publisher\":{\"@id\":\"https:\/\/legeckosapa.com\/vn\/#organization\"},\"potentialAction\":[{\"@type\":\"SearchAction\",\"target\":{\"@type\":\"EntryPoint\",\"urlTemplate\":\"https:\/\/legeckosapa.com\/vn\/?s={search_term_string}\"},\"query-input\":\"required name=search_term_string\"}],\"inLanguage\":\"en-US\"},{\"@type\":\"Organization\",\"@id\":\"https:\/\/legeckosapa.com\/vn\/#organization\",\"name\":\"Le Gecko Sapa\",\"url\":\"https:\/\/legeckosapa.com\/vn\/\",\"logo\":{\"@type\":\"ImageObject\",\"inLanguage\":\"en-US\",\"@id\":\"https:\/\/legeckosapa.com\/vn\/#\/schema\/logo\/image\/\",\"url\":\"https:\/\/legeckosapa.com\/vn\/wp-content\/uploads\/2023\/10\/cropped-cropped-LegeckoDualLogo512.png\",\"contentUrl\":\"https:\/\/legeckosapa.com\/vn\/wp-content\/uploads\/2023\/10\/cropped-cropped-LegeckoDualLogo512.png\",\"width\":512,\"height\":171,\"caption\":\"Le Gecko Sapa\"},\"image\":{\"@id\":\"https:\/\/legeckosapa.com\/vn\/#\/schema\/logo\/image\/\"}}]}<\/script>\n<!-- \/ Yoast SEO plugin. -->","yoast_head_json":{"title":"Dessert - Le Gecko Sapa","robots":{"index":"index","follow":"follow","max-snippet":"max-snippet:-1","max-image-preview":"max-image-preview:large","max-video-preview":"max-video-preview:-1"},"canonical":"https:\/\/legeckosapa.com\/vn\/dessert-2","og_locale":"en_US","og_type":"article","og_title":"Dessert - Le Gecko Sapa","og_description":"Vous pouvez choisir g\u00e2teaux diff\u00e9rents dans la boulangerie You can choose different cakes in the bakery store outside Tiramisu \/ 65,000 \u00a0 T.Coco Chocolat \/ 58,000 \u00a0\u00a0 Apple pie \/ 58,000 Apple pie with ice cream \/ 79,000 Yoghurt with honey \/ 49,000 \u00a0\u00a0 Flan au Caramel \/ 25,000 Eggs, milk and caramel \u00a0 Cr\u00e8me&hellip; Continue reading Dessert","og_url":"https:\/\/legeckosapa.com\/vn\/dessert-2","og_site_name":"Le Gecko Sapa","article_modified_time":"2023-09-28T09:38:28+00:00","twitter_card":"summary_large_image","twitter_misc":{"Est. reading time":"1 minute"},"schema":{"@context":"https:\/\/schema.org","@graph":[{"@type":"WebPage","@id":"https:\/\/legeckosapa.com\/vn\/dessert-2","url":"https:\/\/legeckosapa.com\/vn\/dessert-2","name":"Dessert - Le Gecko Sapa","isPartOf":{"@id":"https:\/\/legeckosapa.com\/vn\/#website"},"datePublished":"2023-09-28T08:18:08+00:00","dateModified":"2023-09-28T09:38:28+00:00","breadcrumb":{"@id":"https:\/\/legeckosapa.com\/vn\/dessert-2#breadcrumb"},"inLanguage":"en-US","potentialAction":[{"@type":"ReadAction","target":["https:\/\/legeckosapa.com\/vn\/dessert-2"]}]},{"@type":"BreadcrumbList","@id":"https:\/\/legeckosapa.com\/vn\/dessert-2#breadcrumb","itemListElement":[{"@type":"ListItem","position":1,"name":"Home","item":"https:\/\/legeckosapa.com\/vn"},{"@type":"ListItem","position":2,"name":"Dessert"}]},{"@type":"WebSite","@id":"https:\/\/legeckosapa.com\/vn\/#website","url":"https:\/\/legeckosapa.com\/vn\/","name":"Le Gecko Sapa","description":"","publisher":{"@id":"https:\/\/legeckosapa.com\/vn\/#organization"},"potentialAction":[{"@type":"SearchAction","target":{"@type":"EntryPoint","urlTemplate":"https:\/\/legeckosapa.com\/vn\/?s={search_term_string}"},"query-input":"required name=search_term_string"}],"inLanguage":"en-US"},{"@type":"Organization","@id":"https:\/\/legeckosapa.com\/vn\/#organization","name":"Le Gecko Sapa","url":"https:\/\/legeckosapa.com\/vn\/","logo":{"@type":"ImageObject","inLanguage":"en-US","@id":"https:\/\/legeckosapa.com\/vn\/#\/schema\/logo\/image\/","url":"https:\/\/legeckosapa.com\/vn\/wp-content\/uploads\/2023\/10\/cropped-cropped-LegeckoDualLogo512.png","contentUrl":"https:\/\/legeckosapa.com\/vn\/wp-content\/uploads\/2023\/10\/cropped-cropped-LegeckoDualLogo512.png","width":512,"height":171,"caption":"Le Gecko Sapa"},"image":{"@id":"https:\/\/legeckosapa.com\/vn\/#\/schema\/logo\/image\/"}}]}},"_links":{"self":[{"href":"https:\/\/legeckosapa.com\/vn\/wp-json\/wp\/v2\/pages\/316","targetHints":{"allow":["GET"]}}],"collection":[{"href":"https:\/\/legeckosapa.com\/vn\/wp-json\/wp\/v2\/pages"}],"about":[{"href":"https:\/\/legeckosapa.com\/vn\/wp-json\/wp\/v2\/types\/page"}],"author":[{"embeddable":true,"href":"https:\/\/legeckosapa.com\/vn\/wp-json\/wp\/v2\/users\/1"}],"replies":[{"embeddable":true,"href":"https:\/\/legeckosapa.com\/vn\/wp-json\/wp\/v2\/comments?post=316"}],"version-history":[{"count":4,"href":"https:\/\/legeckosapa.com\/vn\/wp-json\/wp\/v2\/pages\/316\/revisions"}],"predecessor-version":[{"id":358,"href":"https:\/\/legeckosapa.com\/vn\/wp-json\/wp\/v2\/pages\/316\/revisions\/358"}],"wp:attachment":[{"href":"https:\/\/legeckosapa.com\/vn\/wp-json\/wp\/v2\/media?parent=316"}],"curies":[{"name":"wp","href":"https:\/\/api.w.org\/{rel}","templated":true}]}}