{"id":314,"date":"2023-09-28T08:18:08","date_gmt":"2023-09-28T08:18:08","guid":{"rendered":"https:\/\/legeckosapa.com\/?page_id=314"},"modified":"2023-09-28T09:14:32","modified_gmt":"2023-09-28T09:14:32","slug":"vietnamese-traditional-food-2","status":"publish","type":"page","link":"https:\/\/legeckosapa.com\/vn\/vietnamese-traditional-food-2","title":{"rendered":"Vietnamese Traditional Food"},"content":{"rendered":"<p style=\"text-align: center;\">Vietnamese traditional food<\/p>\n<p style=\"text-align: center;\">M\u00f3n truy\u1ec1n th\u1ed1ng Vi\u1ec7t<\/p>\n<p style=\"text-align: center;\"><em>Price : VND<\/em><\/p>\n<p style=\"text-align: center;\"><strong>Nem rau r\u00e1n \/\u00a0 79,000 <\/strong><\/p>\n<p style=\"text-align: center;\">6 nems aux l\u00e9gumes frit<\/p>\n<p style=\"text-align: center;\">6 fried vegetarian spring rolls<\/p>\n<p style=\"text-align: center;\">\n<p style=\"text-align: center;\"><strong>Nem Sapa \/\u00a0 89,000<\/strong><\/p>\n<p style=\"text-align: center;\">6 nems de poulet et l\u00e9gumes frit<\/p>\n<p style=\"text-align: center;\">6 fried spring rolls of chicken and vegetables<\/p>\n<p style=\"text-align: center;\">\n<p style=\"text-align: center;\"><strong>S\u00fap g\u00e0 n\u1ea5m \/\u00a0 95,000<\/strong><\/p>\n<p style=\"text-align: center;\">Soupe de poulet avec champignons de Sapa<\/p>\n<p style=\"text-align: center;\">Chicken soup with fresh musrhoom of Sapa<\/p>\n<p>&nbsp;<\/p>\n<p style=\"text-align: center;\"><strong>M\u1ef3 g\u00e0 \/\u00a0 69,000<\/strong><\/p>\n<p style=\"text-align: center;\">Soupe de nouilles de bl\u00e9\u00a0 avec pointrine de poulet<\/p>\n<p style=\"text-align: center;\">Wheat noodles soup with chicken breast<\/p>\n<p style=\"text-align: center;\">\n<p style=\"text-align: center;\"><strong>G\u00e0 x\u00e0o n\u1ea5m t\u01b0\u01a1i Sapa \u0103n k\u00e8m c\u01a1m tr\u1eafng \/\u00a0 189,000<\/strong><\/p>\n<p style=\"text-align: center;\">Pointrine de poulet saut\u00e9 aux champignon frais de Sapa<\/p>\n<p style=\"text-align: center;\">Sauteed chicken breast with fresh mushroom of Sapa. Served with rice<\/p>\n<p style=\"text-align: center;\">\n<p style=\"text-align: center;\"><strong>G\u00e0 x\u00e0o s\u1ea3 \u1edbt \u0103n k\u00e8m c\u01a1m tr\u1eafng \/\u00a0 189,000<\/strong><\/p>\n<p style=\"text-align: center;\">\u00a0\u00a0\u00a0\u00a0\u00a0\u00a0\u00a0\u00a0\u00a0\u00a0\u00a0\u00a0\u00a0\u00a0\u00a0 Pointrine de poulet saut\u00e9 avec poivre vert et citronnelle<\/p>\n<p style=\"text-align: center;\">\u00a0\u00a0\u00a0\u00a0\u00a0\u00a0\u00a0\u00a0\u00a0\u00a0\u00a0\u00a0\u00a0\u00a0 Sauteed chicken breast with green pepper and lemongrass. Served with rice<\/p>\n<p style=\"text-align: center;\">\n<p style=\"text-align: center;\"><strong>G\u00e0 n\u01b0\u1edbng l\u00e1 chanh tr\u00ean gang n\u00f3ng \/\u00a0 189,000<\/strong><\/p>\n<p style=\"text-align: center;\">Pointrine de poulet grilled sur plaque chaud avec des feuilles de citron. Servis avec du riz<\/p>\n<p style=\"text-align: center;\">\u00a0\u00a0\u00a0\u00a0\u00a0\u00a0\u00a0\u00a0\u00a0\u00a0\u00a0\u00a0\u00a0 Grilled chicken breast on hot plate with lemon leaves. Served with steamed\u00a0 rice<\/p>\n<p>&nbsp;<\/p>\n<p style=\"text-align: center;\"><strong>M\u1ef3 x\u00e0o g\u00e0 \/ 129,000<\/strong><\/p>\n<p style=\"text-align: center;\">\u00a0\u00a0\u00a0\u00a0\u00a0\u00a0\u00a0\u00a0\u00a0\u00a0\u00a0\u00a0\u00a0 Nouilles de bl\u00e9 frits avec pointrine de poulet et legumes<\/p>\n<p style=\"text-align: center;\">\u00a0\u00a0\u00a0\u00a0\u00a0\u00a0\u00a0\u00a0\u00a0\u00a0\u00a0\u00a0\u00a0\u00a0 Fried wheat noodles with chicken breast and vegetables<\/p>\n<p>&nbsp;<\/p>\n<p style=\"text-align: center;\"><strong>C\u01a1m rang rau \/ 89,000<\/strong><\/p>\n<p style=\"text-align: center;\">Riz frit aux l\u00e9gumes<\/p>\n<p style=\"text-align: center;\">\u00a0\u00a0\u00a0\u00a0\u00a0\u00a0\u00a0\u00a0\u00a0 \u00a0\u00a0 Fried rice with vegetables<\/p>\n<p>&nbsp;<\/p>\n<p style=\"text-align: center;\"><strong>C\u01a1m rang g\u00e0 \/ 119,000<\/strong><\/p>\n<p style=\"text-align: center;\">Fried rice with chicken breast and vegetables l\u00e9gumes<\/p>\n<p>&nbsp;<\/p>\n<p style=\"text-align: center;\"><strong>C\u01a1m lam \/ 55,000<\/strong><\/p>\n<p style=\"text-align: center;\">Riz dans bambou<\/p>\n<p style=\"text-align: center;\">\u00a0\u00a0\u00a0\u00a0\u00a0\u00a0\u00a0\u00a0\u00a0 \u00a0 Sticky rice in bamboo pipe<\/p>\n<p style=\"text-align: center;\">\n<p style=\"text-align: center;\"><strong>C\u01a1m tr\u1eafng 35,000<\/strong><\/p>\n<p style=\"text-align: center;\">Riz blanc<\/p>\n<p style=\"text-align: center;\">Steamed rice<\/p>\n","protected":false},"excerpt":{"rendered":"<p>Vietnamese traditional food M\u00f3n truy\u1ec1n th\u1ed1ng Vi\u1ec7t Price : VND Nem rau r\u00e1n \/\u00a0 79,000 6 nems aux l\u00e9gumes frit 6 fried vegetarian spring rolls Nem Sapa \/\u00a0 89,000 6 nems de poulet et l\u00e9gumes frit 6 fried spring rolls of chicken and vegetables S\u00fap g\u00e0 n\u1ea5m \/\u00a0 95,000 Soupe de poulet avec champignons de&hellip; <a class=\"more-link\" href=\"https:\/\/legeckosapa.com\/vn\/vietnamese-traditional-food-2\">Continue reading <span class=\"screen-reader-text\">Vietnamese Traditional Food<\/span><\/a><\/p>\n","protected":false},"author":1,"featured_media":0,"parent":0,"menu_order":0,"comment_status":"closed","ping_status":"closed","template":"","meta":{"footnotes":""},"class_list":["post-314","page","type-page","status-publish","hentry","entry"],"yoast_head":"<!-- This site is optimized with the Yoast SEO plugin v21.1 - https:\/\/yoast.com\/wordpress\/plugins\/seo\/ -->\n<title>Vietnamese Traditional Food - Le Gecko Sapa<\/title>\n<meta name=\"robots\" content=\"index, follow, max-snippet:-1, max-image-preview:large, max-video-preview:-1\" \/>\n<link rel=\"canonical\" href=\"https:\/\/legeckosapa.com\/vn\/vietnamese-traditional-food-2\" \/>\n<meta property=\"og:locale\" content=\"en_US\" \/>\n<meta property=\"og:type\" content=\"article\" \/>\n<meta property=\"og:title\" content=\"Vietnamese Traditional Food - Le Gecko Sapa\" \/>\n<meta property=\"og:description\" content=\"Vietnamese traditional food M\u00f3n truy\u1ec1n th\u1ed1ng Vi\u1ec7t Price : VND Nem rau r\u00e1n \/\u00a0 79,000 6 nems aux l\u00e9gumes frit 6 fried vegetarian spring rolls Nem Sapa \/\u00a0 89,000 6 nems de poulet et l\u00e9gumes frit 6 fried spring rolls of chicken and vegetables S\u00fap g\u00e0 n\u1ea5m \/\u00a0 95,000 Soupe de poulet avec champignons de&hellip; Continue reading Vietnamese Traditional Food\" \/>\n<meta property=\"og:url\" content=\"https:\/\/legeckosapa.com\/vn\/vietnamese-traditional-food-2\" \/>\n<meta property=\"og:site_name\" content=\"Le Gecko Sapa\" \/>\n<meta property=\"article:modified_time\" content=\"2023-09-28T09:14:32+00:00\" \/>\n<meta name=\"twitter:card\" content=\"summary_large_image\" \/>\n<meta name=\"twitter:label1\" content=\"Est. reading time\" \/>\n\t<meta name=\"twitter:data1\" content=\"2 minutes\" \/>\n<script type=\"application\/ld+json\" class=\"yoast-schema-graph\">{\"@context\":\"https:\/\/schema.org\",\"@graph\":[{\"@type\":\"WebPage\",\"@id\":\"https:\/\/legeckosapa.com\/vn\/vietnamese-traditional-food-2\",\"url\":\"https:\/\/legeckosapa.com\/vn\/vietnamese-traditional-food-2\",\"name\":\"Vietnamese Traditional Food - Le Gecko Sapa\",\"isPartOf\":{\"@id\":\"https:\/\/legeckosapa.com\/vn\/#website\"},\"datePublished\":\"2023-09-28T08:18:08+00:00\",\"dateModified\":\"2023-09-28T09:14:32+00:00\",\"breadcrumb\":{\"@id\":\"https:\/\/legeckosapa.com\/vn\/vietnamese-traditional-food-2#breadcrumb\"},\"inLanguage\":\"en-US\",\"potentialAction\":[{\"@type\":\"ReadAction\",\"target\":[\"https:\/\/legeckosapa.com\/vn\/vietnamese-traditional-food-2\"]}]},{\"@type\":\"BreadcrumbList\",\"@id\":\"https:\/\/legeckosapa.com\/vn\/vietnamese-traditional-food-2#breadcrumb\",\"itemListElement\":[{\"@type\":\"ListItem\",\"position\":1,\"name\":\"Home\",\"item\":\"https:\/\/legeckosapa.com\/vn\"},{\"@type\":\"ListItem\",\"position\":2,\"name\":\"Vietnamese Traditional Food\"}]},{\"@type\":\"WebSite\",\"@id\":\"https:\/\/legeckosapa.com\/vn\/#website\",\"url\":\"https:\/\/legeckosapa.com\/vn\/\",\"name\":\"Le Gecko Sapa\",\"description\":\"\",\"publisher\":{\"@id\":\"https:\/\/legeckosapa.com\/vn\/#organization\"},\"potentialAction\":[{\"@type\":\"SearchAction\",\"target\":{\"@type\":\"EntryPoint\",\"urlTemplate\":\"https:\/\/legeckosapa.com\/vn\/?s={search_term_string}\"},\"query-input\":\"required name=search_term_string\"}],\"inLanguage\":\"en-US\"},{\"@type\":\"Organization\",\"@id\":\"https:\/\/legeckosapa.com\/vn\/#organization\",\"name\":\"Le Gecko Sapa\",\"url\":\"https:\/\/legeckosapa.com\/vn\/\",\"logo\":{\"@type\":\"ImageObject\",\"inLanguage\":\"en-US\",\"@id\":\"https:\/\/legeckosapa.com\/vn\/#\/schema\/logo\/image\/\",\"url\":\"https:\/\/legeckosapa.com\/vn\/wp-content\/uploads\/2023\/10\/cropped-cropped-LegeckoDualLogo512.png\",\"contentUrl\":\"https:\/\/legeckosapa.com\/vn\/wp-content\/uploads\/2023\/10\/cropped-cropped-LegeckoDualLogo512.png\",\"width\":512,\"height\":171,\"caption\":\"Le Gecko Sapa\"},\"image\":{\"@id\":\"https:\/\/legeckosapa.com\/vn\/#\/schema\/logo\/image\/\"}}]}<\/script>\n<!-- \/ Yoast SEO plugin. -->","yoast_head_json":{"title":"Vietnamese Traditional Food - Le Gecko Sapa","robots":{"index":"index","follow":"follow","max-snippet":"max-snippet:-1","max-image-preview":"max-image-preview:large","max-video-preview":"max-video-preview:-1"},"canonical":"https:\/\/legeckosapa.com\/vn\/vietnamese-traditional-food-2","og_locale":"en_US","og_type":"article","og_title":"Vietnamese Traditional Food - Le Gecko Sapa","og_description":"Vietnamese traditional food M\u00f3n truy\u1ec1n th\u1ed1ng Vi\u1ec7t Price : VND Nem rau r\u00e1n \/\u00a0 79,000 6 nems aux l\u00e9gumes frit 6 fried vegetarian spring rolls Nem Sapa \/\u00a0 89,000 6 nems de poulet et l\u00e9gumes frit 6 fried spring rolls of chicken and vegetables S\u00fap g\u00e0 n\u1ea5m \/\u00a0 95,000 Soupe de poulet avec champignons de&hellip; Continue reading Vietnamese Traditional Food","og_url":"https:\/\/legeckosapa.com\/vn\/vietnamese-traditional-food-2","og_site_name":"Le Gecko Sapa","article_modified_time":"2023-09-28T09:14:32+00:00","twitter_card":"summary_large_image","twitter_misc":{"Est. reading time":"2 minutes"},"schema":{"@context":"https:\/\/schema.org","@graph":[{"@type":"WebPage","@id":"https:\/\/legeckosapa.com\/vn\/vietnamese-traditional-food-2","url":"https:\/\/legeckosapa.com\/vn\/vietnamese-traditional-food-2","name":"Vietnamese Traditional Food - Le Gecko Sapa","isPartOf":{"@id":"https:\/\/legeckosapa.com\/vn\/#website"},"datePublished":"2023-09-28T08:18:08+00:00","dateModified":"2023-09-28T09:14:32+00:00","breadcrumb":{"@id":"https:\/\/legeckosapa.com\/vn\/vietnamese-traditional-food-2#breadcrumb"},"inLanguage":"en-US","potentialAction":[{"@type":"ReadAction","target":["https:\/\/legeckosapa.com\/vn\/vietnamese-traditional-food-2"]}]},{"@type":"BreadcrumbList","@id":"https:\/\/legeckosapa.com\/vn\/vietnamese-traditional-food-2#breadcrumb","itemListElement":[{"@type":"ListItem","position":1,"name":"Home","item":"https:\/\/legeckosapa.com\/vn"},{"@type":"ListItem","position":2,"name":"Vietnamese Traditional Food"}]},{"@type":"WebSite","@id":"https:\/\/legeckosapa.com\/vn\/#website","url":"https:\/\/legeckosapa.com\/vn\/","name":"Le Gecko Sapa","description":"","publisher":{"@id":"https:\/\/legeckosapa.com\/vn\/#organization"},"potentialAction":[{"@type":"SearchAction","target":{"@type":"EntryPoint","urlTemplate":"https:\/\/legeckosapa.com\/vn\/?s={search_term_string}"},"query-input":"required name=search_term_string"}],"inLanguage":"en-US"},{"@type":"Organization","@id":"https:\/\/legeckosapa.com\/vn\/#organization","name":"Le Gecko Sapa","url":"https:\/\/legeckosapa.com\/vn\/","logo":{"@type":"ImageObject","inLanguage":"en-US","@id":"https:\/\/legeckosapa.com\/vn\/#\/schema\/logo\/image\/","url":"https:\/\/legeckosapa.com\/vn\/wp-content\/uploads\/2023\/10\/cropped-cropped-LegeckoDualLogo512.png","contentUrl":"https:\/\/legeckosapa.com\/vn\/wp-content\/uploads\/2023\/10\/cropped-cropped-LegeckoDualLogo512.png","width":512,"height":171,"caption":"Le Gecko Sapa"},"image":{"@id":"https:\/\/legeckosapa.com\/vn\/#\/schema\/logo\/image\/"}}]}},"_links":{"self":[{"href":"https:\/\/legeckosapa.com\/vn\/wp-json\/wp\/v2\/pages\/314","targetHints":{"allow":["GET"]}}],"collection":[{"href":"https:\/\/legeckosapa.com\/vn\/wp-json\/wp\/v2\/pages"}],"about":[{"href":"https:\/\/legeckosapa.com\/vn\/wp-json\/wp\/v2\/types\/page"}],"author":[{"embeddable":true,"href":"https:\/\/legeckosapa.com\/vn\/wp-json\/wp\/v2\/users\/1"}],"replies":[{"embeddable":true,"href":"https:\/\/legeckosapa.com\/vn\/wp-json\/wp\/v2\/comments?post=314"}],"version-history":[{"count":3,"href":"https:\/\/legeckosapa.com\/vn\/wp-json\/wp\/v2\/pages\/314\/revisions"}],"predecessor-version":[{"id":350,"href":"https:\/\/legeckosapa.com\/vn\/wp-json\/wp\/v2\/pages\/314\/revisions\/350"}],"wp:attachment":[{"href":"https:\/\/legeckosapa.com\/vn\/wp-json\/wp\/v2\/media?parent=314"}],"curies":[{"name":"wp","href":"https:\/\/api.w.org\/{rel}","templated":true}]}}