{"id":311,"date":"2023-09-28T08:18:07","date_gmt":"2023-09-28T08:18:07","guid":{"rendered":"https:\/\/legeckosapa.com\/?page_id=311"},"modified":"2023-09-28T09:39:46","modified_gmt":"2023-09-28T09:39:46","slug":"snack-sandwich-2","status":"publish","type":"page","link":"https:\/\/legeckosapa.com\/vn\/snack-sandwich-2","title":{"rendered":"Snack &#038; Sandwich"},"content":{"rendered":"<p style=\"text-align: center;\"><em><span style=\"color: #000000; font-size: 14pt;\"><span style=\"color: #ff9900;\">Price: VND<\/span><\/span><\/em><\/p>\n<p style=\"text-align: center;\"><strong>( Baguette )<\/strong><\/p>\n<p style=\"text-align: center;\"><strong>Assiette de frites \/ 69,000<\/strong><\/p>\n<p style=\"text-align: center;\">French fries<\/p>\n<p>&nbsp;<\/p>\n<p style=\"text-align: center;\"><strong>Bruschetta \/ 49,000<\/strong><\/p>\n<p style=\"text-align: center;\">Pain \u00e0 l&#8217;ail. Garlic bread<\/p>\n<p>&nbsp;<\/p>\n<p style=\"text-align: center;\"><strong>Bruschetta Toscana \/ 75,000\u00a0\u00a0\u00a0 <\/strong><\/p>\n<p style=\"text-align: center;\">Pain \u00e0 l&#8217;ail, tomates, olives noires, huile d&#8217;olive. Garlic bread, tomato, black olive, olive oil<\/p>\n<p>&nbsp;<\/p>\n<p style=\"text-align: center;\"><strong>Croque Monsieur \/ 89,000\u00a0\u00a0 <\/strong><\/p>\n<p style=\"text-align: center;\">Jambon grill\u00e9 au fromage, salade mixte. Toasted ham, cheese, mixed salad<\/p>\n<p>&nbsp;<\/p>\n<p style=\"text-align: center;\"><strong>Croque Madame \/ 99,000\u00a0\u00a0 <\/strong><\/p>\n<p style=\"text-align: center;\">Jambon grill\u00e9 au fromage \u00a0avec oeuf plat, salade mixte<\/p>\n<p style=\"text-align: center;\">Toasted ham, cheese with fried egg, mixed salad<\/p>\n<p>&nbsp;<\/p>\n<p style=\"text-align: center;\"><strong>Sandwich au choix de \/ 89,000<\/strong><\/p>\n<p style=\"text-align: center;\">V\u00e9g\u00e9tarien\/Poulet\/Jambon &amp; Fromage. Choice of vegetarian cheese \/chicken\/ham<em>\u00a0 <\/em><\/p>\n<p>&nbsp;<\/p>\n<p style=\"text-align: center;\"><strong>Sandwich BLT \/ 89,000\u00a0\u00a0\u00a0 <\/strong><\/p>\n<p style=\"text-align: center;\">Bacon, laitue, tomate, sauce mayonnaise. Bacon, lettuce, tomato, mayonnaise sauce<\/p>\n<p>&nbsp;<\/p>\n<p style=\"text-align: center;\"><strong>Sandwich take away \/ 119,000\u00a0\u00a0 <\/strong><\/p>\n<p style=\"text-align: center;\">Sandwich de poulet ou jambon et fromage ou v\u00e9g\u00e9tarien, eau min\u00e9rale et fruits frais<\/p>\n<p style=\"text-align: center;\">Sandwich of chicken or ham and cheese or vegetables with mineral water and fresh fruits<\/p>\n","protected":false},"excerpt":{"rendered":"<p>Price: VND ( Baguette ) Assiette de frites \/ 69,000 French fries &nbsp; Bruschetta \/ 49,000 Pain \u00e0 l&#8217;ail. Garlic bread &nbsp; Bruschetta Toscana \/ 75,000\u00a0\u00a0\u00a0 Pain \u00e0 l&#8217;ail, tomates, olives noires, huile d&#8217;olive. Garlic bread, tomato, black olive, olive oil &nbsp; Croque Monsieur \/ 89,000\u00a0\u00a0 Jambon grill\u00e9 au fromage, salade mixte. Toasted ham, cheese,&hellip; <a class=\"more-link\" href=\"https:\/\/legeckosapa.com\/vn\/snack-sandwich-2\">Continue reading <span class=\"screen-reader-text\">Snack &#038; Sandwich<\/span><\/a><\/p>\n","protected":false},"author":1,"featured_media":0,"parent":0,"menu_order":0,"comment_status":"closed","ping_status":"closed","template":"","meta":{"footnotes":""},"class_list":["post-311","page","type-page","status-publish","hentry","entry"],"yoast_head":"<!-- This site is optimized with the Yoast SEO plugin v21.1 - https:\/\/yoast.com\/wordpress\/plugins\/seo\/ -->\n<title>Snack &amp; Sandwich - Le Gecko Sapa<\/title>\n<meta name=\"robots\" content=\"index, follow, max-snippet:-1, max-image-preview:large, max-video-preview:-1\" \/>\n<link rel=\"canonical\" href=\"https:\/\/legeckosapa.com\/vn\/snack-sandwich-2\" \/>\n<meta property=\"og:locale\" content=\"en_US\" \/>\n<meta property=\"og:type\" content=\"article\" \/>\n<meta property=\"og:title\" content=\"Snack &amp; Sandwich - Le Gecko Sapa\" \/>\n<meta property=\"og:description\" content=\"Price: VND ( Baguette ) Assiette de frites \/ 69,000 French fries &nbsp; Bruschetta \/ 49,000 Pain \u00e0 l&#8217;ail. Garlic bread &nbsp; Bruschetta Toscana \/ 75,000\u00a0\u00a0\u00a0 Pain \u00e0 l&#8217;ail, tomates, olives noires, huile d&#8217;olive. Garlic bread, tomato, black olive, olive oil &nbsp; Croque Monsieur \/ 89,000\u00a0\u00a0 Jambon grill\u00e9 au fromage, salade mixte. Toasted ham, cheese,&hellip; Continue reading Snack &#038; Sandwich\" \/>\n<meta property=\"og:url\" content=\"https:\/\/legeckosapa.com\/vn\/snack-sandwich-2\" \/>\n<meta property=\"og:site_name\" content=\"Le Gecko Sapa\" \/>\n<meta property=\"article:modified_time\" content=\"2023-09-28T09:39:46+00:00\" \/>\n<meta name=\"twitter:card\" content=\"summary_large_image\" \/>\n<meta name=\"twitter:label1\" content=\"Est. reading time\" \/>\n\t<meta name=\"twitter:data1\" content=\"1 minute\" \/>\n<script type=\"application\/ld+json\" class=\"yoast-schema-graph\">{\"@context\":\"https:\/\/schema.org\",\"@graph\":[{\"@type\":\"WebPage\",\"@id\":\"https:\/\/legeckosapa.com\/vn\/snack-sandwich-2\",\"url\":\"https:\/\/legeckosapa.com\/vn\/snack-sandwich-2\",\"name\":\"Snack & Sandwich - Le Gecko Sapa\",\"isPartOf\":{\"@id\":\"https:\/\/legeckosapa.com\/vn\/#website\"},\"datePublished\":\"2023-09-28T08:18:07+00:00\",\"dateModified\":\"2023-09-28T09:39:46+00:00\",\"breadcrumb\":{\"@id\":\"https:\/\/legeckosapa.com\/vn\/snack-sandwich-2#breadcrumb\"},\"inLanguage\":\"en-US\",\"potentialAction\":[{\"@type\":\"ReadAction\",\"target\":[\"https:\/\/legeckosapa.com\/vn\/snack-sandwich-2\"]}]},{\"@type\":\"BreadcrumbList\",\"@id\":\"https:\/\/legeckosapa.com\/vn\/snack-sandwich-2#breadcrumb\",\"itemListElement\":[{\"@type\":\"ListItem\",\"position\":1,\"name\":\"Home\",\"item\":\"https:\/\/legeckosapa.com\/vn\"},{\"@type\":\"ListItem\",\"position\":2,\"name\":\"Snack &#038; Sandwich\"}]},{\"@type\":\"WebSite\",\"@id\":\"https:\/\/legeckosapa.com\/vn\/#website\",\"url\":\"https:\/\/legeckosapa.com\/vn\/\",\"name\":\"Le Gecko Sapa\",\"description\":\"\",\"publisher\":{\"@id\":\"https:\/\/legeckosapa.com\/vn\/#organization\"},\"potentialAction\":[{\"@type\":\"SearchAction\",\"target\":{\"@type\":\"EntryPoint\",\"urlTemplate\":\"https:\/\/legeckosapa.com\/vn\/?s={search_term_string}\"},\"query-input\":\"required name=search_term_string\"}],\"inLanguage\":\"en-US\"},{\"@type\":\"Organization\",\"@id\":\"https:\/\/legeckosapa.com\/vn\/#organization\",\"name\":\"Le Gecko Sapa\",\"url\":\"https:\/\/legeckosapa.com\/vn\/\",\"logo\":{\"@type\":\"ImageObject\",\"inLanguage\":\"en-US\",\"@id\":\"https:\/\/legeckosapa.com\/vn\/#\/schema\/logo\/image\/\",\"url\":\"https:\/\/legeckosapa.com\/vn\/wp-content\/uploads\/2023\/10\/cropped-cropped-LegeckoDualLogo512.png\",\"contentUrl\":\"https:\/\/legeckosapa.com\/vn\/wp-content\/uploads\/2023\/10\/cropped-cropped-LegeckoDualLogo512.png\",\"width\":512,\"height\":171,\"caption\":\"Le Gecko Sapa\"},\"image\":{\"@id\":\"https:\/\/legeckosapa.com\/vn\/#\/schema\/logo\/image\/\"}}]}<\/script>\n<!-- \/ Yoast SEO plugin. -->","yoast_head_json":{"title":"Snack & Sandwich - Le Gecko Sapa","robots":{"index":"index","follow":"follow","max-snippet":"max-snippet:-1","max-image-preview":"max-image-preview:large","max-video-preview":"max-video-preview:-1"},"canonical":"https:\/\/legeckosapa.com\/vn\/snack-sandwich-2","og_locale":"en_US","og_type":"article","og_title":"Snack & Sandwich - Le Gecko Sapa","og_description":"Price: VND ( Baguette ) Assiette de frites \/ 69,000 French fries &nbsp; Bruschetta \/ 49,000 Pain \u00e0 l&#8217;ail. Garlic bread &nbsp; Bruschetta Toscana \/ 75,000\u00a0\u00a0\u00a0 Pain \u00e0 l&#8217;ail, tomates, olives noires, huile d&#8217;olive. Garlic bread, tomato, black olive, olive oil &nbsp; Croque Monsieur \/ 89,000\u00a0\u00a0 Jambon grill\u00e9 au fromage, salade mixte. Toasted ham, cheese,&hellip; Continue reading Snack &#038; Sandwich","og_url":"https:\/\/legeckosapa.com\/vn\/snack-sandwich-2","og_site_name":"Le Gecko Sapa","article_modified_time":"2023-09-28T09:39:46+00:00","twitter_card":"summary_large_image","twitter_misc":{"Est. reading time":"1 minute"},"schema":{"@context":"https:\/\/schema.org","@graph":[{"@type":"WebPage","@id":"https:\/\/legeckosapa.com\/vn\/snack-sandwich-2","url":"https:\/\/legeckosapa.com\/vn\/snack-sandwich-2","name":"Snack & Sandwich - Le Gecko Sapa","isPartOf":{"@id":"https:\/\/legeckosapa.com\/vn\/#website"},"datePublished":"2023-09-28T08:18:07+00:00","dateModified":"2023-09-28T09:39:46+00:00","breadcrumb":{"@id":"https:\/\/legeckosapa.com\/vn\/snack-sandwich-2#breadcrumb"},"inLanguage":"en-US","potentialAction":[{"@type":"ReadAction","target":["https:\/\/legeckosapa.com\/vn\/snack-sandwich-2"]}]},{"@type":"BreadcrumbList","@id":"https:\/\/legeckosapa.com\/vn\/snack-sandwich-2#breadcrumb","itemListElement":[{"@type":"ListItem","position":1,"name":"Home","item":"https:\/\/legeckosapa.com\/vn"},{"@type":"ListItem","position":2,"name":"Snack &#038; Sandwich"}]},{"@type":"WebSite","@id":"https:\/\/legeckosapa.com\/vn\/#website","url":"https:\/\/legeckosapa.com\/vn\/","name":"Le Gecko Sapa","description":"","publisher":{"@id":"https:\/\/legeckosapa.com\/vn\/#organization"},"potentialAction":[{"@type":"SearchAction","target":{"@type":"EntryPoint","urlTemplate":"https:\/\/legeckosapa.com\/vn\/?s={search_term_string}"},"query-input":"required name=search_term_string"}],"inLanguage":"en-US"},{"@type":"Organization","@id":"https:\/\/legeckosapa.com\/vn\/#organization","name":"Le Gecko Sapa","url":"https:\/\/legeckosapa.com\/vn\/","logo":{"@type":"ImageObject","inLanguage":"en-US","@id":"https:\/\/legeckosapa.com\/vn\/#\/schema\/logo\/image\/","url":"https:\/\/legeckosapa.com\/vn\/wp-content\/uploads\/2023\/10\/cropped-cropped-LegeckoDualLogo512.png","contentUrl":"https:\/\/legeckosapa.com\/vn\/wp-content\/uploads\/2023\/10\/cropped-cropped-LegeckoDualLogo512.png","width":512,"height":171,"caption":"Le Gecko Sapa"},"image":{"@id":"https:\/\/legeckosapa.com\/vn\/#\/schema\/logo\/image\/"}}]}},"_links":{"self":[{"href":"https:\/\/legeckosapa.com\/vn\/wp-json\/wp\/v2\/pages\/311","targetHints":{"allow":["GET"]}}],"collection":[{"href":"https:\/\/legeckosapa.com\/vn\/wp-json\/wp\/v2\/pages"}],"about":[{"href":"https:\/\/legeckosapa.com\/vn\/wp-json\/wp\/v2\/types\/page"}],"author":[{"embeddable":true,"href":"https:\/\/legeckosapa.com\/vn\/wp-json\/wp\/v2\/users\/1"}],"replies":[{"embeddable":true,"href":"https:\/\/legeckosapa.com\/vn\/wp-json\/wp\/v2\/comments?post=311"}],"version-history":[{"count":4,"href":"https:\/\/legeckosapa.com\/vn\/wp-json\/wp\/v2\/pages\/311\/revisions"}],"predecessor-version":[{"id":359,"href":"https:\/\/legeckosapa.com\/vn\/wp-json\/wp\/v2\/pages\/311\/revisions\/359"}],"wp:attachment":[{"href":"https:\/\/legeckosapa.com\/vn\/wp-json\/wp\/v2\/media?parent=311"}],"curies":[{"name":"wp","href":"https:\/\/api.w.org\/{rel}","templated":true}]}}