{"id":265,"date":"2023-09-26T16:08:13","date_gmt":"2023-09-26T16:08:13","guid":{"rendered":"https:\/\/legeckosapa.com\/?page_id=265"},"modified":"2023-09-26T17:36:45","modified_gmt":"2023-09-26T17:36:45","slug":"vegetarian-dishes","status":"publish","type":"page","link":"https:\/\/legeckosapa.com\/vn\/vegetarian-dishes","title":{"rendered":"Vegetarian Dishes"},"content":{"rendered":"<p style=\"text-align: center;\"><span style=\"color: #ff9900; font-size: 18pt;\"><strong>Local vegetarian dishes <\/strong><strong>\u201cOrganic vegetables\u201d<\/strong><\/span><\/p>\n<p style=\"text-align: center;\"><em>Plats vietnamiens v\u00e9g\u00e9tariens\u00a0\u00a0<\/em><\/p>\n<p style=\"text-align: center;\">\n<p style=\"text-align: center;\"><strong>Soupe de nouilles de riz ou de bl\u00e9 et l\u00e9gumes \/\u00a069<\/strong><strong>,000<\/strong><\/p>\n<p style=\"text-align: center;\">Rice noodle soup with vegetable or wheat noodle soup with vegetables<\/p>\n<p style=\"text-align: center;\">Ph\u1edf n\u01b0\u1edbc rau ho\u1eb7c m\u1ef3 n\u01b0\u1edbc rau<\/p>\n<p style=\"text-align: center;\"><strong>Nems v\u00e9g\u00e9tariens frits \/\u00a089,000<\/strong><\/p>\n<p style=\"text-align: center;\">Fried vegetarian spring rolls<\/p>\n<p style=\"text-align: center;\">Nem chay r\u00e1n<\/p>\n<p style=\"text-align: center;\"><strong>Curry d\u2019aubergine servis avec de riz \/ 109,000<\/strong><\/p>\n<p style=\"text-align: center;\">Eggplant curry. Served with rice<\/p>\n<p style=\"text-align: center;\">C\u00e0 t\u00edm c\u00e0 ri \u0103n k\u00e8m c\u01a1m tr\u1eafng<\/p>\n<p>&nbsp;<\/p>\n<p style=\"text-align: center;\"><strong>Sauteed susu (Special vegetable of Sapa) with garlic. Served with steamed rice \/\u00a099,000\u00a0\u00a0\u00a0\u00a0\u00a0\u00a0\u00a0\u00a0\u00a0\u00a0\u00a0\u00a0\u00a0 \u00a0\u00a0\u00a0\u00a0\u00a0\u00a0\u00a0\u00a0\u00a0\u00a0\u00a0\u00a0\u00a0\u00a0\u00a0\u00a0\u00a0\u00a0\u00a0\u00a0\u00a0\u00a0\u00a0\u00a0\u00a0\u00a0\u00a0\u00a0\u00a0\u00a0\u00a0\u00a0\u00a0\u00a0\u00a0\u00a0\u00a0\u00a0\u00a0\u00a0\u00a0\u00a0\u00a0\u00a0\u00a0\u00a0\u00a0\u00a0\u00a0\u00a0\u00a0\u00a0\u00a0\u00a0\u00a0\u00a0\u00a0\u00a0\u00a0\u00a0\u00a0\u00a0\u00a0\u00a0\u00a0\u00a0\u00a0\u00a0\u00a0\u00a0\u00a0\u00a0\u00a0\u00a0\u00a0\u00a0\u00a0\u00a0\u00a0\u00a0\u00a0\u00a0\u00a0\u00a0\u00a0\u00a0\u00a0\u00a0\u00a0\u00a0\u00a0\u00a0\u00a0\u00a0\u00a0<\/strong><\/p>\n<p style=\"text-align: center;\">Susu (l\u00e9gumes sp\u00e9cialit\u00e9 de Sapa) saut\u00e9 \u00e0 l\u2019ail.\u00a0 Servis avec du riz<\/p>\n<p style=\"text-align: center;\">Qu\u1ea3 su su Sapa x\u00e0o t\u1ecfi \u0103n k\u00e8m c\u01a1m tr\u1eafng<\/p>\n<p>&nbsp;<\/p>\n<p style=\"text-align: center;\"><strong>Tofu grill\u00e9 \u00e0 la citronnelle et sauce soja. Servi avec du riz vapeur \/\u00a0119,000<\/strong><\/p>\n<p style=\"text-align: center;\">Grilled tofu with lemongrass and soy sauce. Served with steamed rice<\/p>\n<p style=\"text-align: center;\">\u0110\u1eadu ph\u1ee5 n\u01b0\u1edbng x\u00ec d\u1ea7u v\u00e0 s\u1ea3. \u0102n k\u00e8m v\u1edbi c\u01a1m<\/p>\n<p>&nbsp;<\/p>\n<p style=\"text-align: center;\"><strong>Nouilles &amp; tofu frits \/\u00a0119,000<\/strong><\/p>\n<p style=\"text-align: center;\">Noodles &amp; fried tofu<\/p>\n<p style=\"text-align: center;\">\u00a0\u00a0\u00a0\u00a0\u00a0\u00a0\u00a0\u00a0\u00a0\u00a0\u00a0\u00a0\u00a0\u00a0\u00a0 B\u00fan \u0111\u1eadu<\/p>\n<p style=\"text-align: center;\"><strong>Nouilles &amp; nems v\u00e9g\u00e9tariens \/\u00a0 119,000<\/strong><\/p>\n<p style=\"text-align: center;\">Noodles &amp; vegetarian spring rolls<\/p>\n<p style=\"text-align: center;\">B\u00fan nem chay<\/p>\n<p style=\"text-align: center;\"><strong>\u00a0<\/strong><\/p>\n<p style=\"text-align: center;\"><strong>Riz dans bamboo \/\u00a055,000<\/strong><\/p>\n<p style=\"text-align: center;\">Sticky rice in bamboo<\/p>\n<p style=\"text-align: center;\">C\u01a1m lam<\/p>\n<p>&nbsp;<\/p>\n<p style=\"text-align: center;\"><span style=\"font-size: 24pt; color: #ff9900;\"><strong>Western Vegetarian Dishes<\/strong><\/span><\/p>\n<p style=\"text-align: center;\"><em>Plats V\u00e9g\u00e9tariens Occidentaux<\/em><\/p>\n<p style=\"text-align: center;\"><strong>Burger vegetarian \/ 139,000<\/strong><\/p>\n<p style=\"text-align: center;\"><strong>\u00a0<\/strong>Mushrooms, onion, salad,Eggplant, green pepper, oninion, zuccini, mushroom, cheese<\/p>\n<p>&nbsp;<\/p>\n<p style=\"text-align: center;\"><strong>Spaghetty vegetarian \/\u00a0<\/strong>\u00a0<strong>179,000<\/strong><\/p>\n<p style=\"text-align: center;\">Spaghetti, tomato sauce, mushroom\/M\u1ef3 spaghetti chay<\/p>\n<p>&nbsp;<\/p>\n<p style=\"text-align: center;\"><strong>Pizza vegetarian \/\u00a0255,000<\/strong><\/p>\n<p style=\"text-align: center;\">\u00a0\u00a0\u00a0\u00a0\u00a0\u00a0\u00a0\u00a0\u00a0\u00a0\u00a0\u00a0\u00a0 Tomato, mozzarella, onion, eggplant, green pepper, mushroom, black olive<\/p>\n<p style=\"text-align: center;\">Pizza chay<\/p>\n","protected":false},"excerpt":{"rendered":"<p>Local vegetarian dishes \u201cOrganic vegetables\u201d Plats vietnamiens v\u00e9g\u00e9tariens\u00a0\u00a0 Soupe de nouilles de riz ou de bl\u00e9 et l\u00e9gumes \/\u00a069,000 Rice noodle soup with vegetable or wheat noodle soup with vegetables Ph\u1edf n\u01b0\u1edbc rau ho\u1eb7c m\u1ef3 n\u01b0\u1edbc rau Nems v\u00e9g\u00e9tariens frits \/\u00a089,000 Fried vegetarian spring rolls Nem chay r\u00e1n Curry d\u2019aubergine servis avec de riz \/&hellip; <a class=\"more-link\" href=\"https:\/\/legeckosapa.com\/vn\/vegetarian-dishes\">Continue reading <span class=\"screen-reader-text\">Vegetarian Dishes<\/span><\/a><\/p>\n","protected":false},"author":1,"featured_media":0,"parent":0,"menu_order":0,"comment_status":"closed","ping_status":"closed","template":"","meta":{"footnotes":""},"class_list":["post-265","page","type-page","status-publish","hentry","entry"],"yoast_head":"<!-- This site is optimized with the Yoast SEO plugin v21.1 - https:\/\/yoast.com\/wordpress\/plugins\/seo\/ -->\n<title>Vegetarian Dishes - Le Gecko Sapa<\/title>\n<meta name=\"robots\" content=\"index, follow, max-snippet:-1, max-image-preview:large, max-video-preview:-1\" \/>\n<link rel=\"canonical\" href=\"https:\/\/legeckosapa.com\/vn\/vegetarian-dishes\" \/>\n<meta property=\"og:locale\" content=\"en_US\" \/>\n<meta property=\"og:type\" content=\"article\" \/>\n<meta property=\"og:title\" content=\"Vegetarian Dishes - Le Gecko Sapa\" \/>\n<meta property=\"og:description\" content=\"Local vegetarian dishes \u201cOrganic vegetables\u201d Plats vietnamiens v\u00e9g\u00e9tariens\u00a0\u00a0 Soupe de nouilles de riz ou de bl\u00e9 et l\u00e9gumes \/\u00a069,000 Rice noodle soup with vegetable or wheat noodle soup with vegetables Ph\u1edf n\u01b0\u1edbc rau ho\u1eb7c m\u1ef3 n\u01b0\u1edbc rau Nems v\u00e9g\u00e9tariens frits \/\u00a089,000 Fried vegetarian spring rolls Nem chay r\u00e1n Curry d\u2019aubergine servis avec de riz \/&hellip; Continue reading Vegetarian Dishes\" \/>\n<meta property=\"og:url\" content=\"https:\/\/legeckosapa.com\/vn\/vegetarian-dishes\" \/>\n<meta property=\"og:site_name\" content=\"Le Gecko Sapa\" \/>\n<meta property=\"article:modified_time\" content=\"2023-09-26T17:36:45+00:00\" \/>\n<meta name=\"twitter:card\" content=\"summary_large_image\" \/>\n<meta name=\"twitter:label1\" content=\"Est. reading time\" \/>\n\t<meta name=\"twitter:data1\" content=\"1 minute\" \/>\n<script type=\"application\/ld+json\" class=\"yoast-schema-graph\">{\"@context\":\"https:\/\/schema.org\",\"@graph\":[{\"@type\":\"WebPage\",\"@id\":\"https:\/\/legeckosapa.com\/vn\/vegetarian-dishes\",\"url\":\"https:\/\/legeckosapa.com\/vn\/vegetarian-dishes\",\"name\":\"Vegetarian Dishes - Le Gecko Sapa\",\"isPartOf\":{\"@id\":\"https:\/\/legeckosapa.com\/vn\/#website\"},\"datePublished\":\"2023-09-26T16:08:13+00:00\",\"dateModified\":\"2023-09-26T17:36:45+00:00\",\"breadcrumb\":{\"@id\":\"https:\/\/legeckosapa.com\/vn\/vegetarian-dishes#breadcrumb\"},\"inLanguage\":\"en-US\",\"potentialAction\":[{\"@type\":\"ReadAction\",\"target\":[\"https:\/\/legeckosapa.com\/vn\/vegetarian-dishes\"]}]},{\"@type\":\"BreadcrumbList\",\"@id\":\"https:\/\/legeckosapa.com\/vn\/vegetarian-dishes#breadcrumb\",\"itemListElement\":[{\"@type\":\"ListItem\",\"position\":1,\"name\":\"Home\",\"item\":\"https:\/\/legeckosapa.com\/vn\"},{\"@type\":\"ListItem\",\"position\":2,\"name\":\"Vegetarian Dishes\"}]},{\"@type\":\"WebSite\",\"@id\":\"https:\/\/legeckosapa.com\/vn\/#website\",\"url\":\"https:\/\/legeckosapa.com\/vn\/\",\"name\":\"Le Gecko Sapa\",\"description\":\"\",\"publisher\":{\"@id\":\"https:\/\/legeckosapa.com\/vn\/#organization\"},\"potentialAction\":[{\"@type\":\"SearchAction\",\"target\":{\"@type\":\"EntryPoint\",\"urlTemplate\":\"https:\/\/legeckosapa.com\/vn\/?s={search_term_string}\"},\"query-input\":\"required name=search_term_string\"}],\"inLanguage\":\"en-US\"},{\"@type\":\"Organization\",\"@id\":\"https:\/\/legeckosapa.com\/vn\/#organization\",\"name\":\"Le Gecko Sapa\",\"url\":\"https:\/\/legeckosapa.com\/vn\/\",\"logo\":{\"@type\":\"ImageObject\",\"inLanguage\":\"en-US\",\"@id\":\"https:\/\/legeckosapa.com\/vn\/#\/schema\/logo\/image\/\",\"url\":\"https:\/\/legeckosapa.com\/vn\/wp-content\/uploads\/2023\/10\/cropped-cropped-LegeckoDualLogo512.png\",\"contentUrl\":\"https:\/\/legeckosapa.com\/vn\/wp-content\/uploads\/2023\/10\/cropped-cropped-LegeckoDualLogo512.png\",\"width\":512,\"height\":171,\"caption\":\"Le Gecko Sapa\"},\"image\":{\"@id\":\"https:\/\/legeckosapa.com\/vn\/#\/schema\/logo\/image\/\"}}]}<\/script>\n<!-- \/ Yoast SEO plugin. -->","yoast_head_json":{"title":"Vegetarian Dishes - Le Gecko Sapa","robots":{"index":"index","follow":"follow","max-snippet":"max-snippet:-1","max-image-preview":"max-image-preview:large","max-video-preview":"max-video-preview:-1"},"canonical":"https:\/\/legeckosapa.com\/vn\/vegetarian-dishes","og_locale":"en_US","og_type":"article","og_title":"Vegetarian Dishes - Le Gecko Sapa","og_description":"Local vegetarian dishes \u201cOrganic vegetables\u201d Plats vietnamiens v\u00e9g\u00e9tariens\u00a0\u00a0 Soupe de nouilles de riz ou de bl\u00e9 et l\u00e9gumes \/\u00a069,000 Rice noodle soup with vegetable or wheat noodle soup with vegetables Ph\u1edf n\u01b0\u1edbc rau ho\u1eb7c m\u1ef3 n\u01b0\u1edbc rau Nems v\u00e9g\u00e9tariens frits \/\u00a089,000 Fried vegetarian spring rolls Nem chay r\u00e1n Curry d\u2019aubergine servis avec de riz \/&hellip; Continue reading Vegetarian Dishes","og_url":"https:\/\/legeckosapa.com\/vn\/vegetarian-dishes","og_site_name":"Le Gecko Sapa","article_modified_time":"2023-09-26T17:36:45+00:00","twitter_card":"summary_large_image","twitter_misc":{"Est. reading time":"1 minute"},"schema":{"@context":"https:\/\/schema.org","@graph":[{"@type":"WebPage","@id":"https:\/\/legeckosapa.com\/vn\/vegetarian-dishes","url":"https:\/\/legeckosapa.com\/vn\/vegetarian-dishes","name":"Vegetarian Dishes - Le Gecko Sapa","isPartOf":{"@id":"https:\/\/legeckosapa.com\/vn\/#website"},"datePublished":"2023-09-26T16:08:13+00:00","dateModified":"2023-09-26T17:36:45+00:00","breadcrumb":{"@id":"https:\/\/legeckosapa.com\/vn\/vegetarian-dishes#breadcrumb"},"inLanguage":"en-US","potentialAction":[{"@type":"ReadAction","target":["https:\/\/legeckosapa.com\/vn\/vegetarian-dishes"]}]},{"@type":"BreadcrumbList","@id":"https:\/\/legeckosapa.com\/vn\/vegetarian-dishes#breadcrumb","itemListElement":[{"@type":"ListItem","position":1,"name":"Home","item":"https:\/\/legeckosapa.com\/vn"},{"@type":"ListItem","position":2,"name":"Vegetarian Dishes"}]},{"@type":"WebSite","@id":"https:\/\/legeckosapa.com\/vn\/#website","url":"https:\/\/legeckosapa.com\/vn\/","name":"Le Gecko Sapa","description":"","publisher":{"@id":"https:\/\/legeckosapa.com\/vn\/#organization"},"potentialAction":[{"@type":"SearchAction","target":{"@type":"EntryPoint","urlTemplate":"https:\/\/legeckosapa.com\/vn\/?s={search_term_string}"},"query-input":"required name=search_term_string"}],"inLanguage":"en-US"},{"@type":"Organization","@id":"https:\/\/legeckosapa.com\/vn\/#organization","name":"Le Gecko Sapa","url":"https:\/\/legeckosapa.com\/vn\/","logo":{"@type":"ImageObject","inLanguage":"en-US","@id":"https:\/\/legeckosapa.com\/vn\/#\/schema\/logo\/image\/","url":"https:\/\/legeckosapa.com\/vn\/wp-content\/uploads\/2023\/10\/cropped-cropped-LegeckoDualLogo512.png","contentUrl":"https:\/\/legeckosapa.com\/vn\/wp-content\/uploads\/2023\/10\/cropped-cropped-LegeckoDualLogo512.png","width":512,"height":171,"caption":"Le Gecko Sapa"},"image":{"@id":"https:\/\/legeckosapa.com\/vn\/#\/schema\/logo\/image\/"}}]}},"_links":{"self":[{"href":"https:\/\/legeckosapa.com\/vn\/wp-json\/wp\/v2\/pages\/265","targetHints":{"allow":["GET"]}}],"collection":[{"href":"https:\/\/legeckosapa.com\/vn\/wp-json\/wp\/v2\/pages"}],"about":[{"href":"https:\/\/legeckosapa.com\/vn\/wp-json\/wp\/v2\/types\/page"}],"author":[{"embeddable":true,"href":"https:\/\/legeckosapa.com\/vn\/wp-json\/wp\/v2\/users\/1"}],"replies":[{"embeddable":true,"href":"https:\/\/legeckosapa.com\/vn\/wp-json\/wp\/v2\/comments?post=265"}],"version-history":[{"count":3,"href":"https:\/\/legeckosapa.com\/vn\/wp-json\/wp\/v2\/pages\/265\/revisions"}],"predecessor-version":[{"id":298,"href":"https:\/\/legeckosapa.com\/vn\/wp-json\/wp\/v2\/pages\/265\/revisions\/298"}],"wp:attachment":[{"href":"https:\/\/legeckosapa.com\/vn\/wp-json\/wp\/v2\/media?parent=265"}],"curies":[{"name":"wp","href":"https:\/\/api.w.org\/{rel}","templated":true}]}}