{"id":264,"date":"2023-09-26T16:08:13","date_gmt":"2023-09-26T16:08:13","guid":{"rendered":"https:\/\/legeckosapa.com\/?page_id=264"},"modified":"2023-09-26T17:32:18","modified_gmt":"2023-09-26T17:32:18","slug":"petit-dejeuner-breakfast","status":"publish","type":"page","link":"https:\/\/legeckosapa.com\/vn\/petit-dejeuner-breakfast","title":{"rendered":"Petit D\u00e9jeuner \/ Breakfast"},"content":{"rendered":"<p style=\"text-align: center;\"><span style=\"font-size: 24pt; color: #ff9900;\"><strong>Petit D\u00e9jeuner<\/strong><\/span><\/p>\n<p style=\"text-align: center;\"><strong>Breakfast<\/strong><\/p>\n<p style=\"text-align: center;\"><strong>From 6.45 AM to 10.30 AM<\/strong><\/p>\n<p style=\"text-align: center;\">Caf\u00e9 Lavazza sera factur\u00e9 20.000 vnd plus pour le petit d\u00e9jeuner<\/p>\n<p style=\"text-align: center;\">Lavazza coffee requires an extra of 20.000 vnd<\/p>\n<p style=\"text-align: center;\">\n<p style=\"text-align: center;\"><strong>Petit-d\u00e9jeuner Fran\u00e7ais : Croisant avec caf\u00e9 ou th\u00e9 \/ 69,000<\/strong><\/p>\n<p style=\"text-align: center;\">French breakfast : Croisant with coffee or tea<\/p>\n<p style=\"text-align: center;\">\u0102n s\u00e1ng ki\u1ec3u Ph\u00e1p:B\u00e1nh s\u1eebng b\u00f2 v\u1edbi c\u00e0 ph\u00ea ho\u1eb7c tr\u00e0<\/p>\n<p style=\"text-align: center;\"><strong>\u00a0<\/strong><\/p>\n<p style=\"text-align: center;\"><strong>Petit d\u00e9jeuner Anglais\/English Breakfast \/ 139,000<\/strong><\/p>\n<p style=\"text-align: center;\">Oeufs au plat avec bacon, haricot, saucisson\u00a0 et caf\u00e9 ou th\u00e9. Servi avec toasts, beurre et confiture frais maison<\/p>\n<p style=\"text-align: center;\">Fried eggs ( Sunny side up or over easy ) with bacon, sausage, bean and English breakfast tea or coffee<\/p>\n<p style=\"text-align: center;\">\u0102n s\u00e1ng ki\u1ec3u Anh v\u1edbi tr\u00e0 ho\u1eb7c c\u00e0 ph\u00ea<\/p>\n<p style=\"text-align: center;\"><strong>\u00a0<\/strong><\/p>\n<p style=\"text-align: center;\"><strong>Pain chaud b<\/strong><strong>eurre<\/strong><strong> &amp; <\/strong><strong>confiture ou <\/strong><strong>b<\/strong><strong>eurre<\/strong><strong> &amp; fromage et <\/strong><strong>caf\u00e9 ou<\/strong> <strong>th\u00e9 \/ <\/strong><strong>79,000\u00a0\u00a0 <\/strong><\/p>\n<p style=\"text-align: center;\">Bread with butter &amp; homemade jam or butter&amp; cheese with coffee or tea<\/p>\n<p style=\"text-align: center;\">B\u00e1nh m\u1ef3 b\u01a1 m\u1ee9t v\u1edbi tr\u00e0 ho\u1eb7c c\u00e0 ph\u00ea<\/p>\n<p style=\"text-align: center;\"><strong>\u00a0<\/strong><\/p>\n<p style=\"text-align: center;\"><strong>Granolas \/ <\/strong><strong>99,000<\/strong><\/p>\n<p style=\"text-align: center;\">\u00a0\u00a0\u00a0\u00a0\u00a0\u00a0\u00a0\u00a0\u00a0 Granolas:oats,almonds, sun flower seeds, sesame, coconut, peanuts, honey<strong>,\u00a0\u00a0\u00a0\u00a0\u00a0\u00a0\u00a0\u00a0\u00a0\u00a0\u00a0\u00a0\u00a0\u00a0\u00a0\u00a0 <\/strong><\/p>\n<p style=\"text-align: center;\">\u00a0\u00a0\u00a0\u00a0\u00a0\u00a0\u00a0\u00a0\u00a0 raisins with seasonal fresh fruits &amp; no sugar yoghurt and tea or coffee<\/p>\n<p style=\"text-align: center;\">\u00a0\u00a0\u00a0\u00a0\u00a0\u00a0\u00a0\u00a0\u00a0 C\u00e1c lo\u1ea1i h\u1ea1t: y\u1ebfn m\u1ea1ch, h\u01b0\u1edbng d\u01b0\u01a1ng, h\u1ea1t b\u00ed, s\u1eefa chua kh\u00f4ng \u0111\u01b0\u1eddng v\u1edbi tr\u00e0 ho\u1eb7c c\u00e0 ph\u00ea<\/p>\n<p style=\"text-align: center;\"><strong>\u00a0<\/strong><\/p>\n<p style=\"text-align: center;\"><strong>Cr\u00eapes avec bananes &amp; sauce au chocolat ou au miel et <\/strong><strong>caf\u00e9 ou th\u00e9 \/ <\/strong><strong>99,000<\/strong><\/p>\n<p style=\"text-align: center;\">Bananas pancakes served with chocolate or honey sauce and coffee or tea<\/p>\n<p style=\"text-align: center;\">B\u00e1nh k\u1ebfp chu\u1ed1i m\u1eadt ong hay s\u00f4 c\u00f4 la v\u1edbi tr\u00e0 ho\u1eb7c c\u00e0 ph\u00ea<\/p>\n<p style=\"text-align: center;\">\n<p style=\"text-align: center;\"><strong>Omelette avec champignon et tomate avec caf\u00e9 ou th\u00e9 \/ 129,000<\/strong><\/p>\n<p style=\"text-align: center;\"><strong>Servi avec toasts, beurre et confiture <\/strong><\/p>\n<p style=\"text-align: center;\">Omelette with mushroom and tomato and coffee or tea<\/p>\n<p style=\"text-align: center;\">Served with toast, butter and jam<\/p>\n<p style=\"text-align: center;\">Tr\u1ee9ng chi\u00ean n\u1ea5m, c\u00e0 chua, \u0103n k\u00e8m b\u00e1nh m\u1ef3 l\u00e1t, b\u01a1 v\u00e0 m\u1ee9t. Ph\u1ee5c v\u1ee5 c\u00f9ng tr\u00e0 ho\u1eb7c c\u00e0 ph\u00ea<\/p>\n<p style=\"text-align: center;\">\n<p style=\"text-align: center;\"><strong>Omelette ou \u0153uf brouill\u00e9 avec caf\u00e9 ou th\u00e9<\/strong><\/p>\n<p style=\"text-align: center;\"><strong>Servi avec toasts, beurre et confiture \/ <\/strong><strong>119,000 <\/strong><\/p>\n<p style=\"text-align: center;\">Plain omelette or scrambled egg with coffee or tea. Served with toast, butter and jam<\/p>\n<p style=\"text-align: center;\">Tr\u1ee9ng chi\u00ean, \u0103n k\u00e8m b\u00e1nh m\u1ef3 l\u00e1t, b\u01a1 v\u00e0 m\u1ee9t. Ph\u1ee5c v\u1ee5 c\u00f9ng tr\u00e0 ho\u1eb7c c\u00e0 ph\u00ea<\/p>\n","protected":false},"excerpt":{"rendered":"<p>Petit D\u00e9jeuner Breakfast From 6.45 AM to 10.30 AM Caf\u00e9 Lavazza sera factur\u00e9 20.000 vnd plus pour le petit d\u00e9jeuner Lavazza coffee requires an extra of 20.000 vnd Petit-d\u00e9jeuner Fran\u00e7ais : Croisant avec caf\u00e9 ou th\u00e9 \/ 69,000 French breakfast : Croisant with coffee or tea \u0102n s\u00e1ng ki\u1ec3u Ph\u00e1p:B\u00e1nh s\u1eebng b\u00f2 v\u1edbi c\u00e0 ph\u00ea&hellip; <a class=\"more-link\" href=\"https:\/\/legeckosapa.com\/vn\/petit-dejeuner-breakfast\">Continue reading <span class=\"screen-reader-text\">Petit D\u00e9jeuner \/ Breakfast<\/span><\/a><\/p>\n","protected":false},"author":1,"featured_media":0,"parent":0,"menu_order":0,"comment_status":"closed","ping_status":"closed","template":"","meta":{"footnotes":""},"class_list":["post-264","page","type-page","status-publish","hentry","entry"],"yoast_head":"<!-- This site is optimized with the Yoast SEO plugin v21.1 - https:\/\/yoast.com\/wordpress\/plugins\/seo\/ -->\n<title>Petit D\u00e9jeuner \/ Breakfast - Le Gecko Sapa<\/title>\n<meta name=\"robots\" content=\"index, follow, max-snippet:-1, max-image-preview:large, max-video-preview:-1\" \/>\n<link rel=\"canonical\" href=\"https:\/\/legeckosapa.com\/vn\/petit-dejeuner-breakfast\" \/>\n<meta property=\"og:locale\" content=\"en_US\" \/>\n<meta property=\"og:type\" content=\"article\" \/>\n<meta property=\"og:title\" content=\"Petit D\u00e9jeuner \/ Breakfast - Le Gecko Sapa\" \/>\n<meta property=\"og:description\" content=\"Petit D\u00e9jeuner Breakfast From 6.45 AM to 10.30 AM Caf\u00e9 Lavazza sera factur\u00e9 20.000 vnd plus pour le petit d\u00e9jeuner Lavazza coffee requires an extra of 20.000 vnd Petit-d\u00e9jeuner Fran\u00e7ais : Croisant avec caf\u00e9 ou th\u00e9 \/ 69,000 French breakfast : Croisant with coffee or tea \u0102n s\u00e1ng ki\u1ec3u Ph\u00e1p:B\u00e1nh s\u1eebng b\u00f2 v\u1edbi c\u00e0 ph\u00ea&hellip; Continue reading Petit D\u00e9jeuner \/ Breakfast\" \/>\n<meta property=\"og:url\" content=\"https:\/\/legeckosapa.com\/vn\/petit-dejeuner-breakfast\" \/>\n<meta property=\"og:site_name\" content=\"Le Gecko Sapa\" \/>\n<meta property=\"article:modified_time\" content=\"2023-09-26T17:32:18+00:00\" \/>\n<meta name=\"twitter:card\" content=\"summary_large_image\" \/>\n<meta name=\"twitter:label1\" content=\"Est. reading time\" \/>\n\t<meta name=\"twitter:data1\" content=\"2 minutes\" \/>\n<script type=\"application\/ld+json\" class=\"yoast-schema-graph\">{\"@context\":\"https:\/\/schema.org\",\"@graph\":[{\"@type\":\"WebPage\",\"@id\":\"https:\/\/legeckosapa.com\/vn\/petit-dejeuner-breakfast\",\"url\":\"https:\/\/legeckosapa.com\/vn\/petit-dejeuner-breakfast\",\"name\":\"Petit D\u00e9jeuner \/ Breakfast - Le Gecko Sapa\",\"isPartOf\":{\"@id\":\"https:\/\/legeckosapa.com\/vn\/#website\"},\"datePublished\":\"2023-09-26T16:08:13+00:00\",\"dateModified\":\"2023-09-26T17:32:18+00:00\",\"breadcrumb\":{\"@id\":\"https:\/\/legeckosapa.com\/vn\/petit-dejeuner-breakfast#breadcrumb\"},\"inLanguage\":\"en-US\",\"potentialAction\":[{\"@type\":\"ReadAction\",\"target\":[\"https:\/\/legeckosapa.com\/vn\/petit-dejeuner-breakfast\"]}]},{\"@type\":\"BreadcrumbList\",\"@id\":\"https:\/\/legeckosapa.com\/vn\/petit-dejeuner-breakfast#breadcrumb\",\"itemListElement\":[{\"@type\":\"ListItem\",\"position\":1,\"name\":\"Home\",\"item\":\"https:\/\/legeckosapa.com\/vn\"},{\"@type\":\"ListItem\",\"position\":2,\"name\":\"Petit D\u00e9jeuner \/ Breakfast\"}]},{\"@type\":\"WebSite\",\"@id\":\"https:\/\/legeckosapa.com\/vn\/#website\",\"url\":\"https:\/\/legeckosapa.com\/vn\/\",\"name\":\"Le Gecko Sapa\",\"description\":\"\",\"publisher\":{\"@id\":\"https:\/\/legeckosapa.com\/vn\/#organization\"},\"potentialAction\":[{\"@type\":\"SearchAction\",\"target\":{\"@type\":\"EntryPoint\",\"urlTemplate\":\"https:\/\/legeckosapa.com\/vn\/?s={search_term_string}\"},\"query-input\":\"required name=search_term_string\"}],\"inLanguage\":\"en-US\"},{\"@type\":\"Organization\",\"@id\":\"https:\/\/legeckosapa.com\/vn\/#organization\",\"name\":\"Le Gecko Sapa\",\"url\":\"https:\/\/legeckosapa.com\/vn\/\",\"logo\":{\"@type\":\"ImageObject\",\"inLanguage\":\"en-US\",\"@id\":\"https:\/\/legeckosapa.com\/vn\/#\/schema\/logo\/image\/\",\"url\":\"https:\/\/legeckosapa.com\/vn\/wp-content\/uploads\/2023\/10\/cropped-cropped-LegeckoDualLogo512.png\",\"contentUrl\":\"https:\/\/legeckosapa.com\/vn\/wp-content\/uploads\/2023\/10\/cropped-cropped-LegeckoDualLogo512.png\",\"width\":512,\"height\":171,\"caption\":\"Le Gecko Sapa\"},\"image\":{\"@id\":\"https:\/\/legeckosapa.com\/vn\/#\/schema\/logo\/image\/\"}}]}<\/script>\n<!-- \/ Yoast SEO plugin. -->","yoast_head_json":{"title":"Petit D\u00e9jeuner \/ Breakfast - Le Gecko Sapa","robots":{"index":"index","follow":"follow","max-snippet":"max-snippet:-1","max-image-preview":"max-image-preview:large","max-video-preview":"max-video-preview:-1"},"canonical":"https:\/\/legeckosapa.com\/vn\/petit-dejeuner-breakfast","og_locale":"en_US","og_type":"article","og_title":"Petit D\u00e9jeuner \/ Breakfast - Le Gecko Sapa","og_description":"Petit D\u00e9jeuner Breakfast From 6.45 AM to 10.30 AM Caf\u00e9 Lavazza sera factur\u00e9 20.000 vnd plus pour le petit d\u00e9jeuner Lavazza coffee requires an extra of 20.000 vnd Petit-d\u00e9jeuner Fran\u00e7ais : Croisant avec caf\u00e9 ou th\u00e9 \/ 69,000 French breakfast : Croisant with coffee or tea \u0102n s\u00e1ng ki\u1ec3u Ph\u00e1p:B\u00e1nh s\u1eebng b\u00f2 v\u1edbi c\u00e0 ph\u00ea&hellip; Continue reading Petit D\u00e9jeuner \/ Breakfast","og_url":"https:\/\/legeckosapa.com\/vn\/petit-dejeuner-breakfast","og_site_name":"Le Gecko Sapa","article_modified_time":"2023-09-26T17:32:18+00:00","twitter_card":"summary_large_image","twitter_misc":{"Est. reading time":"2 minutes"},"schema":{"@context":"https:\/\/schema.org","@graph":[{"@type":"WebPage","@id":"https:\/\/legeckosapa.com\/vn\/petit-dejeuner-breakfast","url":"https:\/\/legeckosapa.com\/vn\/petit-dejeuner-breakfast","name":"Petit D\u00e9jeuner \/ Breakfast - Le Gecko Sapa","isPartOf":{"@id":"https:\/\/legeckosapa.com\/vn\/#website"},"datePublished":"2023-09-26T16:08:13+00:00","dateModified":"2023-09-26T17:32:18+00:00","breadcrumb":{"@id":"https:\/\/legeckosapa.com\/vn\/petit-dejeuner-breakfast#breadcrumb"},"inLanguage":"en-US","potentialAction":[{"@type":"ReadAction","target":["https:\/\/legeckosapa.com\/vn\/petit-dejeuner-breakfast"]}]},{"@type":"BreadcrumbList","@id":"https:\/\/legeckosapa.com\/vn\/petit-dejeuner-breakfast#breadcrumb","itemListElement":[{"@type":"ListItem","position":1,"name":"Home","item":"https:\/\/legeckosapa.com\/vn"},{"@type":"ListItem","position":2,"name":"Petit D\u00e9jeuner \/ Breakfast"}]},{"@type":"WebSite","@id":"https:\/\/legeckosapa.com\/vn\/#website","url":"https:\/\/legeckosapa.com\/vn\/","name":"Le Gecko Sapa","description":"","publisher":{"@id":"https:\/\/legeckosapa.com\/vn\/#organization"},"potentialAction":[{"@type":"SearchAction","target":{"@type":"EntryPoint","urlTemplate":"https:\/\/legeckosapa.com\/vn\/?s={search_term_string}"},"query-input":"required name=search_term_string"}],"inLanguage":"en-US"},{"@type":"Organization","@id":"https:\/\/legeckosapa.com\/vn\/#organization","name":"Le Gecko Sapa","url":"https:\/\/legeckosapa.com\/vn\/","logo":{"@type":"ImageObject","inLanguage":"en-US","@id":"https:\/\/legeckosapa.com\/vn\/#\/schema\/logo\/image\/","url":"https:\/\/legeckosapa.com\/vn\/wp-content\/uploads\/2023\/10\/cropped-cropped-LegeckoDualLogo512.png","contentUrl":"https:\/\/legeckosapa.com\/vn\/wp-content\/uploads\/2023\/10\/cropped-cropped-LegeckoDualLogo512.png","width":512,"height":171,"caption":"Le Gecko Sapa"},"image":{"@id":"https:\/\/legeckosapa.com\/vn\/#\/schema\/logo\/image\/"}}]}},"_links":{"self":[{"href":"https:\/\/legeckosapa.com\/vn\/wp-json\/wp\/v2\/pages\/264","targetHints":{"allow":["GET"]}}],"collection":[{"href":"https:\/\/legeckosapa.com\/vn\/wp-json\/wp\/v2\/pages"}],"about":[{"href":"https:\/\/legeckosapa.com\/vn\/wp-json\/wp\/v2\/types\/page"}],"author":[{"embeddable":true,"href":"https:\/\/legeckosapa.com\/vn\/wp-json\/wp\/v2\/users\/1"}],"replies":[{"embeddable":true,"href":"https:\/\/legeckosapa.com\/vn\/wp-json\/wp\/v2\/comments?post=264"}],"version-history":[{"count":3,"href":"https:\/\/legeckosapa.com\/vn\/wp-json\/wp\/v2\/pages\/264\/revisions"}],"predecessor-version":[{"id":296,"href":"https:\/\/legeckosapa.com\/vn\/wp-json\/wp\/v2\/pages\/264\/revisions\/296"}],"wp:attachment":[{"href":"https:\/\/legeckosapa.com\/vn\/wp-json\/wp\/v2\/media?parent=264"}],"curies":[{"name":"wp","href":"https:\/\/api.w.org\/{rel}","templated":true}]}}