{"id":262,"date":"2023-09-26T16:08:13","date_gmt":"2023-09-26T16:08:13","guid":{"rendered":"https:\/\/legeckosapa.com\/?page_id=262"},"modified":"2023-09-26T17:29:35","modified_gmt":"2023-09-26T17:29:35","slug":"plat-main-course","status":"publish","type":"page","link":"https:\/\/legeckosapa.com\/vn\/plat-main-course","title":{"rendered":"Plat\/ Main Course"},"content":{"rendered":"<p style=\"text-align: center;\"><span style=\"color: #ff9900; font-size: 24pt;\"><strong>Plat \u201cmain course\u201d<\/strong><\/span><\/p>\n<p style=\"text-align: center;\"><em>\u00a0Price: VND<\/em><\/p>\n<p style=\"text-align: center;\"><strong>Tartiflette de Sapa\/Sp\u00e9cialit\u00e9 du Gecko \/ 259,000\u00a0<\/strong><\/p>\n<p style=\"text-align: center;\">Pommes de terre, lardons, oignon, fromage, vin blanc<\/p>\n<p style=\"text-align: center;\">Servie dans un pot en terre avec des salade<\/p>\n<p style=\"text-align: center;\">Potato, bacon, onions, cheese, white wine, served in a clay pot served with salad<\/p>\n<p style=\"text-align: center;\"><strong>\u00a0<\/strong><\/p>\n<p style=\"text-align: center;\"><strong>Magret d&#8217;oie grille \/ 289,000\u00a0<\/strong><\/p>\n<p style=\"text-align: center;\">Avec sauce au Rhum et poivre. Servi avec frites ou pur\u00e9e de pommes de terre<\/p>\n<p style=\"text-align: center;\">Grilled goose breast served with Rum and pepper sauce.<\/p>\n<p style=\"text-align: center;\">Served with French fries or mash potato<\/p>\n<p style=\"text-align: center;\"><strong>\u00a0<\/strong><\/p>\n<p style=\"text-align: center;\"><strong>Pointrine de poulet grill\u00e9 sauce \u00e0 la moutarde \/ 219,000<\/strong><\/p>\n<p style=\"text-align: center;\">Grilled chicken breast with mustard sauce<\/p>\n<p style=\"text-align: center;\">Servis avec frites ou riz. Served with French fries or steamed rice<\/p>\n<p style=\"text-align: center;\"><strong>\u00a0<\/strong><\/p>\n<p style=\"text-align: center;\"><strong>Saumon grill\u00e9s au sauce de passion. Servis avec<\/strong> <strong>pur\u00e9e de pommes de terre<\/strong><strong> ou des frits<\/strong><\/p>\n<p style=\"text-align: center;\">Grilled salmon with passion fruit juice<strong> \/\u00a0<\/strong><strong>359,000<\/strong><\/p>\n<p style=\"text-align: center;\">Served with French fries or mash potato<\/p>\n<p style=\"text-align: center;\"><strong>\u00a0\u00a0\u00a0\u00a0\u00a0\u00a0\u00a0\u00a0\u00a0\u00a0\u00a0\u00a0\u00a0\u00a0\u00a0\u00a0\u00a0\u00a0\u00a0\u00a0\u00a0\u00a0\u00a0\u00a0\u00a0\u00a0\u00a0\u00a0\u00a0 \u00a0\u00a0\u00a0\u00a0\u00a0\u00a0\u00a0\u00a0\u00a0<\/strong><\/p>\n<p style=\"text-align: center;\"><span style=\"color: #ff9900; font-size: 24pt;\"><strong>Pizza<\/strong><\/span><\/p>\n<p style=\"text-align: center;\"><strong>Large 27 cm ( 8 pieces )\u00a0\u00a0\u00a0\u00a0\u00a0<\/strong><\/p>\n<p>&nbsp;<\/p>\n<p style=\"text-align: center;\"><strong>Salame \/ 255,000<\/strong><\/p>\n<p style=\"text-align: center;\">Tomate, mozzarella, salami, herbes de provence<\/p>\n<p style=\"text-align: center;\">Tomato, mozzarella, salami, oregano<\/p>\n<p style=\"text-align: center;\">Pizza v\u1edbi c\u00e0 chua, pho m\u00e1t, x\u00fac x\u00edch, c\u1ecf th\u01a1m<\/p>\n<p style=\"text-align: center;\"><strong>\u00a0<\/strong><\/p>\n<p style=\"text-align: center;\"><strong>Gecko \/ 255,000<\/strong><\/p>\n<p style=\"text-align: center;\">Tomate, mozzarella, boeuf, herbes de provence. Tomato, mozzarella, beef, oregano<\/p>\n<p style=\"text-align: center;\">C\u00e0 chua, pho m\u00e1t, c\u1ecf th\u01a1m, b\u00f2<\/p>\n<p style=\"text-align: center;\">\n<p style=\"text-align: center;\"><strong>Spaghetti avec sauce v\u00e9g\u00e9tarienn \/\u00a0<\/strong><strong>179,000<\/strong><\/p>\n<p style=\"text-align: center;\">P\u00e2tes et sauce aux l\u00e9gumes : tomate, champignons, oignons, poivre vert, parmesan<\/p>\n<p style=\"text-align: center;\">Spaghetty with sauce of tomato, mushroom, onions, green pepper and parmesan cheese<\/p>\n","protected":false},"excerpt":{"rendered":"<p>Plat \u201cmain course\u201d \u00a0Price: VND Tartiflette de Sapa\/Sp\u00e9cialit\u00e9 du Gecko \/ 259,000\u00a0 Pommes de terre, lardons, oignon, fromage, vin blanc Servie dans un pot en terre avec des salade Potato, bacon, onions, cheese, white wine, served in a clay pot served with salad \u00a0 Magret d&#8217;oie grille \/ 289,000\u00a0 Avec sauce au Rhum et poivre.&hellip; <a class=\"more-link\" href=\"https:\/\/legeckosapa.com\/vn\/plat-main-course\">Continue reading <span class=\"screen-reader-text\">Plat\/ Main Course<\/span><\/a><\/p>\n","protected":false},"author":1,"featured_media":0,"parent":0,"menu_order":0,"comment_status":"closed","ping_status":"closed","template":"","meta":{"footnotes":""},"class_list":["post-262","page","type-page","status-publish","hentry","entry"],"yoast_head":"<!-- This site is optimized with the Yoast SEO plugin v21.1 - https:\/\/yoast.com\/wordpress\/plugins\/seo\/ -->\n<title>Plat\/ Main Course - Le Gecko Sapa<\/title>\n<meta name=\"robots\" content=\"index, follow, max-snippet:-1, max-image-preview:large, max-video-preview:-1\" \/>\n<link rel=\"canonical\" href=\"https:\/\/legeckosapa.com\/vn\/plat-main-course\" \/>\n<meta property=\"og:locale\" content=\"en_US\" \/>\n<meta property=\"og:type\" content=\"article\" \/>\n<meta property=\"og:title\" content=\"Plat\/ Main Course - Le Gecko Sapa\" \/>\n<meta property=\"og:description\" content=\"Plat \u201cmain course\u201d \u00a0Price: VND Tartiflette de Sapa\/Sp\u00e9cialit\u00e9 du Gecko \/ 259,000\u00a0 Pommes de terre, lardons, oignon, fromage, vin blanc Servie dans un pot en terre avec des salade Potato, bacon, onions, cheese, white wine, served in a clay pot served with salad \u00a0 Magret d&#8217;oie grille \/ 289,000\u00a0 Avec sauce au Rhum et poivre.&hellip; Continue reading Plat\/ Main Course\" \/>\n<meta property=\"og:url\" content=\"https:\/\/legeckosapa.com\/vn\/plat-main-course\" \/>\n<meta property=\"og:site_name\" content=\"Le Gecko Sapa\" \/>\n<meta property=\"article:modified_time\" content=\"2023-09-26T17:29:35+00:00\" \/>\n<meta name=\"twitter:card\" content=\"summary_large_image\" \/>\n<meta name=\"twitter:label1\" content=\"Est. reading time\" \/>\n\t<meta name=\"twitter:data1\" content=\"1 minute\" \/>\n<script type=\"application\/ld+json\" class=\"yoast-schema-graph\">{\"@context\":\"https:\/\/schema.org\",\"@graph\":[{\"@type\":\"WebPage\",\"@id\":\"https:\/\/legeckosapa.com\/vn\/plat-main-course\",\"url\":\"https:\/\/legeckosapa.com\/vn\/plat-main-course\",\"name\":\"Plat\/ Main Course - Le Gecko Sapa\",\"isPartOf\":{\"@id\":\"https:\/\/legeckosapa.com\/vn\/#website\"},\"datePublished\":\"2023-09-26T16:08:13+00:00\",\"dateModified\":\"2023-09-26T17:29:35+00:00\",\"breadcrumb\":{\"@id\":\"https:\/\/legeckosapa.com\/vn\/plat-main-course#breadcrumb\"},\"inLanguage\":\"en-US\",\"potentialAction\":[{\"@type\":\"ReadAction\",\"target\":[\"https:\/\/legeckosapa.com\/vn\/plat-main-course\"]}]},{\"@type\":\"BreadcrumbList\",\"@id\":\"https:\/\/legeckosapa.com\/vn\/plat-main-course#breadcrumb\",\"itemListElement\":[{\"@type\":\"ListItem\",\"position\":1,\"name\":\"Home\",\"item\":\"https:\/\/legeckosapa.com\/vn\"},{\"@type\":\"ListItem\",\"position\":2,\"name\":\"Plat\/ Main Course\"}]},{\"@type\":\"WebSite\",\"@id\":\"https:\/\/legeckosapa.com\/vn\/#website\",\"url\":\"https:\/\/legeckosapa.com\/vn\/\",\"name\":\"Le Gecko Sapa\",\"description\":\"\",\"publisher\":{\"@id\":\"https:\/\/legeckosapa.com\/vn\/#organization\"},\"potentialAction\":[{\"@type\":\"SearchAction\",\"target\":{\"@type\":\"EntryPoint\",\"urlTemplate\":\"https:\/\/legeckosapa.com\/vn\/?s={search_term_string}\"},\"query-input\":\"required name=search_term_string\"}],\"inLanguage\":\"en-US\"},{\"@type\":\"Organization\",\"@id\":\"https:\/\/legeckosapa.com\/vn\/#organization\",\"name\":\"Le Gecko Sapa\",\"url\":\"https:\/\/legeckosapa.com\/vn\/\",\"logo\":{\"@type\":\"ImageObject\",\"inLanguage\":\"en-US\",\"@id\":\"https:\/\/legeckosapa.com\/vn\/#\/schema\/logo\/image\/\",\"url\":\"https:\/\/legeckosapa.com\/vn\/wp-content\/uploads\/2023\/10\/cropped-cropped-LegeckoDualLogo512.png\",\"contentUrl\":\"https:\/\/legeckosapa.com\/vn\/wp-content\/uploads\/2023\/10\/cropped-cropped-LegeckoDualLogo512.png\",\"width\":512,\"height\":171,\"caption\":\"Le Gecko Sapa\"},\"image\":{\"@id\":\"https:\/\/legeckosapa.com\/vn\/#\/schema\/logo\/image\/\"}}]}<\/script>\n<!-- \/ Yoast SEO plugin. -->","yoast_head_json":{"title":"Plat\/ Main Course - Le Gecko Sapa","robots":{"index":"index","follow":"follow","max-snippet":"max-snippet:-1","max-image-preview":"max-image-preview:large","max-video-preview":"max-video-preview:-1"},"canonical":"https:\/\/legeckosapa.com\/vn\/plat-main-course","og_locale":"en_US","og_type":"article","og_title":"Plat\/ Main Course - Le Gecko Sapa","og_description":"Plat \u201cmain course\u201d \u00a0Price: VND Tartiflette de Sapa\/Sp\u00e9cialit\u00e9 du Gecko \/ 259,000\u00a0 Pommes de terre, lardons, oignon, fromage, vin blanc Servie dans un pot en terre avec des salade Potato, bacon, onions, cheese, white wine, served in a clay pot served with salad \u00a0 Magret d&#8217;oie grille \/ 289,000\u00a0 Avec sauce au Rhum et poivre.&hellip; Continue reading Plat\/ Main Course","og_url":"https:\/\/legeckosapa.com\/vn\/plat-main-course","og_site_name":"Le Gecko Sapa","article_modified_time":"2023-09-26T17:29:35+00:00","twitter_card":"summary_large_image","twitter_misc":{"Est. reading time":"1 minute"},"schema":{"@context":"https:\/\/schema.org","@graph":[{"@type":"WebPage","@id":"https:\/\/legeckosapa.com\/vn\/plat-main-course","url":"https:\/\/legeckosapa.com\/vn\/plat-main-course","name":"Plat\/ Main Course - Le Gecko Sapa","isPartOf":{"@id":"https:\/\/legeckosapa.com\/vn\/#website"},"datePublished":"2023-09-26T16:08:13+00:00","dateModified":"2023-09-26T17:29:35+00:00","breadcrumb":{"@id":"https:\/\/legeckosapa.com\/vn\/plat-main-course#breadcrumb"},"inLanguage":"en-US","potentialAction":[{"@type":"ReadAction","target":["https:\/\/legeckosapa.com\/vn\/plat-main-course"]}]},{"@type":"BreadcrumbList","@id":"https:\/\/legeckosapa.com\/vn\/plat-main-course#breadcrumb","itemListElement":[{"@type":"ListItem","position":1,"name":"Home","item":"https:\/\/legeckosapa.com\/vn"},{"@type":"ListItem","position":2,"name":"Plat\/ Main Course"}]},{"@type":"WebSite","@id":"https:\/\/legeckosapa.com\/vn\/#website","url":"https:\/\/legeckosapa.com\/vn\/","name":"Le Gecko Sapa","description":"","publisher":{"@id":"https:\/\/legeckosapa.com\/vn\/#organization"},"potentialAction":[{"@type":"SearchAction","target":{"@type":"EntryPoint","urlTemplate":"https:\/\/legeckosapa.com\/vn\/?s={search_term_string}"},"query-input":"required name=search_term_string"}],"inLanguage":"en-US"},{"@type":"Organization","@id":"https:\/\/legeckosapa.com\/vn\/#organization","name":"Le Gecko Sapa","url":"https:\/\/legeckosapa.com\/vn\/","logo":{"@type":"ImageObject","inLanguage":"en-US","@id":"https:\/\/legeckosapa.com\/vn\/#\/schema\/logo\/image\/","url":"https:\/\/legeckosapa.com\/vn\/wp-content\/uploads\/2023\/10\/cropped-cropped-LegeckoDualLogo512.png","contentUrl":"https:\/\/legeckosapa.com\/vn\/wp-content\/uploads\/2023\/10\/cropped-cropped-LegeckoDualLogo512.png","width":512,"height":171,"caption":"Le Gecko Sapa"},"image":{"@id":"https:\/\/legeckosapa.com\/vn\/#\/schema\/logo\/image\/"}}]}},"_links":{"self":[{"href":"https:\/\/legeckosapa.com\/vn\/wp-json\/wp\/v2\/pages\/262","targetHints":{"allow":["GET"]}}],"collection":[{"href":"https:\/\/legeckosapa.com\/vn\/wp-json\/wp\/v2\/pages"}],"about":[{"href":"https:\/\/legeckosapa.com\/vn\/wp-json\/wp\/v2\/types\/page"}],"author":[{"embeddable":true,"href":"https:\/\/legeckosapa.com\/vn\/wp-json\/wp\/v2\/users\/1"}],"replies":[{"embeddable":true,"href":"https:\/\/legeckosapa.com\/vn\/wp-json\/wp\/v2\/comments?post=262"}],"version-history":[{"count":3,"href":"https:\/\/legeckosapa.com\/vn\/wp-json\/wp\/v2\/pages\/262\/revisions"}],"predecessor-version":[{"id":294,"href":"https:\/\/legeckosapa.com\/vn\/wp-json\/wp\/v2\/pages\/262\/revisions\/294"}],"wp:attachment":[{"href":"https:\/\/legeckosapa.com\/vn\/wp-json\/wp\/v2\/media?parent=262"}],"curies":[{"name":"wp","href":"https:\/\/api.w.org\/{rel}","templated":true}]}}