{"id":261,"date":"2023-09-26T16:08:13","date_gmt":"2023-09-26T16:08:13","guid":{"rendered":"https:\/\/legeckosapa.com\/?page_id=261"},"modified":"2023-09-26T17:24:07","modified_gmt":"2023-09-26T17:24:07","slug":"starter-entree","status":"publish","type":"page","link":"https:\/\/legeckosapa.com\/vn\/starter-entree","title":{"rendered":"Starter\/Entr\u00e9e"},"content":{"rendered":"<p style=\"text-align: center;\"><span style=\"font-size: 24pt; color: #ff9900;\"><strong>Starter\/<\/strong><strong>Entr\u00e9e<\/strong><\/span><\/p>\n<p style=\"text-align: center;\"><em><strong>Soup<\/strong><\/em><\/p>\n<p style=\"text-align: center;\"><em>Price: VND<\/em><\/p>\n<p style=\"text-align: center;\"><strong>\u00a0<\/strong><\/p>\n<p style=\"text-align: center;\"><strong>Daily soup\/Soupe du Jour \/\u00a0 95,000<\/strong><\/p>\n<p style=\"text-align: center;\">Potato soup or pumkin soup<\/p>\n<p style=\"text-align: center;\">S\u00fap khoai t\u00e2y ho\u1eb7c s\u00fap b\u00ed \u0111\u1ecf<\/p>\n<p>&nbsp;<\/p>\n<p style=\"text-align: center;\"><strong>Salad <\/strong><\/p>\n<p style=\"text-align: center;\"><strong>\u00a0<\/strong>Served with hot bread<\/p>\n<p style=\"text-align: center;\"><strong>\u00a0<\/strong><\/p>\n<p style=\"text-align: center;\"><strong>Balsamic Green Salad \/\u00a0 <\/strong><strong>125,000<\/strong><\/p>\n<p style=\"text-align: center;\">Salad ,walnuts, sunflower seeds,\u00a0 pear, apple &amp; balsamic sauce<\/p>\n<p style=\"text-align: center;\">Sa l\u00e1t xanh c\u00e1c lo\u1ea1i h\u1ea1t v\u00e0 s\u1ed1t balsamic<\/p>\n<p style=\"text-align: center;\"><strong>\u00a0<\/strong><\/p>\n<p style=\"text-align: center;\"><strong>Salade Nicoise \/\u00a0 129,000<\/strong><\/p>\n<p style=\"text-align: center;\">Salade, tomate, thon, oeuf, olives noires<\/p>\n<p style=\"text-align: center;\">Salad, tomato, tuna, boiled egg, black olive<\/p>\n<p style=\"text-align: center;\">Sa l\u00e1t c\u00e1 ng\u1eeb<\/p>\n<p style=\"text-align: center;\"><strong>\u00a0<\/strong><\/p>\n<p style=\"text-align: center;\"><strong>Tomate Mozzarella \/\u00a0 129,000 <\/strong><\/p>\n<p style=\"text-align: center;\">Mozzarella, tomate, oignon, olives noires<\/p>\n<p style=\"text-align: center;\">Mozzarella cheese, tomato, onion, black olive<\/p>\n<p style=\"text-align: center;\">Sa l\u00e1t c\u00e0 chua pho m\u00e1t<\/p>\n<p style=\"text-align: center;\">All salad comes with balsamic sauce<\/p>\n<p style=\"text-align: center;\"><strong>\u00a0<\/strong><\/p>\n<p style=\"text-align: center;\"><span style=\"color: #ff9900; font-size: 24pt;\"><strong>Burger<\/strong><\/span><\/p>\n<p style=\"text-align: center;\">Servis avec des frites<\/p>\n<p style=\"text-align: center;\">Served with French fries<\/p>\n<p style=\"text-align: center;\"><strong>\u00a0\u00a0\u00a0\u00a0\u00a0\u00a0\u00a0\u00a0\u00a0\u00a0\u00a0\u00a0\u00a0\u00a0\u00a0\u00a0\u00a0\u00a0\u00a0\u00a0\u00a0\u00a0\u00a0\u00a0\u00a0\u00a0\u00a0\u00a0\u00a0\u00a0\u00a0\u00a0\u00a0\u00a0\u00a0\u00a0\u00a0\u00a0\u00a0\u00a0\u00a0\u00a0\u00a0\u00a0\u00a0\u00a0\u00a0\u00a0\u00a0\u00a0\u00a0\u00a0\u00a0\u00a0\u00a0\u00a0\u00a0\u00a0\u00a0\u00a0\u00a0 <\/strong><\/p>\n<p style=\"text-align: center;\"><strong>Hamburger \/\u00a0 139,000 <\/strong><\/p>\n<p style=\"text-align: center;\">\u00a0 Boeuf grill\u00e9, salade, oignon<\/p>\n<p style=\"text-align: center;\">Grilled beef, salad, onion<\/p>\n<p>&nbsp;<\/p>\n<p style=\"text-align: center;\"><strong>Cheese Burger \/\u00a0 149,000 <\/strong><\/p>\n<p style=\"text-align: center;\">\u00a0 Boeuf grill\u00e9, fromage, salade, oignon<\/p>\n<p style=\"text-align: center;\">\u00a0 Grilled beef, cheese, salad, onion<\/p>\n<p>&nbsp;<\/p>\n<p style=\"text-align: center;\"><strong>Chicken Burger \/\u00a0 139,000<\/strong><\/p>\n<p style=\"text-align: center;\">\u00a0 Poulet grill\u00e9, salade, oignon<\/p>\n<p style=\"text-align: center;\">\u00a0 Grilled chicken, salad, onion<\/p>\n<p>&nbsp;<\/p>\n<p style=\"text-align: center;\"><strong>Burger Vegetarian \/\u00a0 139,000<\/strong><\/p>\n<p style=\"text-align: center;\">Champignon, poivre verte, oignons, courgette, fromage, grill\u00e9s<\/p>\n<p style=\"text-align: center;\">Grilled mushroom, green pepper, onion, zucchini, cheese<\/p>\n<p>&nbsp;<\/p>\n<p style=\"text-align: center;\"><span style=\"color: #ff9900; font-size: 24pt;\"><strong>Sp\u00e9cialit\u00e9s de Sapa\u00a0<\/strong><\/span><\/p>\n<p style=\"text-align: center;\"><strong>Nem du Gecko \/\u00a0 89,000<\/strong><\/p>\n<p style=\"text-align: center;\">\u00a0\u00a0\u00a0\u00a0\u00a0\u00a0\u00a0\u00a0\u00a0\u00a0 6 nems de poulet et l\u00e9 gumes frits\/6 fried spring rolls of chicken and vegetables<\/p>\n<p>&nbsp;<\/p>\n<p style=\"text-align: center;\"><strong>Pork grill\u00e9 et nems de poulet servis avec nouilles de riz \/\u00a0 169,000\u00a0\u00a0\u00a0\u00a0\u00a0\u00a0 <\/strong><\/p>\n<p style=\"text-align: center;\">Grilled pork and chicken spring roll served with rice noodle<\/p>\n<p style=\"text-align: center;\">B\u00fan ch\u1ea3 nem th\u1ecbt g\u00e0<\/p>\n<p>&nbsp;<\/p>\n<p style=\"text-align: center;\"><strong>Soupe de nouille de riz ou nouille de bl\u00e9 et poulet \/\u00a0 69,000<\/strong><\/p>\n<p style=\"text-align: center;\">\u00a0\u00a0\u00a0\u00a0\u00a0\u00a0\u00a0\u00a0\u00a0\u00a0 Rice noodle or wheat noodle soup with chicken\/Ph\u1edf g\u00e0 ho\u1eb7c M\u1ef3 n\u01b0\u1edbc g\u00e0<\/p>\n<p>&nbsp;<\/p>\n<p style=\"text-align: center;\"><strong>Bufle fume de la r\u00e9gion saut\u00e9es \u00e0 l\u2019ail. Servis avec du riz \/\u00a0 235,000<\/strong><\/p>\n<p style=\"text-align: center;\">Sauteed local smoked buffalo with garlic. Served with rice<\/p>\n<p style=\"text-align: center;\">Th\u1ecbt tr\u00e2u s\u1ea5y x\u00e0o t\u1ecfi \u0103n k\u00e8m c\u01a1m lam<\/p>\n<p>&nbsp;<\/p>\n<p style=\"text-align: center;\"><strong>Porc caramelis\u00e9. Servis avec du riz \/\u00a0 199,000<\/strong><\/p>\n<p style=\"text-align: center;\">Caramelized pork, vegetables. Served with steamed\u00a0 rice\/Th\u1ecbt l\u1ee3n caramen<\/p>\n<p>&nbsp;<\/p>\n<p style=\"text-align: center;\"><strong>Les Yeux du Gecko \/ Gecko Eyes \/\u00a0 219,000<\/strong><\/p>\n<p style=\"text-align: center;\">Boulettes de Porc grill\u00e9es avec champignons frais de Sapa et l\u00e9gumes. Servis avec du riz<\/p>\n<p style=\"text-align: center;\">Rounded pieces of minced pork grilled with fresh mushroom of Sapa and vegetables<\/p>\n<p style=\"text-align: center;\">Served with rice<strong>\u00a0<\/strong><\/p>\n<p style=\"text-align: center;\"><strong>\u00a0\u00a0 <\/strong><\/p>\n<p style=\"text-align: center;\"><strong>Porc ou poulet frites aux poivre vert et citronnelle. Servis avec du riz \/\u00a0 189,000<\/strong><\/p>\n<p style=\"text-align: center;\">Fried pork or chicken with green pepper and lemon grass. Served with rice<\/p>\n<p style=\"text-align: center;\">L\u1ee3n ho\u1eb7c g\u00e0 x\u00e0o s\u1ea3 \u1edbt \u0103n k\u00e8m c\u01a1m<\/p>\n","protected":false},"excerpt":{"rendered":"<p>Starter\/Entr\u00e9e Soup Price: VND \u00a0 Daily soup\/Soupe du Jour \/\u00a0 95,000 Potato soup or pumkin soup S\u00fap khoai t\u00e2y ho\u1eb7c s\u00fap b\u00ed \u0111\u1ecf &nbsp; Salad \u00a0Served with hot bread \u00a0 Balsamic Green Salad \/\u00a0 125,000 Salad ,walnuts, sunflower seeds,\u00a0 pear, apple &amp; balsamic sauce Sa l\u00e1t xanh c\u00e1c lo\u1ea1i h\u1ea1t v\u00e0 s\u1ed1t balsamic \u00a0 Salade&hellip; <a class=\"more-link\" href=\"https:\/\/legeckosapa.com\/vn\/starter-entree\">Continue reading <span class=\"screen-reader-text\">Starter\/Entr\u00e9e<\/span><\/a><\/p>\n","protected":false},"author":1,"featured_media":0,"parent":0,"menu_order":0,"comment_status":"closed","ping_status":"closed","template":"","meta":{"footnotes":""},"class_list":["post-261","page","type-page","status-publish","hentry","entry"],"yoast_head":"<!-- This site is optimized with the Yoast SEO plugin v21.1 - https:\/\/yoast.com\/wordpress\/plugins\/seo\/ -->\n<title>Starter\/Entr\u00e9e - Le Gecko Sapa<\/title>\n<meta name=\"robots\" content=\"index, follow, max-snippet:-1, max-image-preview:large, max-video-preview:-1\" \/>\n<link rel=\"canonical\" href=\"https:\/\/legeckosapa.com\/vn\/starter-entree\" \/>\n<meta property=\"og:locale\" content=\"en_US\" \/>\n<meta property=\"og:type\" content=\"article\" \/>\n<meta property=\"og:title\" content=\"Starter\/Entr\u00e9e - Le Gecko Sapa\" \/>\n<meta property=\"og:description\" content=\"Starter\/Entr\u00e9e Soup Price: VND \u00a0 Daily soup\/Soupe du Jour \/\u00a0 95,000 Potato soup or pumkin soup S\u00fap khoai t\u00e2y ho\u1eb7c s\u00fap b\u00ed \u0111\u1ecf &nbsp; Salad \u00a0Served with hot bread \u00a0 Balsamic Green Salad \/\u00a0 125,000 Salad ,walnuts, sunflower seeds,\u00a0 pear, apple &amp; balsamic sauce Sa l\u00e1t xanh c\u00e1c lo\u1ea1i h\u1ea1t v\u00e0 s\u1ed1t balsamic \u00a0 Salade&hellip; Continue reading Starter\/Entr\u00e9e\" \/>\n<meta property=\"og:url\" content=\"https:\/\/legeckosapa.com\/vn\/starter-entree\" \/>\n<meta property=\"og:site_name\" content=\"Le Gecko Sapa\" \/>\n<meta property=\"article:modified_time\" content=\"2023-09-26T17:24:07+00:00\" \/>\n<meta name=\"twitter:card\" content=\"summary_large_image\" \/>\n<meta name=\"twitter:label1\" content=\"Est. reading time\" \/>\n\t<meta name=\"twitter:data1\" content=\"2 minutes\" \/>\n<script type=\"application\/ld+json\" class=\"yoast-schema-graph\">{\"@context\":\"https:\/\/schema.org\",\"@graph\":[{\"@type\":\"WebPage\",\"@id\":\"https:\/\/legeckosapa.com\/vn\/starter-entree\",\"url\":\"https:\/\/legeckosapa.com\/vn\/starter-entree\",\"name\":\"Starter\/Entr\u00e9e - Le Gecko Sapa\",\"isPartOf\":{\"@id\":\"https:\/\/legeckosapa.com\/vn\/#website\"},\"datePublished\":\"2023-09-26T16:08:13+00:00\",\"dateModified\":\"2023-09-26T17:24:07+00:00\",\"breadcrumb\":{\"@id\":\"https:\/\/legeckosapa.com\/vn\/starter-entree#breadcrumb\"},\"inLanguage\":\"en-US\",\"potentialAction\":[{\"@type\":\"ReadAction\",\"target\":[\"https:\/\/legeckosapa.com\/vn\/starter-entree\"]}]},{\"@type\":\"BreadcrumbList\",\"@id\":\"https:\/\/legeckosapa.com\/vn\/starter-entree#breadcrumb\",\"itemListElement\":[{\"@type\":\"ListItem\",\"position\":1,\"name\":\"Home\",\"item\":\"https:\/\/legeckosapa.com\/vn\"},{\"@type\":\"ListItem\",\"position\":2,\"name\":\"Starter\/Entr\u00e9e\"}]},{\"@type\":\"WebSite\",\"@id\":\"https:\/\/legeckosapa.com\/vn\/#website\",\"url\":\"https:\/\/legeckosapa.com\/vn\/\",\"name\":\"Le Gecko Sapa\",\"description\":\"\",\"publisher\":{\"@id\":\"https:\/\/legeckosapa.com\/vn\/#organization\"},\"potentialAction\":[{\"@type\":\"SearchAction\",\"target\":{\"@type\":\"EntryPoint\",\"urlTemplate\":\"https:\/\/legeckosapa.com\/vn\/?s={search_term_string}\"},\"query-input\":\"required name=search_term_string\"}],\"inLanguage\":\"en-US\"},{\"@type\":\"Organization\",\"@id\":\"https:\/\/legeckosapa.com\/vn\/#organization\",\"name\":\"Le Gecko Sapa\",\"url\":\"https:\/\/legeckosapa.com\/vn\/\",\"logo\":{\"@type\":\"ImageObject\",\"inLanguage\":\"en-US\",\"@id\":\"https:\/\/legeckosapa.com\/vn\/#\/schema\/logo\/image\/\",\"url\":\"https:\/\/legeckosapa.com\/vn\/wp-content\/uploads\/2023\/10\/cropped-cropped-LegeckoDualLogo512.png\",\"contentUrl\":\"https:\/\/legeckosapa.com\/vn\/wp-content\/uploads\/2023\/10\/cropped-cropped-LegeckoDualLogo512.png\",\"width\":512,\"height\":171,\"caption\":\"Le Gecko Sapa\"},\"image\":{\"@id\":\"https:\/\/legeckosapa.com\/vn\/#\/schema\/logo\/image\/\"}}]}<\/script>\n<!-- \/ Yoast SEO plugin. -->","yoast_head_json":{"title":"Starter\/Entr\u00e9e - Le Gecko Sapa","robots":{"index":"index","follow":"follow","max-snippet":"max-snippet:-1","max-image-preview":"max-image-preview:large","max-video-preview":"max-video-preview:-1"},"canonical":"https:\/\/legeckosapa.com\/vn\/starter-entree","og_locale":"en_US","og_type":"article","og_title":"Starter\/Entr\u00e9e - Le Gecko Sapa","og_description":"Starter\/Entr\u00e9e Soup Price: VND \u00a0 Daily soup\/Soupe du Jour \/\u00a0 95,000 Potato soup or pumkin soup S\u00fap khoai t\u00e2y ho\u1eb7c s\u00fap b\u00ed \u0111\u1ecf &nbsp; Salad \u00a0Served with hot bread \u00a0 Balsamic Green Salad \/\u00a0 125,000 Salad ,walnuts, sunflower seeds,\u00a0 pear, apple &amp; balsamic sauce Sa l\u00e1t xanh c\u00e1c lo\u1ea1i h\u1ea1t v\u00e0 s\u1ed1t balsamic \u00a0 Salade&hellip; Continue reading Starter\/Entr\u00e9e","og_url":"https:\/\/legeckosapa.com\/vn\/starter-entree","og_site_name":"Le Gecko Sapa","article_modified_time":"2023-09-26T17:24:07+00:00","twitter_card":"summary_large_image","twitter_misc":{"Est. reading time":"2 minutes"},"schema":{"@context":"https:\/\/schema.org","@graph":[{"@type":"WebPage","@id":"https:\/\/legeckosapa.com\/vn\/starter-entree","url":"https:\/\/legeckosapa.com\/vn\/starter-entree","name":"Starter\/Entr\u00e9e - Le Gecko Sapa","isPartOf":{"@id":"https:\/\/legeckosapa.com\/vn\/#website"},"datePublished":"2023-09-26T16:08:13+00:00","dateModified":"2023-09-26T17:24:07+00:00","breadcrumb":{"@id":"https:\/\/legeckosapa.com\/vn\/starter-entree#breadcrumb"},"inLanguage":"en-US","potentialAction":[{"@type":"ReadAction","target":["https:\/\/legeckosapa.com\/vn\/starter-entree"]}]},{"@type":"BreadcrumbList","@id":"https:\/\/legeckosapa.com\/vn\/starter-entree#breadcrumb","itemListElement":[{"@type":"ListItem","position":1,"name":"Home","item":"https:\/\/legeckosapa.com\/vn"},{"@type":"ListItem","position":2,"name":"Starter\/Entr\u00e9e"}]},{"@type":"WebSite","@id":"https:\/\/legeckosapa.com\/vn\/#website","url":"https:\/\/legeckosapa.com\/vn\/","name":"Le Gecko Sapa","description":"","publisher":{"@id":"https:\/\/legeckosapa.com\/vn\/#organization"},"potentialAction":[{"@type":"SearchAction","target":{"@type":"EntryPoint","urlTemplate":"https:\/\/legeckosapa.com\/vn\/?s={search_term_string}"},"query-input":"required name=search_term_string"}],"inLanguage":"en-US"},{"@type":"Organization","@id":"https:\/\/legeckosapa.com\/vn\/#organization","name":"Le Gecko Sapa","url":"https:\/\/legeckosapa.com\/vn\/","logo":{"@type":"ImageObject","inLanguage":"en-US","@id":"https:\/\/legeckosapa.com\/vn\/#\/schema\/logo\/image\/","url":"https:\/\/legeckosapa.com\/vn\/wp-content\/uploads\/2023\/10\/cropped-cropped-LegeckoDualLogo512.png","contentUrl":"https:\/\/legeckosapa.com\/vn\/wp-content\/uploads\/2023\/10\/cropped-cropped-LegeckoDualLogo512.png","width":512,"height":171,"caption":"Le Gecko Sapa"},"image":{"@id":"https:\/\/legeckosapa.com\/vn\/#\/schema\/logo\/image\/"}}]}},"_links":{"self":[{"href":"https:\/\/legeckosapa.com\/vn\/wp-json\/wp\/v2\/pages\/261","targetHints":{"allow":["GET"]}}],"collection":[{"href":"https:\/\/legeckosapa.com\/vn\/wp-json\/wp\/v2\/pages"}],"about":[{"href":"https:\/\/legeckosapa.com\/vn\/wp-json\/wp\/v2\/types\/page"}],"author":[{"embeddable":true,"href":"https:\/\/legeckosapa.com\/vn\/wp-json\/wp\/v2\/users\/1"}],"replies":[{"embeddable":true,"href":"https:\/\/legeckosapa.com\/vn\/wp-json\/wp\/v2\/comments?post=261"}],"version-history":[{"count":4,"href":"https:\/\/legeckosapa.com\/vn\/wp-json\/wp\/v2\/pages\/261\/revisions"}],"predecessor-version":[{"id":292,"href":"https:\/\/legeckosapa.com\/vn\/wp-json\/wp\/v2\/pages\/261\/revisions\/292"}],"wp:attachment":[{"href":"https:\/\/legeckosapa.com\/vn\/wp-json\/wp\/v2\/media?parent=261"}],"curies":[{"name":"wp","href":"https:\/\/api.w.org\/{rel}","templated":true}]}}