{"id":223,"date":"2023-09-26T15:33:42","date_gmt":"2023-09-26T15:33:42","guid":{"rendered":"https:\/\/legeckosapa.com\/?page_id=223"},"modified":"2023-09-26T16:01:36","modified_gmt":"2023-09-26T16:01:36","slug":"desert","status":"publish","type":"page","link":"https:\/\/legeckosapa.com\/vn\/desert","title":{"rendered":"Desert"},"content":{"rendered":"<p style=\"text-align: center;\"><span style=\"color: #ff9900; font-size: 24pt;\"><strong>Desert\/M\u00f3n tr\u00e1ng mi\u1ec7ng<\/strong><\/span><\/p>\n<p style=\"text-align: center;\"><strong><em>Price: VND<\/em><\/strong><\/p>\n<p style=\"text-align: center;\"><span style=\"color: #ff9900; font-size: 24pt;\"><strong>\u00a0<\/strong><\/span><\/p>\n<p style=\"text-align: center;\"><strong>Nama tr\u00e0 xanh\/Nama chocolate \/ 10,000<\/strong><\/p>\n<p style=\"text-align: center;\"><strong>\u00a0<\/strong><\/p>\n<p style=\"text-align: center;\"><strong>Kem s\u00f4c\u00f4la\/vanila\/chocolat ice cream \/ 45,000<\/strong><\/p>\n<p style=\"text-align: center;\"><strong>\u00a0<\/strong><\/p>\n<p style=\"text-align: center;\"><strong>S\u00f4c\u00f4la ki\u1ec3u \u00dd\/Mousse chocolate \/ 48,000<\/strong><\/p>\n<p style=\"text-align: center;\"><strong>\u00a0<\/strong><\/p>\n<p style=\"text-align: center;\"><strong>Tiramisu \/ 65,000<\/strong><\/p>\n<p style=\"text-align: center;\"><strong>\u00a0<\/strong><\/p>\n<p style=\"text-align: center;\"><strong>Passion Mousse \/ 65,000<\/strong><\/p>\n<p style=\"text-align: center;\"><strong>\u00a0<\/strong><\/p>\n<p style=\"text-align: center;\"><strong>B\u00e1nh t\u00e1o\/Apple pie \/ 58,000<\/strong><\/p>\n<p style=\"text-align: center;\"><strong>\u00a0<\/strong><\/p>\n<p style=\"text-align: center;\"><strong>B\u00e1nh t\u00e1o v\u1edbi kem &amp; Apple pie and ice cream \/ 75,000<\/strong><\/p>\n<p style=\"text-align: center;\"><strong>\u00a0<\/strong><\/p>\n<p style=\"text-align: center;\"><strong>B\u00e1nh s\u00f4c\u00f4la d\u1eeba\/T.Coco \/ 58,000<\/strong><\/p>\n<p style=\"text-align: center;\"><strong>\u00a0<\/strong><\/p>\n<p style=\"text-align: center;\"><strong>B\u00e1nh flan caramel\/Flan Caramel \/ 25,000<\/strong><\/p>\n<p style=\"text-align: center;\"><strong>\u00a0<\/strong><\/p>\n<p style=\"text-align: center;\"><strong>B\u00e1nh k\u1ebfp ki\u1ec3u Ph\u00e1p v\u1edbi s\u00f4c\u00f4la ho\u1eb7c m\u1eadt ong \/ 60,000<\/strong><\/p>\n<p style=\"text-align: center;\">\u00a0\u00a0\u00a0\u00a0\u00a0\u00a0\u00a0 Banana pancake &amp; chocolate or honey<\/p>\n<p style=\"text-align: center;\"><strong>\u00a0<\/strong><\/p>\n<p style=\"text-align: center;\"><strong>B\u00e1nh k\u1ebfp ki\u1ec3u Ph\u00e1p v\u1edbi s\u00f4c\u00f4la ho\u1eb7c m\u1eadt ong v\u00e0 kem \/ 89,000<\/strong><\/p>\n<p style=\"text-align: center;\">\u00a0 \u00a0\u00a0\u00a0 Banana pancake &amp; chocolate or honey with ice cream<\/p>\n<p style=\"text-align: center;\"><strong>\u00a0<\/strong><\/p>\n<p style=\"text-align: center;\"><strong>S\u1eefa chua m\u1eadt ong\/ Yoghurt with honey \/ 39,000<\/strong><\/p>\n<p style=\"text-align: center;\"><strong>\u00a0<\/strong><\/p>\n<p style=\"text-align: center;\"><strong>Kem c\u00e0 ph\u00ea\/<\/strong><strong>Ice cream in coffee<\/strong><strong>\/Cr\u00e8me glac\u00e9e au caf\u00e9 \/ <\/strong><strong>85,000<\/strong><\/p>\n","protected":false},"excerpt":{"rendered":"<p>Desert\/M\u00f3n tr\u00e1ng mi\u1ec7ng Price: VND \u00a0 Nama tr\u00e0 xanh\/Nama chocolate \/ 10,000 \u00a0 Kem s\u00f4c\u00f4la\/vanila\/chocolat ice cream \/ 45,000 \u00a0 S\u00f4c\u00f4la ki\u1ec3u \u00dd\/Mousse chocolate \/ 48,000 \u00a0 Tiramisu \/ 65,000 \u00a0 Passion Mousse \/ 65,000 \u00a0 B\u00e1nh t\u00e1o\/Apple pie \/ 58,000 \u00a0 B\u00e1nh t\u00e1o v\u1edbi kem &amp; Apple pie and ice cream \/ 75,000 \u00a0&hellip; <a class=\"more-link\" href=\"https:\/\/legeckosapa.com\/vn\/desert\">Continue reading <span class=\"screen-reader-text\">Desert<\/span><\/a><\/p>\n","protected":false},"author":1,"featured_media":0,"parent":0,"menu_order":0,"comment_status":"closed","ping_status":"closed","template":"","meta":{"footnotes":""},"class_list":["post-223","page","type-page","status-publish","hentry","entry"],"yoast_head":"<!-- This site is optimized with the Yoast SEO plugin v21.1 - https:\/\/yoast.com\/wordpress\/plugins\/seo\/ -->\n<title>Desert - Le Gecko Sapa<\/title>\n<meta name=\"robots\" content=\"index, follow, max-snippet:-1, max-image-preview:large, max-video-preview:-1\" \/>\n<link rel=\"canonical\" href=\"https:\/\/legeckosapa.com\/vn\/desert\" \/>\n<meta property=\"og:locale\" content=\"en_US\" \/>\n<meta property=\"og:type\" content=\"article\" \/>\n<meta property=\"og:title\" content=\"Desert - Le Gecko Sapa\" \/>\n<meta property=\"og:description\" content=\"Desert\/M\u00f3n tr\u00e1ng mi\u1ec7ng Price: VND \u00a0 Nama tr\u00e0 xanh\/Nama chocolate \/ 10,000 \u00a0 Kem s\u00f4c\u00f4la\/vanila\/chocolat ice cream \/ 45,000 \u00a0 S\u00f4c\u00f4la ki\u1ec3u \u00dd\/Mousse chocolate \/ 48,000 \u00a0 Tiramisu \/ 65,000 \u00a0 Passion Mousse \/ 65,000 \u00a0 B\u00e1nh t\u00e1o\/Apple pie \/ 58,000 \u00a0 B\u00e1nh t\u00e1o v\u1edbi kem &amp; Apple pie and ice cream \/ 75,000 \u00a0&hellip; Continue reading Desert\" \/>\n<meta property=\"og:url\" content=\"https:\/\/legeckosapa.com\/vn\/desert\" \/>\n<meta property=\"og:site_name\" content=\"Le Gecko Sapa\" \/>\n<meta property=\"article:modified_time\" content=\"2023-09-26T16:01:36+00:00\" \/>\n<meta name=\"twitter:card\" content=\"summary_large_image\" \/>\n<meta name=\"twitter:label1\" content=\"Est. reading time\" \/>\n\t<meta name=\"twitter:data1\" content=\"1 minute\" \/>\n<script type=\"application\/ld+json\" class=\"yoast-schema-graph\">{\"@context\":\"https:\/\/schema.org\",\"@graph\":[{\"@type\":\"WebPage\",\"@id\":\"https:\/\/legeckosapa.com\/vn\/desert\",\"url\":\"https:\/\/legeckosapa.com\/vn\/desert\",\"name\":\"Desert - Le Gecko Sapa\",\"isPartOf\":{\"@id\":\"https:\/\/legeckosapa.com\/vn\/#website\"},\"datePublished\":\"2023-09-26T15:33:42+00:00\",\"dateModified\":\"2023-09-26T16:01:36+00:00\",\"breadcrumb\":{\"@id\":\"https:\/\/legeckosapa.com\/vn\/desert#breadcrumb\"},\"inLanguage\":\"en-US\",\"potentialAction\":[{\"@type\":\"ReadAction\",\"target\":[\"https:\/\/legeckosapa.com\/vn\/desert\"]}]},{\"@type\":\"BreadcrumbList\",\"@id\":\"https:\/\/legeckosapa.com\/vn\/desert#breadcrumb\",\"itemListElement\":[{\"@type\":\"ListItem\",\"position\":1,\"name\":\"Home\",\"item\":\"https:\/\/legeckosapa.com\/vn\"},{\"@type\":\"ListItem\",\"position\":2,\"name\":\"Desert\"}]},{\"@type\":\"WebSite\",\"@id\":\"https:\/\/legeckosapa.com\/vn\/#website\",\"url\":\"https:\/\/legeckosapa.com\/vn\/\",\"name\":\"Le Gecko Sapa\",\"description\":\"\",\"publisher\":{\"@id\":\"https:\/\/legeckosapa.com\/vn\/#organization\"},\"potentialAction\":[{\"@type\":\"SearchAction\",\"target\":{\"@type\":\"EntryPoint\",\"urlTemplate\":\"https:\/\/legeckosapa.com\/vn\/?s={search_term_string}\"},\"query-input\":\"required name=search_term_string\"}],\"inLanguage\":\"en-US\"},{\"@type\":\"Organization\",\"@id\":\"https:\/\/legeckosapa.com\/vn\/#organization\",\"name\":\"Le Gecko Sapa\",\"url\":\"https:\/\/legeckosapa.com\/vn\/\",\"logo\":{\"@type\":\"ImageObject\",\"inLanguage\":\"en-US\",\"@id\":\"https:\/\/legeckosapa.com\/vn\/#\/schema\/logo\/image\/\",\"url\":\"https:\/\/legeckosapa.com\/vn\/wp-content\/uploads\/2023\/10\/cropped-cropped-LegeckoDualLogo512.png\",\"contentUrl\":\"https:\/\/legeckosapa.com\/vn\/wp-content\/uploads\/2023\/10\/cropped-cropped-LegeckoDualLogo512.png\",\"width\":512,\"height\":171,\"caption\":\"Le Gecko Sapa\"},\"image\":{\"@id\":\"https:\/\/legeckosapa.com\/vn\/#\/schema\/logo\/image\/\"}}]}<\/script>\n<!-- \/ Yoast SEO plugin. -->","yoast_head_json":{"title":"Desert - Le Gecko Sapa","robots":{"index":"index","follow":"follow","max-snippet":"max-snippet:-1","max-image-preview":"max-image-preview:large","max-video-preview":"max-video-preview:-1"},"canonical":"https:\/\/legeckosapa.com\/vn\/desert","og_locale":"en_US","og_type":"article","og_title":"Desert - Le Gecko Sapa","og_description":"Desert\/M\u00f3n tr\u00e1ng mi\u1ec7ng Price: VND \u00a0 Nama tr\u00e0 xanh\/Nama chocolate \/ 10,000 \u00a0 Kem s\u00f4c\u00f4la\/vanila\/chocolat ice cream \/ 45,000 \u00a0 S\u00f4c\u00f4la ki\u1ec3u \u00dd\/Mousse chocolate \/ 48,000 \u00a0 Tiramisu \/ 65,000 \u00a0 Passion Mousse \/ 65,000 \u00a0 B\u00e1nh t\u00e1o\/Apple pie \/ 58,000 \u00a0 B\u00e1nh t\u00e1o v\u1edbi kem &amp; Apple pie and ice cream \/ 75,000 \u00a0&hellip; Continue reading Desert","og_url":"https:\/\/legeckosapa.com\/vn\/desert","og_site_name":"Le Gecko Sapa","article_modified_time":"2023-09-26T16:01:36+00:00","twitter_card":"summary_large_image","twitter_misc":{"Est. reading time":"1 minute"},"schema":{"@context":"https:\/\/schema.org","@graph":[{"@type":"WebPage","@id":"https:\/\/legeckosapa.com\/vn\/desert","url":"https:\/\/legeckosapa.com\/vn\/desert","name":"Desert - Le Gecko Sapa","isPartOf":{"@id":"https:\/\/legeckosapa.com\/vn\/#website"},"datePublished":"2023-09-26T15:33:42+00:00","dateModified":"2023-09-26T16:01:36+00:00","breadcrumb":{"@id":"https:\/\/legeckosapa.com\/vn\/desert#breadcrumb"},"inLanguage":"en-US","potentialAction":[{"@type":"ReadAction","target":["https:\/\/legeckosapa.com\/vn\/desert"]}]},{"@type":"BreadcrumbList","@id":"https:\/\/legeckosapa.com\/vn\/desert#breadcrumb","itemListElement":[{"@type":"ListItem","position":1,"name":"Home","item":"https:\/\/legeckosapa.com\/vn"},{"@type":"ListItem","position":2,"name":"Desert"}]},{"@type":"WebSite","@id":"https:\/\/legeckosapa.com\/vn\/#website","url":"https:\/\/legeckosapa.com\/vn\/","name":"Le Gecko Sapa","description":"","publisher":{"@id":"https:\/\/legeckosapa.com\/vn\/#organization"},"potentialAction":[{"@type":"SearchAction","target":{"@type":"EntryPoint","urlTemplate":"https:\/\/legeckosapa.com\/vn\/?s={search_term_string}"},"query-input":"required name=search_term_string"}],"inLanguage":"en-US"},{"@type":"Organization","@id":"https:\/\/legeckosapa.com\/vn\/#organization","name":"Le Gecko Sapa","url":"https:\/\/legeckosapa.com\/vn\/","logo":{"@type":"ImageObject","inLanguage":"en-US","@id":"https:\/\/legeckosapa.com\/vn\/#\/schema\/logo\/image\/","url":"https:\/\/legeckosapa.com\/vn\/wp-content\/uploads\/2023\/10\/cropped-cropped-LegeckoDualLogo512.png","contentUrl":"https:\/\/legeckosapa.com\/vn\/wp-content\/uploads\/2023\/10\/cropped-cropped-LegeckoDualLogo512.png","width":512,"height":171,"caption":"Le Gecko Sapa"},"image":{"@id":"https:\/\/legeckosapa.com\/vn\/#\/schema\/logo\/image\/"}}]}},"_links":{"self":[{"href":"https:\/\/legeckosapa.com\/vn\/wp-json\/wp\/v2\/pages\/223","targetHints":{"allow":["GET"]}}],"collection":[{"href":"https:\/\/legeckosapa.com\/vn\/wp-json\/wp\/v2\/pages"}],"about":[{"href":"https:\/\/legeckosapa.com\/vn\/wp-json\/wp\/v2\/types\/page"}],"author":[{"embeddable":true,"href":"https:\/\/legeckosapa.com\/vn\/wp-json\/wp\/v2\/users\/1"}],"replies":[{"embeddable":true,"href":"https:\/\/legeckosapa.com\/vn\/wp-json\/wp\/v2\/comments?post=223"}],"version-history":[{"count":3,"href":"https:\/\/legeckosapa.com\/vn\/wp-json\/wp\/v2\/pages\/223\/revisions"}],"predecessor-version":[{"id":256,"href":"https:\/\/legeckosapa.com\/vn\/wp-json\/wp\/v2\/pages\/223\/revisions\/256"}],"wp:attachment":[{"href":"https:\/\/legeckosapa.com\/vn\/wp-json\/wp\/v2\/media?parent=223"}],"curies":[{"name":"wp","href":"https:\/\/api.w.org\/{rel}","templated":true}]}}