{"id":222,"date":"2023-09-26T15:33:42","date_gmt":"2023-09-26T15:33:42","guid":{"rendered":"https:\/\/legeckosapa.com\/?page_id=222"},"modified":"2023-09-26T15:59:27","modified_gmt":"2023-09-26T15:59:27","slug":"vegetarian-dish","status":"publish","type":"page","link":"https:\/\/legeckosapa.com\/vn\/vegetarian-dish","title":{"rendered":"Vegetarian dish"},"content":{"rendered":"<p style=\"text-align: center;\"><span style=\"color: #ff9900; font-size: 24pt;\"><strong>Plat V\u00e9g\u00e9tarien<\/strong><\/span><\/p>\n<p style=\"text-align: center;\"><strong><em>Price: VND<\/em><\/strong><\/p>\n<p style=\"text-align: center;\"><strong><em>Vegetarian dish\/M\u00f3n \u0103n chay<\/em><\/strong><\/p>\n<p style=\"text-align: center;\"><strong>Nem rau r\u00e1n \/\u00a089,000<\/strong><\/p>\n<p style=\"text-align: center;\">6 nems aux l\u00e9gumes frit. 6 fried vegetarian spring rolls<\/p>\n<p style=\"text-align: center;\"><strong>\u00a0<\/strong><\/p>\n<p style=\"text-align: center;\"><strong>M\u1ef3 x\u00e0o rau \/\u00a0129,000<\/strong><\/p>\n<p style=\"text-align: center;\">Nouilles de bl\u00e9 frits aux legumes. Fried wheat noodles with vegetables<\/p>\n<p style=\"text-align: center;\"><strong>\u00a0<\/strong><\/p>\n<p style=\"text-align: center;\"><strong>\u0110\u1eadu s\u1ed1t c\u00e0 chua \u0103n k\u00e8m c\u01a1m tr\u1eafng \/\u00a089,000<\/strong><\/p>\n<p style=\"text-align: center;\">Toffu frit aux sauce des tomates servis avec de riz. Grilled tofu with tomato sauce served with rice<\/p>\n<p style=\"text-align: center;\"><strong>\u00a0<\/strong><\/p>\n<p style=\"text-align: center;\"><strong>C\u00e0 t\u00edm c\u00e0 ri \/\u00a099,000<\/strong><\/p>\n<p style=\"text-align: center;\">Aubergine aux sauce curry servis avec de riz. Eggplant with curry sauce served with rice<\/p>\n<p>&nbsp;<\/p>\n<p style=\"text-align: center;\"><strong>N\u1ea5m x\u00e0o x\u00ec d\u1ea7u \/\u00a095,000<\/strong><\/p>\n<p style=\"text-align: center;\">Champignons frais de Sapa saut\u00e9s \u00e0 la sauce soja servis avec de riz<\/p>\n<p style=\"text-align: center;\">Sauteed fresh musrhoom of Sapa with soya sauce. Served with steamed rice<\/p>\n<p>&nbsp;<\/p>\n<p style=\"text-align: center;\"><strong>Qu\u1ea3 su su x\u00e0o t\u1ecfi \/\u00a089,000<\/strong><\/p>\n<p style=\"text-align: center;\">Choko saut\u00e9 \u00e0 l\u2019ail servis avec de riz. Choko sauteed with garlic served with steamed rice<\/p>\n<p style=\"text-align: center;\"><strong>\u00a0<\/strong><\/p>\n<p style=\"text-align: center;\"><strong>C\u01a1m rang rau \/\u00a0109,000<\/strong><\/p>\n<p style=\"text-align: center;\">Riz fit aux legumes. Fried rice with vegetables<\/p>\n<p style=\"text-align: center;\"><strong>\u00a0<\/strong><\/p>\n<p style=\"text-align: center;\"><strong>C\u01a1m lam \/\u00a045,000<\/strong><\/p>\n<p style=\"text-align: center;\">Riz dans bamboo. Sticky rice in bamboo pipe<\/p>\n<p style=\"text-align: center;\"><strong>\u00a0<\/strong><\/p>\n<p style=\"text-align: center;\"><strong>C\u01a1m tr\u1eafng \/\u00a035,000<\/strong><\/p>\n<p style=\"text-align: center;\">Riz blanc. Steamed rice<\/p>\n<p style=\"text-align: center;\"><strong>\u00a0<\/strong><\/p>\n<p style=\"text-align: center;\"><strong>Spaghetti avec sauce v\u00e9g\u00e9tarienne \/\u00a0149,000<\/strong><\/p>\n<p style=\"text-align: center;\">P\u00e2tes fraiches maison et sauce l\u00e9gumes : tomate, champignons, fromage<\/p>\n<p style=\"text-align: center;\">Spaghetti with sauce of tomato, mushroom, cheese\/M\u1ef3 s\u1ed1t n\u1ea5m c\u00e0 chua, pho m\u00e1t<\/p>\n","protected":false},"excerpt":{"rendered":"<p>Plat V\u00e9g\u00e9tarien Price: VND Vegetarian dish\/M\u00f3n \u0103n chay Nem rau r\u00e1n \/\u00a089,000 6 nems aux l\u00e9gumes frit. 6 fried vegetarian spring rolls \u00a0 M\u1ef3 x\u00e0o rau \/\u00a0129,000 Nouilles de bl\u00e9 frits aux legumes. Fried wheat noodles with vegetables \u00a0 \u0110\u1eadu s\u1ed1t c\u00e0 chua \u0103n k\u00e8m c\u01a1m tr\u1eafng \/\u00a089,000 Toffu frit aux sauce des tomates servis&hellip; <a class=\"more-link\" href=\"https:\/\/legeckosapa.com\/vn\/vegetarian-dish\">Continue reading <span class=\"screen-reader-text\">Vegetarian dish<\/span><\/a><\/p>\n","protected":false},"author":1,"featured_media":0,"parent":0,"menu_order":0,"comment_status":"closed","ping_status":"closed","template":"","meta":{"footnotes":""},"class_list":["post-222","page","type-page","status-publish","hentry","entry"],"yoast_head":"<!-- This site is optimized with the Yoast SEO plugin v21.1 - https:\/\/yoast.com\/wordpress\/plugins\/seo\/ -->\n<title>Vegetarian dish - Le Gecko Sapa<\/title>\n<meta name=\"robots\" content=\"index, follow, max-snippet:-1, max-image-preview:large, max-video-preview:-1\" \/>\n<link rel=\"canonical\" href=\"https:\/\/legeckosapa.com\/vn\/vegetarian-dish\" \/>\n<meta property=\"og:locale\" content=\"en_US\" \/>\n<meta property=\"og:type\" content=\"article\" \/>\n<meta property=\"og:title\" content=\"Vegetarian dish - Le Gecko Sapa\" \/>\n<meta property=\"og:description\" content=\"Plat V\u00e9g\u00e9tarien Price: VND Vegetarian dish\/M\u00f3n \u0103n chay Nem rau r\u00e1n \/\u00a089,000 6 nems aux l\u00e9gumes frit. 6 fried vegetarian spring rolls \u00a0 M\u1ef3 x\u00e0o rau \/\u00a0129,000 Nouilles de bl\u00e9 frits aux legumes. Fried wheat noodles with vegetables \u00a0 \u0110\u1eadu s\u1ed1t c\u00e0 chua \u0103n k\u00e8m c\u01a1m tr\u1eafng \/\u00a089,000 Toffu frit aux sauce des tomates servis&hellip; Continue reading Vegetarian dish\" \/>\n<meta property=\"og:url\" content=\"https:\/\/legeckosapa.com\/vn\/vegetarian-dish\" \/>\n<meta property=\"og:site_name\" content=\"Le Gecko Sapa\" \/>\n<meta property=\"article:modified_time\" content=\"2023-09-26T15:59:27+00:00\" \/>\n<meta name=\"twitter:card\" content=\"summary_large_image\" \/>\n<meta name=\"twitter:label1\" content=\"Est. reading time\" \/>\n\t<meta name=\"twitter:data1\" content=\"1 minute\" \/>\n<script type=\"application\/ld+json\" class=\"yoast-schema-graph\">{\"@context\":\"https:\/\/schema.org\",\"@graph\":[{\"@type\":\"WebPage\",\"@id\":\"https:\/\/legeckosapa.com\/vn\/vegetarian-dish\",\"url\":\"https:\/\/legeckosapa.com\/vn\/vegetarian-dish\",\"name\":\"Vegetarian dish - Le Gecko Sapa\",\"isPartOf\":{\"@id\":\"https:\/\/legeckosapa.com\/vn\/#website\"},\"datePublished\":\"2023-09-26T15:33:42+00:00\",\"dateModified\":\"2023-09-26T15:59:27+00:00\",\"breadcrumb\":{\"@id\":\"https:\/\/legeckosapa.com\/vn\/vegetarian-dish#breadcrumb\"},\"inLanguage\":\"en-US\",\"potentialAction\":[{\"@type\":\"ReadAction\",\"target\":[\"https:\/\/legeckosapa.com\/vn\/vegetarian-dish\"]}]},{\"@type\":\"BreadcrumbList\",\"@id\":\"https:\/\/legeckosapa.com\/vn\/vegetarian-dish#breadcrumb\",\"itemListElement\":[{\"@type\":\"ListItem\",\"position\":1,\"name\":\"Home\",\"item\":\"https:\/\/legeckosapa.com\/vn\"},{\"@type\":\"ListItem\",\"position\":2,\"name\":\"Vegetarian dish\"}]},{\"@type\":\"WebSite\",\"@id\":\"https:\/\/legeckosapa.com\/vn\/#website\",\"url\":\"https:\/\/legeckosapa.com\/vn\/\",\"name\":\"Le Gecko Sapa\",\"description\":\"\",\"publisher\":{\"@id\":\"https:\/\/legeckosapa.com\/vn\/#organization\"},\"potentialAction\":[{\"@type\":\"SearchAction\",\"target\":{\"@type\":\"EntryPoint\",\"urlTemplate\":\"https:\/\/legeckosapa.com\/vn\/?s={search_term_string}\"},\"query-input\":\"required name=search_term_string\"}],\"inLanguage\":\"en-US\"},{\"@type\":\"Organization\",\"@id\":\"https:\/\/legeckosapa.com\/vn\/#organization\",\"name\":\"Le Gecko Sapa\",\"url\":\"https:\/\/legeckosapa.com\/vn\/\",\"logo\":{\"@type\":\"ImageObject\",\"inLanguage\":\"en-US\",\"@id\":\"https:\/\/legeckosapa.com\/vn\/#\/schema\/logo\/image\/\",\"url\":\"https:\/\/legeckosapa.com\/vn\/wp-content\/uploads\/2023\/10\/cropped-cropped-LegeckoDualLogo512.png\",\"contentUrl\":\"https:\/\/legeckosapa.com\/vn\/wp-content\/uploads\/2023\/10\/cropped-cropped-LegeckoDualLogo512.png\",\"width\":512,\"height\":171,\"caption\":\"Le Gecko Sapa\"},\"image\":{\"@id\":\"https:\/\/legeckosapa.com\/vn\/#\/schema\/logo\/image\/\"}}]}<\/script>\n<!-- \/ Yoast SEO plugin. -->","yoast_head_json":{"title":"Vegetarian dish - Le Gecko Sapa","robots":{"index":"index","follow":"follow","max-snippet":"max-snippet:-1","max-image-preview":"max-image-preview:large","max-video-preview":"max-video-preview:-1"},"canonical":"https:\/\/legeckosapa.com\/vn\/vegetarian-dish","og_locale":"en_US","og_type":"article","og_title":"Vegetarian dish - Le Gecko Sapa","og_description":"Plat V\u00e9g\u00e9tarien Price: VND Vegetarian dish\/M\u00f3n \u0103n chay Nem rau r\u00e1n \/\u00a089,000 6 nems aux l\u00e9gumes frit. 6 fried vegetarian spring rolls \u00a0 M\u1ef3 x\u00e0o rau \/\u00a0129,000 Nouilles de bl\u00e9 frits aux legumes. Fried wheat noodles with vegetables \u00a0 \u0110\u1eadu s\u1ed1t c\u00e0 chua \u0103n k\u00e8m c\u01a1m tr\u1eafng \/\u00a089,000 Toffu frit aux sauce des tomates servis&hellip; Continue reading Vegetarian dish","og_url":"https:\/\/legeckosapa.com\/vn\/vegetarian-dish","og_site_name":"Le Gecko Sapa","article_modified_time":"2023-09-26T15:59:27+00:00","twitter_card":"summary_large_image","twitter_misc":{"Est. reading time":"1 minute"},"schema":{"@context":"https:\/\/schema.org","@graph":[{"@type":"WebPage","@id":"https:\/\/legeckosapa.com\/vn\/vegetarian-dish","url":"https:\/\/legeckosapa.com\/vn\/vegetarian-dish","name":"Vegetarian dish - Le Gecko Sapa","isPartOf":{"@id":"https:\/\/legeckosapa.com\/vn\/#website"},"datePublished":"2023-09-26T15:33:42+00:00","dateModified":"2023-09-26T15:59:27+00:00","breadcrumb":{"@id":"https:\/\/legeckosapa.com\/vn\/vegetarian-dish#breadcrumb"},"inLanguage":"en-US","potentialAction":[{"@type":"ReadAction","target":["https:\/\/legeckosapa.com\/vn\/vegetarian-dish"]}]},{"@type":"BreadcrumbList","@id":"https:\/\/legeckosapa.com\/vn\/vegetarian-dish#breadcrumb","itemListElement":[{"@type":"ListItem","position":1,"name":"Home","item":"https:\/\/legeckosapa.com\/vn"},{"@type":"ListItem","position":2,"name":"Vegetarian dish"}]},{"@type":"WebSite","@id":"https:\/\/legeckosapa.com\/vn\/#website","url":"https:\/\/legeckosapa.com\/vn\/","name":"Le Gecko Sapa","description":"","publisher":{"@id":"https:\/\/legeckosapa.com\/vn\/#organization"},"potentialAction":[{"@type":"SearchAction","target":{"@type":"EntryPoint","urlTemplate":"https:\/\/legeckosapa.com\/vn\/?s={search_term_string}"},"query-input":"required name=search_term_string"}],"inLanguage":"en-US"},{"@type":"Organization","@id":"https:\/\/legeckosapa.com\/vn\/#organization","name":"Le Gecko Sapa","url":"https:\/\/legeckosapa.com\/vn\/","logo":{"@type":"ImageObject","inLanguage":"en-US","@id":"https:\/\/legeckosapa.com\/vn\/#\/schema\/logo\/image\/","url":"https:\/\/legeckosapa.com\/vn\/wp-content\/uploads\/2023\/10\/cropped-cropped-LegeckoDualLogo512.png","contentUrl":"https:\/\/legeckosapa.com\/vn\/wp-content\/uploads\/2023\/10\/cropped-cropped-LegeckoDualLogo512.png","width":512,"height":171,"caption":"Le Gecko Sapa"},"image":{"@id":"https:\/\/legeckosapa.com\/vn\/#\/schema\/logo\/image\/"}}]}},"_links":{"self":[{"href":"https:\/\/legeckosapa.com\/vn\/wp-json\/wp\/v2\/pages\/222","targetHints":{"allow":["GET"]}}],"collection":[{"href":"https:\/\/legeckosapa.com\/vn\/wp-json\/wp\/v2\/pages"}],"about":[{"href":"https:\/\/legeckosapa.com\/vn\/wp-json\/wp\/v2\/types\/page"}],"author":[{"embeddable":true,"href":"https:\/\/legeckosapa.com\/vn\/wp-json\/wp\/v2\/users\/1"}],"replies":[{"embeddable":true,"href":"https:\/\/legeckosapa.com\/vn\/wp-json\/wp\/v2\/comments?post=222"}],"version-history":[{"count":6,"href":"https:\/\/legeckosapa.com\/vn\/wp-json\/wp\/v2\/pages\/222\/revisions"}],"predecessor-version":[{"id":254,"href":"https:\/\/legeckosapa.com\/vn\/wp-json\/wp\/v2\/pages\/222\/revisions\/254"}],"wp:attachment":[{"href":"https:\/\/legeckosapa.com\/vn\/wp-json\/wp\/v2\/media?parent=222"}],"curies":[{"name":"wp","href":"https:\/\/api.w.org\/{rel}","templated":true}]}}