{"id":221,"date":"2023-09-26T15:33:42","date_gmt":"2023-09-26T15:33:42","guid":{"rendered":"https:\/\/legeckosapa.com\/?page_id=221"},"modified":"2023-09-26T15:55:43","modified_gmt":"2023-09-26T15:55:43","slug":"vietnamese-traditional-food","status":"publish","type":"page","link":"https:\/\/legeckosapa.com\/vn\/vietnamese-traditional-food","title":{"rendered":"Vietnamese traditional food"},"content":{"rendered":"<p style=\"text-align: center;\"><span style=\"font-size: 24pt; color: #ff9900;\"><strong>Cuisine traditionnelle Vietnamienne<\/strong><\/span><\/p>\n<p style=\"text-align: center;\"><strong><em>Vietnamese traditional food\/M\u00f3n truy\u1ec1n th\u1ed1ng Vi\u1ec7t<\/em><\/strong><\/p>\n<p style=\"text-align: center;\"><strong>\u00a0<\/strong><\/p>\n<p style=\"text-align: center;\"><strong>Nem rau r\u00e1n \/\u00a0 89,000<\/strong><\/p>\n<p style=\"text-align: center;\">\u00a0\u00a0\u00a0\u00a0\u00a0\u00a0\u00a0\u00a0\u00a0 6 nems aux l\u00e9gumes frit. 6 fried vegetarian spring rolls<\/p>\n<p style=\"text-align: center;\"><strong>\u00a0<\/strong><\/p>\n<p style=\"text-align: center;\"><strong>Nem Sapa \/\u00a0 99,000<\/strong><\/p>\n<p style=\"text-align: center;\">\u00a0\u00a0\u00a0\u00a0\u00a0\u00a0\u00a0\u00a0\u00a0 6 nems de porc et l\u00e9gumes frit. 6 fried spring rolls of pork and vegetables<\/p>\n<p style=\"text-align: center;\"><strong>\u00a0<\/strong><\/p>\n<p style=\"text-align: center;\"><strong>G\u00e0 x\u00e0o n\u1ea5m t\u01b0\u01a1i Sapa \u0103n k\u00e8m c\u01a1m tr\u1eafng \/\u00a0 199,000<\/strong><\/p>\n<p style=\"text-align: center;\">\u00a0\u00a0\u00a0\u00a0\u00a0\u00a0\u00a0\u00a0\u00a0 Poulet saut\u00e9 aux champignons frais de Sapa.Servis avec de riz<\/p>\n<p style=\"text-align: center;\">\u00a0\u00a0\u00a0\u00a0\u00a0\u00a0\u00a0\u00a0\u00a0 Sauteed chicken with fresh mushroom of Sapa. Served with rice<\/p>\n<p style=\"text-align: center;\"><strong>\u00a0<\/strong><\/p>\n<p style=\"text-align: center;\"><strong>G\u00e0 x\u00e0o s\u1ea3 \u1edbt \u0103n k\u00e8m c\u01a1m tr\u1eafng \/\u00a0 199,000<\/strong><\/p>\n<p style=\"text-align: center;\">\u00a0\u00a0\u00a0\u00a0\u00a0\u00a0\u00a0\u00a0\u00a0 Poulet saut\u00e9 avec des poirves verts et citronnelle. Servis avec de riz<\/p>\n<p style=\"text-align: center;\">\u00a0\u00a0\u00a0\u00a0\u00a0\u00a0\u00a0\u00a0\u00a0 Sauteed chicken with green pepper and lemongrass. Served with rice<\/p>\n<p style=\"text-align: center;\"><strong>\u00a0<\/strong><\/p>\n<p style=\"text-align: center;\"><strong>G\u00e0 n\u01b0\u1edbng l\u00e1 chanh tr\u00ean gang n\u00f3ng \/\u00a0 199,000<\/strong><\/p>\n<p style=\"text-align: center;\">Poulet grill\u00e9 sur plaque chaud avec des feuilles de citron. Servis avec de riz<\/p>\n<p style=\"text-align: center;\">Grilled chicken on hot plate with lemon leaves. Served with steamed rice<\/p>\n<p style=\"text-align: center;\"><strong>\u00a0<\/strong><\/p>\n<p style=\"text-align: center;\"><strong>L<\/strong><strong>\u1ee3n<\/strong><strong> n\u01b0\u1edbng th\u1ea3o qu\u1ea3 S<\/strong><strong>apa gang n\u00f3ng \/\u00a0 229,000<\/strong><\/p>\n<p style=\"text-align: center;\">\u00a0\u00a0\u00a0\u00a0\u00a0\u00a0\u00a0\u00a0\u00a0\u00a0\u00a0 Porc grill\u00e9 sur plaque chaud aux cardamone de Sapa. Servis avec de riz<\/p>\n<p style=\"text-align: center;\">\u00a0\u00a0\u00a0\u00a0\u00a0\u00a0\u00a0\u00a0\u00a0 Grilled pork on hot plate with cardamom from Sapa. Served with sticky rice<\/p>\n<p>&nbsp;<\/p>\n<p style=\"text-align: center;\"><strong>B\u00f2 n\u01b0\u1edbng l\u00e1 chanh tr\u00ean gang n\u00f3ng \/\u00a0 249,000<\/strong><\/p>\n<p style=\"text-align: center;\">\u00a0\u00a0\u00a0\u00a0\u00a0\u00a0\u00a0\u00a0\u00a0 Boeuf grill\u00e9 sur plaque chaud avec des feuilles de citron. Servis avec de riz<\/p>\n<p style=\"text-align: center;\">\u00a0\u00a0\u00a0\u00a0\u00a0\u00a0\u00a0\u00a0\u00a0 Grilled beef on hot plate\u00a0 with lemon leaves. Served with steamed rice<\/p>\n<p style=\"text-align: center;\"><strong>\u00a0<\/strong><\/p>\n<p style=\"text-align: center;\"><strong>Th\u1ecbt tr\u00e2u x\u00e0o t\u1ecfi v\u1edbi c\u01a1m lam \/\u00a0 259,000<\/strong><\/p>\n<p style=\"text-align: center;\">Buffle frit avec l\u2019ail servis avec de riz dans bamboo<\/p>\n<p style=\"text-align: center;\">Fried buffalo with garlic served with sticky rice in bamboo pipe<\/p>\n<p style=\"text-align: center;\"><strong>\u00a0<\/strong><\/p>\n<p style=\"text-align: center;\"><strong>M\u1ef3 x\u00e0o b\u00f2\/l\u1ee3n\/g\u00e0 \/\u00a0 129,000<\/strong><\/p>\n<p style=\"text-align: center;\">Nouilles de bl\u00e9 frits aux l\u00e9gumes avec boeuf, porc ou poulet<\/p>\n<p style=\"text-align: center;\">Fried wheat noodles with vegetables and beef or pork or chicken<\/p>\n<p style=\"text-align: center;\"><strong>\u00a0<\/strong><\/p>\n<p style=\"text-align: center;\"><strong>C\u01a1m rang b\u00f2\/l\u1ee3n\/g\u00e0 \/\u00a0 139,000<\/strong><\/p>\n<p style=\"text-align: center;\">\u00a0\u00a0\u00a0\u00a0\u00a0\u00a0\u00a0\u00a0\u00a0 Riz fit avec boeuf ou porc ou poulet et legumes<\/p>\n<p style=\"text-align: center;\">\u00a0\u00a0\u00a0\u00a0\u00a0\u00a0\u00a0\u00a0\u00a0 Fried rice with beef or pork or chicken and vegetables<\/p>\n<p>&nbsp;<\/p>\n<p style=\"text-align: center;\"><span style=\"color: #ff9900; font-size: 24pt;\"><strong>Fondue Vietnamienne<\/strong><\/span><\/p>\n<p style=\"text-align: center;\"><strong><em>Hot pot\/L\u1ea9u<\/em><\/strong><\/p>\n<p style=\"text-align: center;\"><strong><em>Two person<\/em><\/strong><\/p>\n<p style=\"text-align: center;\"><strong>Fondue Vietnamienne aux legumes \/\u00a0 419,000<\/strong><\/p>\n<p style=\"text-align: center;\">Hot pot with mixed vegetables and mushroom of Sapa\/L\u1ea9u rau n\u1ea5m<\/p>\n<p style=\"text-align: center;\"><strong>Fondue Vietnamienne poulet\/boeuf\/porc ou mixte \/\u00a0 599,000<\/strong><\/p>\n<p style=\"text-align: center;\">Hot pot with chicken\/beef\/pork or mixed\/L\u1ea9u g\u00e0\/b\u00f2\/l\u1ee3n\/th\u1eadp c\u1ea9m<\/p>\n<p style=\"text-align: center;\"><strong>\u00a0<\/strong><\/p>\n<p style=\"text-align: center;\"><strong>Fondue Vietnamienne saumon de Sapa \/\u00a0 790,000<\/strong><\/p>\n<p style=\"text-align: center;\">Hot pot with salmon from Sapa\/L\u1ea9u c\u00e1 h\u1ed3i Sapa<\/p>\n<p style=\"text-align: center;\"><strong>\u00a0<\/strong><\/p>\n<p style=\"text-align: center;\"><strong>Fondue Vietnamienne esturgeon de Sapa \/\u00a0 750,000<\/strong><\/p>\n<p style=\"text-align: center;\">Hot pot with sturgeon from Sapa\/L\u1ea9u c\u00e1 t\u1ea7m Sapa<\/p>\n","protected":false},"excerpt":{"rendered":"<p>Cuisine traditionnelle Vietnamienne Vietnamese traditional food\/M\u00f3n truy\u1ec1n th\u1ed1ng Vi\u1ec7t \u00a0 Nem rau r\u00e1n \/\u00a0 89,000 \u00a0\u00a0\u00a0\u00a0\u00a0\u00a0\u00a0\u00a0\u00a0 6 nems aux l\u00e9gumes frit. 6 fried vegetarian spring rolls \u00a0 Nem Sapa \/\u00a0 99,000 \u00a0\u00a0\u00a0\u00a0\u00a0\u00a0\u00a0\u00a0\u00a0 6 nems de porc et l\u00e9gumes frit. 6 fried spring rolls of pork and vegetables \u00a0 G\u00e0 x\u00e0o n\u1ea5m t\u01b0\u01a1i Sapa \u0103n k\u00e8m&hellip; <a class=\"more-link\" href=\"https:\/\/legeckosapa.com\/vn\/vietnamese-traditional-food\">Continue reading <span class=\"screen-reader-text\">Vietnamese traditional food<\/span><\/a><\/p>\n","protected":false},"author":1,"featured_media":0,"parent":0,"menu_order":0,"comment_status":"closed","ping_status":"closed","template":"","meta":{"footnotes":""},"class_list":["post-221","page","type-page","status-publish","hentry","entry"],"yoast_head":"<!-- This site is optimized with the Yoast SEO plugin v21.1 - https:\/\/yoast.com\/wordpress\/plugins\/seo\/ -->\n<title>Vietnamese traditional food - Le Gecko Sapa<\/title>\n<meta name=\"robots\" content=\"index, follow, max-snippet:-1, max-image-preview:large, max-video-preview:-1\" \/>\n<link rel=\"canonical\" href=\"https:\/\/legeckosapa.com\/vn\/vietnamese-traditional-food\" \/>\n<meta property=\"og:locale\" content=\"en_US\" \/>\n<meta property=\"og:type\" content=\"article\" \/>\n<meta property=\"og:title\" content=\"Vietnamese traditional food - Le Gecko Sapa\" \/>\n<meta property=\"og:description\" content=\"Cuisine traditionnelle Vietnamienne Vietnamese traditional food\/M\u00f3n truy\u1ec1n th\u1ed1ng Vi\u1ec7t \u00a0 Nem rau r\u00e1n \/\u00a0 89,000 \u00a0\u00a0\u00a0\u00a0\u00a0\u00a0\u00a0\u00a0\u00a0 6 nems aux l\u00e9gumes frit. 6 fried vegetarian spring rolls \u00a0 Nem Sapa \/\u00a0 99,000 \u00a0\u00a0\u00a0\u00a0\u00a0\u00a0\u00a0\u00a0\u00a0 6 nems de porc et l\u00e9gumes frit. 6 fried spring rolls of pork and vegetables \u00a0 G\u00e0 x\u00e0o n\u1ea5m t\u01b0\u01a1i Sapa \u0103n k\u00e8m&hellip; Continue reading Vietnamese traditional food\" \/>\n<meta property=\"og:url\" content=\"https:\/\/legeckosapa.com\/vn\/vietnamese-traditional-food\" \/>\n<meta property=\"og:site_name\" content=\"Le Gecko Sapa\" \/>\n<meta property=\"article:modified_time\" content=\"2023-09-26T15:55:43+00:00\" \/>\n<meta name=\"twitter:card\" content=\"summary_large_image\" \/>\n<meta name=\"twitter:label1\" content=\"Est. reading time\" \/>\n\t<meta name=\"twitter:data1\" content=\"2 minutes\" \/>\n<script type=\"application\/ld+json\" class=\"yoast-schema-graph\">{\"@context\":\"https:\/\/schema.org\",\"@graph\":[{\"@type\":\"WebPage\",\"@id\":\"https:\/\/legeckosapa.com\/vn\/vietnamese-traditional-food\",\"url\":\"https:\/\/legeckosapa.com\/vn\/vietnamese-traditional-food\",\"name\":\"Vietnamese traditional food - Le Gecko Sapa\",\"isPartOf\":{\"@id\":\"https:\/\/legeckosapa.com\/vn\/#website\"},\"datePublished\":\"2023-09-26T15:33:42+00:00\",\"dateModified\":\"2023-09-26T15:55:43+00:00\",\"breadcrumb\":{\"@id\":\"https:\/\/legeckosapa.com\/vn\/vietnamese-traditional-food#breadcrumb\"},\"inLanguage\":\"en-US\",\"potentialAction\":[{\"@type\":\"ReadAction\",\"target\":[\"https:\/\/legeckosapa.com\/vn\/vietnamese-traditional-food\"]}]},{\"@type\":\"BreadcrumbList\",\"@id\":\"https:\/\/legeckosapa.com\/vn\/vietnamese-traditional-food#breadcrumb\",\"itemListElement\":[{\"@type\":\"ListItem\",\"position\":1,\"name\":\"Home\",\"item\":\"https:\/\/legeckosapa.com\/vn\"},{\"@type\":\"ListItem\",\"position\":2,\"name\":\"Vietnamese traditional food\"}]},{\"@type\":\"WebSite\",\"@id\":\"https:\/\/legeckosapa.com\/vn\/#website\",\"url\":\"https:\/\/legeckosapa.com\/vn\/\",\"name\":\"Le Gecko Sapa\",\"description\":\"\",\"publisher\":{\"@id\":\"https:\/\/legeckosapa.com\/vn\/#organization\"},\"potentialAction\":[{\"@type\":\"SearchAction\",\"target\":{\"@type\":\"EntryPoint\",\"urlTemplate\":\"https:\/\/legeckosapa.com\/vn\/?s={search_term_string}\"},\"query-input\":\"required name=search_term_string\"}],\"inLanguage\":\"en-US\"},{\"@type\":\"Organization\",\"@id\":\"https:\/\/legeckosapa.com\/vn\/#organization\",\"name\":\"Le Gecko Sapa\",\"url\":\"https:\/\/legeckosapa.com\/vn\/\",\"logo\":{\"@type\":\"ImageObject\",\"inLanguage\":\"en-US\",\"@id\":\"https:\/\/legeckosapa.com\/vn\/#\/schema\/logo\/image\/\",\"url\":\"https:\/\/legeckosapa.com\/vn\/wp-content\/uploads\/2023\/10\/cropped-cropped-LegeckoDualLogo512.png\",\"contentUrl\":\"https:\/\/legeckosapa.com\/vn\/wp-content\/uploads\/2023\/10\/cropped-cropped-LegeckoDualLogo512.png\",\"width\":512,\"height\":171,\"caption\":\"Le Gecko Sapa\"},\"image\":{\"@id\":\"https:\/\/legeckosapa.com\/vn\/#\/schema\/logo\/image\/\"}}]}<\/script>\n<!-- \/ Yoast SEO plugin. -->","yoast_head_json":{"title":"Vietnamese traditional food - Le Gecko Sapa","robots":{"index":"index","follow":"follow","max-snippet":"max-snippet:-1","max-image-preview":"max-image-preview:large","max-video-preview":"max-video-preview:-1"},"canonical":"https:\/\/legeckosapa.com\/vn\/vietnamese-traditional-food","og_locale":"en_US","og_type":"article","og_title":"Vietnamese traditional food - Le Gecko Sapa","og_description":"Cuisine traditionnelle Vietnamienne Vietnamese traditional food\/M\u00f3n truy\u1ec1n th\u1ed1ng Vi\u1ec7t \u00a0 Nem rau r\u00e1n \/\u00a0 89,000 \u00a0\u00a0\u00a0\u00a0\u00a0\u00a0\u00a0\u00a0\u00a0 6 nems aux l\u00e9gumes frit. 6 fried vegetarian spring rolls \u00a0 Nem Sapa \/\u00a0 99,000 \u00a0\u00a0\u00a0\u00a0\u00a0\u00a0\u00a0\u00a0\u00a0 6 nems de porc et l\u00e9gumes frit. 6 fried spring rolls of pork and vegetables \u00a0 G\u00e0 x\u00e0o n\u1ea5m t\u01b0\u01a1i Sapa \u0103n k\u00e8m&hellip; Continue reading Vietnamese traditional food","og_url":"https:\/\/legeckosapa.com\/vn\/vietnamese-traditional-food","og_site_name":"Le Gecko Sapa","article_modified_time":"2023-09-26T15:55:43+00:00","twitter_card":"summary_large_image","twitter_misc":{"Est. reading time":"2 minutes"},"schema":{"@context":"https:\/\/schema.org","@graph":[{"@type":"WebPage","@id":"https:\/\/legeckosapa.com\/vn\/vietnamese-traditional-food","url":"https:\/\/legeckosapa.com\/vn\/vietnamese-traditional-food","name":"Vietnamese traditional food - Le Gecko Sapa","isPartOf":{"@id":"https:\/\/legeckosapa.com\/vn\/#website"},"datePublished":"2023-09-26T15:33:42+00:00","dateModified":"2023-09-26T15:55:43+00:00","breadcrumb":{"@id":"https:\/\/legeckosapa.com\/vn\/vietnamese-traditional-food#breadcrumb"},"inLanguage":"en-US","potentialAction":[{"@type":"ReadAction","target":["https:\/\/legeckosapa.com\/vn\/vietnamese-traditional-food"]}]},{"@type":"BreadcrumbList","@id":"https:\/\/legeckosapa.com\/vn\/vietnamese-traditional-food#breadcrumb","itemListElement":[{"@type":"ListItem","position":1,"name":"Home","item":"https:\/\/legeckosapa.com\/vn"},{"@type":"ListItem","position":2,"name":"Vietnamese traditional food"}]},{"@type":"WebSite","@id":"https:\/\/legeckosapa.com\/vn\/#website","url":"https:\/\/legeckosapa.com\/vn\/","name":"Le Gecko Sapa","description":"","publisher":{"@id":"https:\/\/legeckosapa.com\/vn\/#organization"},"potentialAction":[{"@type":"SearchAction","target":{"@type":"EntryPoint","urlTemplate":"https:\/\/legeckosapa.com\/vn\/?s={search_term_string}"},"query-input":"required name=search_term_string"}],"inLanguage":"en-US"},{"@type":"Organization","@id":"https:\/\/legeckosapa.com\/vn\/#organization","name":"Le Gecko Sapa","url":"https:\/\/legeckosapa.com\/vn\/","logo":{"@type":"ImageObject","inLanguage":"en-US","@id":"https:\/\/legeckosapa.com\/vn\/#\/schema\/logo\/image\/","url":"https:\/\/legeckosapa.com\/vn\/wp-content\/uploads\/2023\/10\/cropped-cropped-LegeckoDualLogo512.png","contentUrl":"https:\/\/legeckosapa.com\/vn\/wp-content\/uploads\/2023\/10\/cropped-cropped-LegeckoDualLogo512.png","width":512,"height":171,"caption":"Le Gecko Sapa"},"image":{"@id":"https:\/\/legeckosapa.com\/vn\/#\/schema\/logo\/image\/"}}]}},"_links":{"self":[{"href":"https:\/\/legeckosapa.com\/vn\/wp-json\/wp\/v2\/pages\/221","targetHints":{"allow":["GET"]}}],"collection":[{"href":"https:\/\/legeckosapa.com\/vn\/wp-json\/wp\/v2\/pages"}],"about":[{"href":"https:\/\/legeckosapa.com\/vn\/wp-json\/wp\/v2\/types\/page"}],"author":[{"embeddable":true,"href":"https:\/\/legeckosapa.com\/vn\/wp-json\/wp\/v2\/users\/1"}],"replies":[{"embeddable":true,"href":"https:\/\/legeckosapa.com\/vn\/wp-json\/wp\/v2\/comments?post=221"}],"version-history":[{"count":4,"href":"https:\/\/legeckosapa.com\/vn\/wp-json\/wp\/v2\/pages\/221\/revisions"}],"predecessor-version":[{"id":249,"href":"https:\/\/legeckosapa.com\/vn\/wp-json\/wp\/v2\/pages\/221\/revisions\/249"}],"wp:attachment":[{"href":"https:\/\/legeckosapa.com\/vn\/wp-json\/wp\/v2\/media?parent=221"}],"curies":[{"name":"wp","href":"https:\/\/api.w.org\/{rel}","templated":true}]}}