{"id":220,"date":"2023-09-26T15:33:42","date_gmt":"2023-09-26T15:33:42","guid":{"rendered":"https:\/\/legeckosapa.com\/?page_id=220"},"modified":"2023-09-26T15:51:41","modified_gmt":"2023-09-26T15:51:41","slug":"plat-maincoure","status":"publish","type":"page","link":"https:\/\/legeckosapa.com\/vn\/plat-maincoure","title":{"rendered":"Plat\/Maincoure"},"content":{"rendered":"<p style=\"text-align: center;\"><span style=\"color: #ff9900; font-size: 24pt;\"><strong>Sp\u00e9cialit\u00e9 Francais<\/strong><\/span><\/p>\n<p style=\"text-align: center;\"><em>Plat\/Maincoure<\/em><\/p>\n<p style=\"text-align: center;\"><strong>Tartiflette de Sapa\/Sp\u00e9cialit\u00e9 du Gecko\/Khoai t\u00e2y th\u1ecbt hun kh\u00f3i b\u1ecf l\u00f2 \/ 259,000<\/strong><\/p>\n<p style=\"text-align: center;\"><strong>\u00a0\u00a0\u00a0\u00a0\u00a0\u00a0\u00a0\u00a0\u00a0 <\/strong>Pommes de terre, lardons, oignon, fromage, vin de<\/p>\n<p style=\"text-align: center;\">\u00a0\u00a0\u00a0\u00a0\u00a0\u00a0\u00a0\u00a0\u00a0\u00a0\u00a0 Sapa, servie dans un pot en terre avec des salade<\/p>\n<p style=\"text-align: center;\">\u00a0\u00a0\u00a0\u00a0\u00a0\u00a0\u00a0\u00a0\u00a0\u00a0\u00a0\u00a0\u00a0 Potato, bacon, onions, cheese, white wine, served in a clay pot<\/p>\n<p style=\"text-align: center;\"><strong>\u00a0<\/strong><\/p>\n<p style=\"text-align: center;\"><strong>Magret d&#8217;oie grill\u00e9 au Rhum et poirve\/L\u01b0\u1eddn ng\u1ed7ng s\u1ed1t r\u01b0\u1ee3u Rum \/ 289,000<\/strong><\/p>\n<p style=\"text-align: center;\">Servis avec sauce au Rhum et poivre et des frites ou riz ou pur\u00e9e de pommes de ter<\/p>\n<p style=\"text-align: center;\">Grilled goose breast served with Rum and pepper sauce with French fries or rice or mash potato<\/p>\n<p style=\"text-align: center;\"><strong>\u00a0<\/strong><\/p>\n<p style=\"text-align: center;\"><strong>Blanquette de poulet aux champignons de Sapa\/L\u01b0\u1eddn g\u00e0 s\u1ed1t kem n\u1ea5m \/ 219,000<\/strong><\/p>\n<p style=\"text-align: center;\">\u00a0\u00a0\u00a0\u00a0\u00a0\u00a0\u00a0\u00a0\u00a0 Chicken breast with Sapa mushrooms, cream and wine sauce<\/p>\n<p style=\"text-align: center;\">\u00a0\u00a0\u00a0\u00a0\u00a0\u00a0\u00a0\u00a0\u00a0 Served with French fries or rice or mash potato<\/p>\n<p style=\"text-align: center;\"><strong>\u00a0<\/strong><\/p>\n<p style=\"text-align: center;\"><strong>Poulet grill\u00e9 sauce \u00e0 la moutarde\/G\u00e0 n\u01b0\u1edbng m\u00f9 t\u1ea1t \/ 199,000<\/strong><\/p>\n<p style=\"text-align: center;\">\u00a0\u00a0\u00a0\u00a0\u00a0\u00a0\u00a0\u00a0\u00a0\u00a0\u00a0 Poulet grill\u00e9 \u00e0 la moustard servis avec d\u00e9 frites ou riz ou pur\u00e9e de pommes de terre<\/p>\n<p style=\"text-align: center;\">Grilled chicken with mustard sauce\u00a0 with rice or French fries or mash potato<\/p>\n<p style=\"text-align: center;\"><strong>\u00a0<\/strong><\/p>\n<p style=\"text-align: center;\"><strong>Saumon grill\u00e9s au sauce de passion\/C\u00e1 h\u1ed3i n\u01b0\u1edbng s\u1ed1t chanh leo \/ 359,000<\/strong><\/p>\n<p style=\"text-align: center;\">Servis avec d\u00e9 frites ou riz ou pur\u00e9e de pommes de terre<\/p>\n<p style=\"text-align: center;\">Grilled salmon with passion fruit juice served with rice or French fries or mash potato<\/p>\n<p style=\"text-align: center;\"><strong>\u00a0<\/strong><\/p>\n<p style=\"text-align: center;\"><strong>Saumon grill\u00e9s au fromage\/C\u00e1 h\u1ed3i n\u01b0\u1edbng pho mai \/ 359,000<\/strong><\/p>\n<p style=\"text-align: center;\">Servis avec d\u00e9 frites ou riz ou pur\u00e9e de pommes de terre<\/p>\n<p style=\"text-align: center;\">Grilled salmon with cheese served with rice or French fries or mash potato<\/p>\n<p>&nbsp;<\/p>\n<p style=\"text-align: center;\"><span style=\"color: #ff9900; font-size: 24pt;\"><strong>***** Chef Recommended *****<\/strong><\/span><strong>\u00a0<\/strong><\/p>\n<p style=\"text-align: center;\"><strong>Tartiflette de Sapa\/Sp\u00e9cialit\u00e9 du Gecko \/ 259,000<\/strong><strong>\u00a0<\/strong><\/p>\n<p style=\"text-align: center;\"><strong>Magret d&#8217;oie grille au Rhum et poirve \/ 289,000<\/strong><strong>\u00a0<\/strong><\/p>\n<p style=\"text-align: center;\"><strong>Saumon grill\u00e9s au sauce de passion \/ 359,000<\/strong><strong>\u00a0<\/strong><\/p>\n<p style=\"text-align: center;\"><strong>Lasagne \/ 259,000<\/strong><\/p>\n<p style=\"text-align: center;\"><strong>Buffle frit avec l\u2019ail servis avec de riz dans bamboo \/ 259,000<\/strong><\/p>\n","protected":false},"excerpt":{"rendered":"<p>Sp\u00e9cialit\u00e9 Francais Plat\/Maincoure Tartiflette de Sapa\/Sp\u00e9cialit\u00e9 du Gecko\/Khoai t\u00e2y th\u1ecbt hun kh\u00f3i b\u1ecf l\u00f2 \/ 259,000 \u00a0\u00a0\u00a0\u00a0\u00a0\u00a0\u00a0\u00a0\u00a0 Pommes de terre, lardons, oignon, fromage, vin de \u00a0\u00a0\u00a0\u00a0\u00a0\u00a0\u00a0\u00a0\u00a0\u00a0\u00a0 Sapa, servie dans un pot en terre avec des salade \u00a0\u00a0\u00a0\u00a0\u00a0\u00a0\u00a0\u00a0\u00a0\u00a0\u00a0\u00a0\u00a0 Potato, bacon, onions, cheese, white wine, served in a clay pot \u00a0 Magret d&#8217;oie grill\u00e9 au Rhum et&hellip; <a class=\"more-link\" href=\"https:\/\/legeckosapa.com\/vn\/plat-maincoure\">Continue reading <span class=\"screen-reader-text\">Plat\/Maincoure<\/span><\/a><\/p>\n","protected":false},"author":1,"featured_media":0,"parent":0,"menu_order":0,"comment_status":"closed","ping_status":"closed","template":"","meta":{"footnotes":""},"class_list":["post-220","page","type-page","status-publish","hentry","entry"],"yoast_head":"<!-- This site is optimized with the Yoast SEO plugin v21.1 - https:\/\/yoast.com\/wordpress\/plugins\/seo\/ -->\n<title>Plat\/Maincoure - Le Gecko Sapa<\/title>\n<meta name=\"robots\" content=\"index, follow, max-snippet:-1, max-image-preview:large, max-video-preview:-1\" \/>\n<link rel=\"canonical\" href=\"https:\/\/legeckosapa.com\/vn\/plat-maincoure\" \/>\n<meta property=\"og:locale\" content=\"en_US\" \/>\n<meta property=\"og:type\" content=\"article\" \/>\n<meta property=\"og:title\" content=\"Plat\/Maincoure - Le Gecko Sapa\" \/>\n<meta property=\"og:description\" content=\"Sp\u00e9cialit\u00e9 Francais Plat\/Maincoure Tartiflette de Sapa\/Sp\u00e9cialit\u00e9 du Gecko\/Khoai t\u00e2y th\u1ecbt hun kh\u00f3i b\u1ecf l\u00f2 \/ 259,000 \u00a0\u00a0\u00a0\u00a0\u00a0\u00a0\u00a0\u00a0\u00a0 Pommes de terre, lardons, oignon, fromage, vin de \u00a0\u00a0\u00a0\u00a0\u00a0\u00a0\u00a0\u00a0\u00a0\u00a0\u00a0 Sapa, servie dans un pot en terre avec des salade \u00a0\u00a0\u00a0\u00a0\u00a0\u00a0\u00a0\u00a0\u00a0\u00a0\u00a0\u00a0\u00a0 Potato, bacon, onions, cheese, white wine, served in a clay pot \u00a0 Magret d&#8217;oie grill\u00e9 au Rhum et&hellip; Continue reading Plat\/Maincoure\" \/>\n<meta property=\"og:url\" content=\"https:\/\/legeckosapa.com\/vn\/plat-maincoure\" \/>\n<meta property=\"og:site_name\" content=\"Le Gecko Sapa\" \/>\n<meta property=\"article:modified_time\" content=\"2023-09-26T15:51:41+00:00\" \/>\n<meta name=\"twitter:card\" content=\"summary_large_image\" \/>\n<meta name=\"twitter:label1\" content=\"Est. reading time\" \/>\n\t<meta name=\"twitter:data1\" content=\"2 minutes\" \/>\n<script type=\"application\/ld+json\" class=\"yoast-schema-graph\">{\"@context\":\"https:\/\/schema.org\",\"@graph\":[{\"@type\":\"WebPage\",\"@id\":\"https:\/\/legeckosapa.com\/vn\/plat-maincoure\",\"url\":\"https:\/\/legeckosapa.com\/vn\/plat-maincoure\",\"name\":\"Plat\/Maincoure - Le Gecko Sapa\",\"isPartOf\":{\"@id\":\"https:\/\/legeckosapa.com\/vn\/#website\"},\"datePublished\":\"2023-09-26T15:33:42+00:00\",\"dateModified\":\"2023-09-26T15:51:41+00:00\",\"breadcrumb\":{\"@id\":\"https:\/\/legeckosapa.com\/vn\/plat-maincoure#breadcrumb\"},\"inLanguage\":\"en-US\",\"potentialAction\":[{\"@type\":\"ReadAction\",\"target\":[\"https:\/\/legeckosapa.com\/vn\/plat-maincoure\"]}]},{\"@type\":\"BreadcrumbList\",\"@id\":\"https:\/\/legeckosapa.com\/vn\/plat-maincoure#breadcrumb\",\"itemListElement\":[{\"@type\":\"ListItem\",\"position\":1,\"name\":\"Home\",\"item\":\"https:\/\/legeckosapa.com\/vn\"},{\"@type\":\"ListItem\",\"position\":2,\"name\":\"Plat\/Maincoure\"}]},{\"@type\":\"WebSite\",\"@id\":\"https:\/\/legeckosapa.com\/vn\/#website\",\"url\":\"https:\/\/legeckosapa.com\/vn\/\",\"name\":\"Le Gecko Sapa\",\"description\":\"\",\"publisher\":{\"@id\":\"https:\/\/legeckosapa.com\/vn\/#organization\"},\"potentialAction\":[{\"@type\":\"SearchAction\",\"target\":{\"@type\":\"EntryPoint\",\"urlTemplate\":\"https:\/\/legeckosapa.com\/vn\/?s={search_term_string}\"},\"query-input\":\"required name=search_term_string\"}],\"inLanguage\":\"en-US\"},{\"@type\":\"Organization\",\"@id\":\"https:\/\/legeckosapa.com\/vn\/#organization\",\"name\":\"Le Gecko Sapa\",\"url\":\"https:\/\/legeckosapa.com\/vn\/\",\"logo\":{\"@type\":\"ImageObject\",\"inLanguage\":\"en-US\",\"@id\":\"https:\/\/legeckosapa.com\/vn\/#\/schema\/logo\/image\/\",\"url\":\"https:\/\/legeckosapa.com\/vn\/wp-content\/uploads\/2023\/10\/cropped-cropped-LegeckoDualLogo512.png\",\"contentUrl\":\"https:\/\/legeckosapa.com\/vn\/wp-content\/uploads\/2023\/10\/cropped-cropped-LegeckoDualLogo512.png\",\"width\":512,\"height\":171,\"caption\":\"Le Gecko Sapa\"},\"image\":{\"@id\":\"https:\/\/legeckosapa.com\/vn\/#\/schema\/logo\/image\/\"}}]}<\/script>\n<!-- \/ Yoast SEO plugin. -->","yoast_head_json":{"title":"Plat\/Maincoure - Le Gecko Sapa","robots":{"index":"index","follow":"follow","max-snippet":"max-snippet:-1","max-image-preview":"max-image-preview:large","max-video-preview":"max-video-preview:-1"},"canonical":"https:\/\/legeckosapa.com\/vn\/plat-maincoure","og_locale":"en_US","og_type":"article","og_title":"Plat\/Maincoure - Le Gecko Sapa","og_description":"Sp\u00e9cialit\u00e9 Francais Plat\/Maincoure Tartiflette de Sapa\/Sp\u00e9cialit\u00e9 du Gecko\/Khoai t\u00e2y th\u1ecbt hun kh\u00f3i b\u1ecf l\u00f2 \/ 259,000 \u00a0\u00a0\u00a0\u00a0\u00a0\u00a0\u00a0\u00a0\u00a0 Pommes de terre, lardons, oignon, fromage, vin de \u00a0\u00a0\u00a0\u00a0\u00a0\u00a0\u00a0\u00a0\u00a0\u00a0\u00a0 Sapa, servie dans un pot en terre avec des salade \u00a0\u00a0\u00a0\u00a0\u00a0\u00a0\u00a0\u00a0\u00a0\u00a0\u00a0\u00a0\u00a0 Potato, bacon, onions, cheese, white wine, served in a clay pot \u00a0 Magret d&#8217;oie grill\u00e9 au Rhum et&hellip; Continue reading Plat\/Maincoure","og_url":"https:\/\/legeckosapa.com\/vn\/plat-maincoure","og_site_name":"Le Gecko Sapa","article_modified_time":"2023-09-26T15:51:41+00:00","twitter_card":"summary_large_image","twitter_misc":{"Est. reading time":"2 minutes"},"schema":{"@context":"https:\/\/schema.org","@graph":[{"@type":"WebPage","@id":"https:\/\/legeckosapa.com\/vn\/plat-maincoure","url":"https:\/\/legeckosapa.com\/vn\/plat-maincoure","name":"Plat\/Maincoure - Le Gecko Sapa","isPartOf":{"@id":"https:\/\/legeckosapa.com\/vn\/#website"},"datePublished":"2023-09-26T15:33:42+00:00","dateModified":"2023-09-26T15:51:41+00:00","breadcrumb":{"@id":"https:\/\/legeckosapa.com\/vn\/plat-maincoure#breadcrumb"},"inLanguage":"en-US","potentialAction":[{"@type":"ReadAction","target":["https:\/\/legeckosapa.com\/vn\/plat-maincoure"]}]},{"@type":"BreadcrumbList","@id":"https:\/\/legeckosapa.com\/vn\/plat-maincoure#breadcrumb","itemListElement":[{"@type":"ListItem","position":1,"name":"Home","item":"https:\/\/legeckosapa.com\/vn"},{"@type":"ListItem","position":2,"name":"Plat\/Maincoure"}]},{"@type":"WebSite","@id":"https:\/\/legeckosapa.com\/vn\/#website","url":"https:\/\/legeckosapa.com\/vn\/","name":"Le Gecko Sapa","description":"","publisher":{"@id":"https:\/\/legeckosapa.com\/vn\/#organization"},"potentialAction":[{"@type":"SearchAction","target":{"@type":"EntryPoint","urlTemplate":"https:\/\/legeckosapa.com\/vn\/?s={search_term_string}"},"query-input":"required name=search_term_string"}],"inLanguage":"en-US"},{"@type":"Organization","@id":"https:\/\/legeckosapa.com\/vn\/#organization","name":"Le Gecko Sapa","url":"https:\/\/legeckosapa.com\/vn\/","logo":{"@type":"ImageObject","inLanguage":"en-US","@id":"https:\/\/legeckosapa.com\/vn\/#\/schema\/logo\/image\/","url":"https:\/\/legeckosapa.com\/vn\/wp-content\/uploads\/2023\/10\/cropped-cropped-LegeckoDualLogo512.png","contentUrl":"https:\/\/legeckosapa.com\/vn\/wp-content\/uploads\/2023\/10\/cropped-cropped-LegeckoDualLogo512.png","width":512,"height":171,"caption":"Le Gecko Sapa"},"image":{"@id":"https:\/\/legeckosapa.com\/vn\/#\/schema\/logo\/image\/"}}]}},"_links":{"self":[{"href":"https:\/\/legeckosapa.com\/vn\/wp-json\/wp\/v2\/pages\/220","targetHints":{"allow":["GET"]}}],"collection":[{"href":"https:\/\/legeckosapa.com\/vn\/wp-json\/wp\/v2\/pages"}],"about":[{"href":"https:\/\/legeckosapa.com\/vn\/wp-json\/wp\/v2\/types\/page"}],"author":[{"embeddable":true,"href":"https:\/\/legeckosapa.com\/vn\/wp-json\/wp\/v2\/users\/1"}],"replies":[{"embeddable":true,"href":"https:\/\/legeckosapa.com\/vn\/wp-json\/wp\/v2\/comments?post=220"}],"version-history":[{"count":3,"href":"https:\/\/legeckosapa.com\/vn\/wp-json\/wp\/v2\/pages\/220\/revisions"}],"predecessor-version":[{"id":246,"href":"https:\/\/legeckosapa.com\/vn\/wp-json\/wp\/v2\/pages\/220\/revisions\/246"}],"wp:attachment":[{"href":"https:\/\/legeckosapa.com\/vn\/wp-json\/wp\/v2\/media?parent=220"}],"curies":[{"name":"wp","href":"https:\/\/api.w.org\/{rel}","templated":true}]}}