{"id":219,"date":"2023-09-26T15:33:41","date_gmt":"2023-09-26T15:33:41","guid":{"rendered":"https:\/\/legeckosapa.com\/?page_id=219"},"modified":"2023-09-26T15:51:33","modified_gmt":"2023-09-26T15:51:33","slug":"entree-starter","status":"publish","type":"page","link":"https:\/\/legeckosapa.com\/vn\/entree-starter","title":{"rendered":"Entr\u00e9e \/ Starter"},"content":{"rendered":"<p style=\"text-align: center;\"><span style=\"font-size: 24pt; color: #ff9900;\"><strong>Entr\u00e9e <\/strong><\/span><\/p>\n<p style=\"text-align: center;\"><span style=\"font-size: 24pt; color: #ff9900;\">\u00a0Starter<\/span><\/p>\n<p style=\"text-align: center;\"><strong>Soupe du Gecko \/ 115,000<\/strong><\/p>\n<p style=\"text-align: center;\">\u00a0\u00a0\u00a0\u00a0\u00a0\u00a0\u00a0\u00a0\u00a0\u00a0\u00a0 Soupe de pomme de terre avec lardon et Parmesan<\/p>\n<p style=\"text-align: center;\">\u00a0\u00a0\u00a0\u00a0\u00a0\u00a0\u00a0\u00a0\u00a0\u00a0\u00a0 Potato soup with bacon and Parmesan cheese<\/p>\n<p style=\"text-align: center;\">\u00a0\u00a0\u00a0\u00a0\u00a0\u00a0\u00a0\u00a0\u00a0\u00a0\u00a0 S\u00fap khoai t\u00e2y, th\u1ecbt x\u00f4ng kh\u00f3i, pho m\u00e1t<\/p>\n<p>&nbsp;<\/p>\n<p style=\"text-align: center;\"><strong>Soupe du Jour ( Daily soup ) \/\u00a095,000<\/strong><\/p>\n<p style=\"text-align: center;\">\u00a0\u00a0\u00a0\u00a0\u00a0\u00a0\u00a0\u00a0\u00a0 Soupe de pomme de terre ou soupe de portiron\/Potato soup or Pumpkin\u00a0 soup<\/p>\n<p style=\"text-align: center;\">\u00a0\u00a0\u00a0\u00a0\u00a0\u00a0\u00a0\u00a0\u00a0\u00a0\u00a0 S\u00fap khoai t\u00e2y ho\u1eb7c S\u00fap b\u00ed \u0111\u1ecf<\/p>\n<p>&nbsp;<\/p>\n<p style=\"text-align: center;\"><strong>Soupe des \u0153ufs et des champignons de Sapa \/\u00a0105,000<\/strong><\/p>\n<p style=\"text-align: center;\">\u00a0\u00a0\u00a0\u00a0\u00a0\u00a0\u00a0\u00a0\u00a0\u00a0\u00a0 Soup of eggs and fresh musrhoom of Sapa\/S\u00fap n\u1ea5m tr\u1ee9ng<\/p>\n<p>&nbsp;<\/p>\n<p style=\"text-align: center;\"><strong>Salade Nicoise \/ Sa l\u00e1t c\u00e1 ng\u1eeb \/\u00a0125,000\u00a0 <\/strong><\/p>\n<p style=\"text-align: center;\">Salade, tomate, thon, \u0153uf dur, olive noir\/Salad, tomato, tuna, boiled egg, black olive<\/p>\n<p style=\"text-align: center;\">Sa l\u00e1t, c\u00e0 chua, tr\u1ee9ng lu\u1ed9c, c\u00e1 ng\u1eeb, \u00f4 liu \u0111en<\/p>\n<p>&nbsp;<\/p>\n<p style=\"text-align: center;\"><strong>Tomate Mozzarella \/ 125,000<\/strong><\/p>\n<p style=\"text-align: center;\">\u00a0\u00a0\u00a0\u00a0\u00a0\u00a0\u00a0\u00a0\u00a0\u00a0\u00a0 Fromage mozzarella, tomate, oignon, olive noire\/Mozzarella cheese, tomato, onion, black olive<\/p>\n<p style=\"text-align: center;\">\u00a0\u00a0\u00a0\u00a0\u00a0\u00a0\u00a0\u00a0\u00a0\u00a0\u00a0\u00a0\u00a0\u00a0 Sal\u00e1t c\u00e0 chua, pho m\u00e1t, \u00f4 liu \u0111en<\/p>\n<p>&nbsp;<\/p>\n<p style=\"text-align: center;\"><strong>Salade verte de Sapa\/Green Salad \/\u00a085,000<\/strong><\/p>\n<p style=\"text-align: center;\"><strong>\u00a0\u00a0\u00a0\u00a0\u00a0\u00a0\u00a0\u00a0\u00a0\u00a0\u00a0 <\/strong>Salade, tomate, concombre, oignon\/Salad, tomato, cucumber, onion<\/p>\n<p style=\"text-align: center;\">\u00a0\u00a0\u00a0\u00a0\u00a0\u00a0\u00a0\u00a0\u00a0\u00a0\u00a0\u00a0 Sal\u00e1t xanh: x\u00e0 l\u00e1ch, c\u00e0 chua, d\u01b0a chu\u1ed9t, h\u00e0nh t\u00e2y<\/p>\n<p>&nbsp;<\/p>\n<p style=\"text-align: center;\"><strong><span style=\"color: #ff9900; font-size: 24pt;\">Burger<\/span><\/strong><br \/>\n<span style=\"font-size: 14pt;\"><em><span style=\"color: #000000;\">Servis avec frites<\/span><\/em><\/span><br \/>\n<span style=\"font-size: 14pt;\"><em><span style=\"color: #000000;\">Served with French fries<\/span><\/em><\/span><\/p>\n<p>&nbsp;<\/p>\n<p style=\"text-align: center;\"><strong>Hamburger \/\u00a0<\/strong><strong>139,000<\/strong><\/p>\n<p style=\"text-align: center;\">Boeuf grill\u00e9, salade, oignon\/Grilled beef, salad, onion<\/p>\n<p><strong>\u00a0<\/strong><\/p>\n<p style=\"text-align: center;\"><strong>Cheese Burger \/ <\/strong><strong>149,000 <\/strong><\/p>\n<p style=\"text-align: center;\">\u00a0\u00a0\u00a0\u00a0\u00a0\u00a0\u00a0\u00a0\u00a0\u00a0 Boeuf grill\u00e9, fromage, salade, oignon\/Grilled beef, cheese, salad, onion<\/p>\n<p>&nbsp;<\/p>\n<p style=\"text-align: center;\"><strong>Chicken Burger \/ 129,000 <\/strong><\/p>\n<p style=\"text-align: center;\">\u00a0\u00a0\u00a0\u00a0\u00a0\u00a0\u00a0\u00a0\u00a0\u00a0 Poulet grill\u00e9, salade, oignon\/Grilled chicken, salad, onion<\/p>\n<p>&nbsp;<\/p>\n<p style=\"text-align: center;\"><strong>Burger Vegetarian \/ 139,000<\/strong><\/p>\n<p style=\"text-align: center;\">Champignon, poivre verte, oignons, courgette, fromage, grill\u00e9s<\/p>\n<p style=\"text-align: center;\">Grilled mushroom, green pepper, onion, zucchini, cheese<\/p>\n<p>&nbsp;<\/p>\n<p style=\"text-align: center;\"><span style=\"font-size: 24pt; color: #ff9900;\"><strong>Spaghetti<\/strong><\/span><\/p>\n<p style=\"text-align: center;\"><em><span style=\"font-size: 14pt;\">Servi avec fromage parmesan\/Served with parmesan<\/span><\/em><\/p>\n<p style=\"text-align: center;\"><em><span style=\"font-size: 14pt;\">Servi avec pain chaud\/Served with bread<\/span><\/em><\/p>\n<p>&nbsp;<\/p>\n<p style=\"text-align: center;\"><strong>Carbonara \/ 199,000<\/strong><\/p>\n<p style=\"text-align: center;\">\u00a0\u00a0\u00a0\u00a0\u00a0\u00a0\u00a0\u00a0\u00a0\u00a0\u00a0 Bacon, cr\u00e8me\u00a0 fra\u00eeche, oeufs, ail\/Bacon, fresh cream, eggs, garlic.<\/p>\n<p style=\"text-align: center;\">\u00a0\u00a0\u00a0\u00a0\u00a0\u00a0\u00a0\u00a0\u00a0\u00a0\u00a0 M\u1ef3 s\u1ed1t th\u1ecbt hun kh\u00f3i, kem , tr\u1ee9ng, t\u1ecfi<\/p>\n<p>&nbsp;<\/p>\n<p style=\"text-align: center;\"><strong>Bolognese \/ 179,000<\/strong><\/p>\n<p style=\"text-align: center;\">\u00a0\u00a0\u00a0\u00a0\u00a0\u00a0\u00a0\u00a0\u00a0\u00a0\u00a0 B\u0153uf, sauce tomate\/Beef, tomato sauce<\/p>\n<p style=\"text-align: center;\">\u00a0\u00a0\u00a0\u00a0\u00a0\u00a0\u00a0\u00a0\u00a0\u00a0\u00a0 M\u1ef3 s\u1ed1t b\u00f2 c\u00e0 chua<\/p>\n<p>&nbsp;<\/p>\n<p style=\"text-align: center;\"><strong>Tonno \/ 179,000<\/strong><\/p>\n<p style=\"text-align: center;\">\u00a0\u00a0\u00a0\u00a0\u00a0\u00a0\u00a0\u00a0\u00a0 Thon, sauce tomate, ails\/Tomato sauce, tuna, garlic<\/p>\n<p style=\"text-align: center;\">\u00a0\u00a0\u00a0\u00a0\u00a0\u00a0\u00a0\u00a0\u00a0 M\u1ef3 s\u1ed1t c\u00e0 chua, c\u00e1 ng\u1eeb, t\u1ecfi<\/p>\n<p>&nbsp;<\/p>\n<p style=\"text-align: center;\"><strong>Spaghetti avec sauce v\u00e9g\u00e9tarienne \/ 179,000<\/strong><\/p>\n<p style=\"text-align: center;\">\u00a0\u00a0\u00a0\u00a0\u00a0\u00a0\u00a0\u00a0\u00a0 P\u00e2tes fraiches maison et sauce legume : tomate, champignons, fromage<\/p>\n<p style=\"text-align: center;\">\u00a0\u00a0\u00a0\u00a0\u00a0\u00a0\u00a0\u00a0\u00a0 Spaghetti with sauce of tomato, mushroom, cheese<\/p>\n<p style=\"text-align: center;\">\u00a0\u00a0\u00a0\u00a0\u00a0\u00a0\u00a0\u00a0\u00a0 M\u1ef3 s\u1ed1t n\u1ea5m c\u00e0 chua, pho m\u00e1t<\/p>\n<p>&nbsp;<\/p>\n<p style=\"text-align: center;\"><strong>Lasagne \/ 259,000<\/strong><\/p>\n<p style=\"text-align: center;\">\u00a0\u00a0\u00a0\u00a0\u00a0\u00a0\u00a0\u00a0\u00a0\u00a0\u00a0 Boeuf, tomate, fromage mozzarella, lasagne fra\u00eechement cuite au four \u00e0 pizza<\/p>\n<p style=\"text-align: center;\">\u00a0\u00a0\u00a0\u00a0\u00a0\u00a0\u00a0\u00a0\u00a0\u00a0\u00a0 Beef, tomato, mozzarella cheese, homemade fresh baked lasagna in pizza oven<\/p>\n<p style=\"text-align: center;\">\u00a0\u00a0\u00a0\u00a0\u00a0\u00a0\u00a0\u00a0\u00a0\u00a0\u00a0 M\u1ef3 \u00fd b\u1ecf l\u00f2 n\u01b0\u1edbng pho mai<\/p>\n<p style=\"text-align: center;\"><a name=\"_Toc201529912\"><\/a><strong>\u00a0<\/strong><\/p>\n<p style=\"text-align: center;\"><span style=\"color: #ff9900; font-size: 24pt;\"><strong>Steak <\/strong><\/span><\/p>\n<p style=\"text-align: center;\"><em>Local &amp; Australian beef<\/em><\/p>\n<p style=\"text-align: center;\"><em>Servi avec frites et pain chaud, salade. Indiquez ce que vous voulez : Saignant ou moyen ou bien cuit<\/em><\/p>\n<p style=\"text-align: center;\"><em>Served with French fries &amp; hot bread, salad. State what you want :Rare or medium or well-done<\/em><\/p>\n<p style=\"text-align: center;\"><strong>\u00a0 \u00a0 \u00a0 Price \/ Local\u00a0 \u00a0 Australian<\/strong><\/p>\n<p style=\"text-align: center;\"><strong>Steak E Funghi \/ 299,000\u00a0 \u00a0 \u00a0450,000<\/strong><\/p>\n<p style=\"text-align: center;\">Steak de b\u0153uf au sauce de jambon et champignons<\/p>\n<p style=\"text-align: center;\">Steak with ham and musrhoom sauce<\/p>\n<p style=\"text-align: center;\">B\u00edt t\u1ebft d\u0103m b\u00f4ng n\u1ea5m<\/p>\n<p style=\"text-align: center;\"><strong>\u00a0<\/strong><\/p>\n<p style=\"text-align: center;\"><strong>Steak sauce \u00e0 la moutarde \/ <\/strong><strong>299,000\u00a0 \u00a0 <\/strong><strong>450,000<\/strong><\/p>\n<p style=\"text-align: center;\">Steak with mustard sauce<\/p>\n<p style=\"text-align: center;\">B\u00edt t\u1ebft s\u1ed1t m\u00f9 t\u1ea1t v\u00e0ng<\/p>\n<p style=\"text-align: center;\"><strong>\u00a0<\/strong><\/p>\n<p style=\"text-align: center;\"><strong>Steak au sauce de poivre noir \/ <\/strong><strong>299,000\u00a0 \u00a0<\/strong><strong>450<\/strong><strong>,000<\/strong><\/p>\n<p style=\"text-align: center;\">Steak with black pepper sauce<\/p>\n<p style=\"text-align: center;\">B\u00edt t\u1ebft s\u1ed1t ti\u00eau \u0111en<\/p>\n<p>&nbsp;<\/p>\n<p style=\"text-align: center;\"><span style=\"color: #ff9900; font-size: 24pt;\"><strong>Pizza<\/strong><\/span><\/p>\n<p style=\"text-align: center;\"><strong>Large 27cm (8 pieces <\/strong>)<\/p>\n<p style=\"text-align: center;\"><strong>Margharita \/ 235,000\u00a0\u00a0\u00a0 <\/strong><\/p>\n<p style=\"text-align: center;\">Tomate, mozzarella, herbes de provence\/Tomato, mozzarella, oregano<\/p>\n<p style=\"text-align: center;\">C\u00e0 chua, pho m\u00e1t, c\u1ecf th\u01a1m<\/p>\n<p style=\"text-align: center;\"><strong>\u00a0<\/strong><\/p>\n<p style=\"text-align: center;\"><strong>Tropicale \/ 255,000\u00a0\u00a0\u00a0\u00a0\u00a0\u00a0\u00a0\u00a0\u00a0\u00a0\u00a0\u00a0\u00a0\u00a0 <\/strong><\/p>\n<p style=\"text-align: center;\">Tomate, mozzarella, jambon, ananas, herbes de provence\/Tomato, mozzarella, ham, pineapple, oregano<\/p>\n<p style=\"text-align: center;\">C\u00e0 chua, pho m\u00e1t, d\u0103m b\u00f4ng, d\u1ee9a, c\u1ecf th\u01a1m<\/p>\n<p style=\"text-align: center;\"><strong>\u00a0<\/strong><\/p>\n<p style=\"text-align: center;\"><strong>Vegetariana \/ 255,000<\/strong><\/p>\n<p style=\"text-align: center;\"><strong>\u00a0\u00a0\u00a0\u00a0\u00a0\u00a0\u00a0\u00a0\u00a0 <\/strong>Tomate, mozzarella, oignons, aubergine, poivrons, champignon, olive noires, herbes de provence<\/p>\n<p style=\"text-align: center;\">\u00a0\u00a0\u00a0\u00a0\u00a0\u00a0\u00a0\u00a0\u00a0\u00a0\u00a0 Tomato, mozzarella, onion, eggplant, green pepper, mushroom, black olive, oregano<\/p>\n<p style=\"text-align: center;\">\u00a0\u00a0\u00a0\u00a0\u00a0\u00a0\u00a0\u00a0\u00a0\u00a0\u00a0 C\u00e0 chua, pho m\u00e1t, h\u00e0nh t\u00e2y, \u1edbt xanh, n\u1ea5m, qu\u1ea3 \u00f4 liu<\/p>\n<p style=\"text-align: center;\"><strong>\u00a0<\/strong><\/p>\n<p style=\"text-align: center;\"><strong>Prosciutto E Funghi \/ 255,000 <\/strong><\/p>\n<p style=\"text-align: center;\">Tomate, mozzarella, jambon, champignons, herbes de provence\/Tomato, mozzarella, ham, mushroom, oregano<\/p>\n<p style=\"text-align: center;\">\u00a0\u00a0\u00a0\u00a0\u00a0\u00a0\u00a0\u00a0\u00a0\u00a0\u00a0\u00a0\u00a0\u00a0 C\u00e0 chua, pho m\u00e1t, d\u0103m b\u00f4ng, n\u1ea5m, c\u1ecf th\u01a1m<\/p>\n<p>&nbsp;<\/p>\n<p style=\"text-align: center;\"><strong>Quattro Stagioni \/ 255,000 <\/strong><\/p>\n<p style=\"text-align: center;\">Tomate, mozzarella, jambon champignon, courgette, c\u00e2pres, herbes de provence<\/p>\n<p style=\"text-align: center;\">\u00a0\u00a0\u00a0\u00a0\u00a0\u00a0\u00a0\u00a0\u00a0\u00a0\u00a0 Tomato, mozzarella, ham, mushroom, zucchini, c\u00e2pres, oregano<\/p>\n<p style=\"text-align: center;\">\u00a0\u00a0\u00a0\u00a0\u00a0\u00a0\u00a0\u00a0\u00a0\u00a0\u00a0 C\u00e0 chua, pho m\u00e1t, d\u0103m b\u00f4ng, n\u1ea5m, b\u00ed bao t\u1eed, h\u1ea1t ca b\u01a1, c\u1ecf th\u01a1m<\/p>\n<p style=\"text-align: center;\"><strong>\u00a0<\/strong><\/p>\n<p style=\"text-align: center;\"><strong>Sapa \/ 255,000 <\/strong><\/p>\n<p style=\"text-align: center;\">Tomate, mozzarella, poulet, champignon, piment frais, herbes<\/p>\n<p style=\"text-align: center;\">\u00a0\u00a0\u00a0\u00a0\u00a0\u00a0\u00a0\u00a0\u00a0 Tomato, mozzarella, chicken, mushroom, fresh chili, oregano<\/p>\n<p style=\"text-align: center;\">\u00a0\u00a0\u00a0\u00a0\u00a0\u00a0\u00a0\u00a0\u00a0 C\u00e0 chua, pho m\u00e1t, g\u00e0, n\u1ea5m, \u1edbt cay, c\u1ecf th\u01a1m<\/p>\n<p style=\"text-align: center;\"><strong>\u00a0<\/strong><\/p>\n<p style=\"text-align: center;\"><strong>Salame \/ 269,000 <\/strong><\/p>\n<p style=\"text-align: center;\">\u00a0\u00a0\u00a0\u00a0\u00a0\u00a0\u00a0\u00a0\u00a0\u00a0\u00a0\u00a0 Tomate, mozzarella, salami, herbes de provence\/Tomato, mozzarella, salami, oregano<\/p>\n<p style=\"text-align: center;\">Pizza v\u1edbi c\u00e0 chua, pho m\u00e1t, x\u00fac x\u00edch \u00dd, c\u1ecf th\u01a1m<\/p>\n<p style=\"text-align: center;\"><strong>\u00a0<\/strong><\/p>\n<p style=\"text-align: center;\"><strong>Gecko \/ 255,000 <\/strong><\/p>\n<p style=\"text-align: center;\">\u00a0\u00a0\u00a0\u00a0\u00a0\u00a0\u00a0\u00a0\u00a0\u00a0 \u00a0\u00a0Tomate, mozzarella, boeuf, ananas, herbes de provence\/Tomato, mozzarella, beef, pineapple, oregano<\/p>\n<p style=\"text-align: center;\">\u00a0\u00a0\u00a0\u00a0\u00a0\u00a0\u00a0\u00a0\u00a0\u00a0\u00a0 \u00a0\u00a0Pizza v\u1edbi c\u00e0 chua, pho m\u00e1t, b\u00f2, d\u1ee9a, c\u1ecf th\u01a1m<\/p>\n<p style=\"text-align: center;\"><strong>Seafood \/ 269,000<\/strong><\/p>\n<p style=\"text-align: center;\">\u00a0\u00a0\u00a0\u00a0\u00a0\u00a0\u00a0\u00a0\u00a0\u00a0\u00a0 Tomate, mozzarella, saumon, crevettes, saucisses, herbes de provence<\/p>\n<p style=\"text-align: center;\">\u00a0\u00a0\u00a0\u00a0\u00a0\u00a0\u00a0\u00a0\u00a0\u00a0\u00a0 Tomato, mozzarella, salmon, shrimp, sausages, oregano<\/p>\n<p style=\"text-align: center;\">\u00a0\u00a0\u00a0\u00a0\u00a0\u00a0\u00a0\u00a0\u00a0\u00a0\u00a0 Pizza v\u1edbi c\u00e0 chua, pho m\u00e1t, t\u00f4m, c\u00e1 h\u1ed3i, x\u00fac x\u00edch, c\u1ecf th\u01a1m<\/p>\n","protected":false},"excerpt":{"rendered":"<p>Entr\u00e9e \u00a0Starter Soupe du Gecko \/ 115,000 \u00a0\u00a0\u00a0\u00a0\u00a0\u00a0\u00a0\u00a0\u00a0\u00a0\u00a0 Soupe de pomme de terre avec lardon et Parmesan \u00a0\u00a0\u00a0\u00a0\u00a0\u00a0\u00a0\u00a0\u00a0\u00a0\u00a0 Potato soup with bacon and Parmesan cheese \u00a0\u00a0\u00a0\u00a0\u00a0\u00a0\u00a0\u00a0\u00a0\u00a0\u00a0 S\u00fap khoai t\u00e2y, th\u1ecbt x\u00f4ng kh\u00f3i, pho m\u00e1t &nbsp; Soupe du Jour ( Daily soup ) \/\u00a095,000 \u00a0\u00a0\u00a0\u00a0\u00a0\u00a0\u00a0\u00a0\u00a0 Soupe de pomme de terre ou soupe de portiron\/Potato soup or&hellip; <a class=\"more-link\" href=\"https:\/\/legeckosapa.com\/vn\/entree-starter\">Continue reading <span class=\"screen-reader-text\">Entr\u00e9e \/ Starter<\/span><\/a><\/p>\n","protected":false},"author":1,"featured_media":0,"parent":0,"menu_order":0,"comment_status":"closed","ping_status":"closed","template":"","meta":{"footnotes":""},"class_list":["post-219","page","type-page","status-publish","hentry","entry"],"yoast_head":"<!-- This site is optimized with the Yoast SEO plugin v21.1 - https:\/\/yoast.com\/wordpress\/plugins\/seo\/ -->\n<title>Entr\u00e9e \/ Starter - Le Gecko Sapa<\/title>\n<meta name=\"robots\" content=\"index, follow, max-snippet:-1, max-image-preview:large, max-video-preview:-1\" \/>\n<link rel=\"canonical\" href=\"https:\/\/legeckosapa.com\/vn\/entree-starter\" \/>\n<meta property=\"og:locale\" content=\"en_US\" \/>\n<meta property=\"og:type\" content=\"article\" \/>\n<meta property=\"og:title\" content=\"Entr\u00e9e \/ Starter - Le Gecko Sapa\" \/>\n<meta property=\"og:description\" content=\"Entr\u00e9e \u00a0Starter Soupe du Gecko \/ 115,000 \u00a0\u00a0\u00a0\u00a0\u00a0\u00a0\u00a0\u00a0\u00a0\u00a0\u00a0 Soupe de pomme de terre avec lardon et Parmesan \u00a0\u00a0\u00a0\u00a0\u00a0\u00a0\u00a0\u00a0\u00a0\u00a0\u00a0 Potato soup with bacon and Parmesan cheese \u00a0\u00a0\u00a0\u00a0\u00a0\u00a0\u00a0\u00a0\u00a0\u00a0\u00a0 S\u00fap khoai t\u00e2y, th\u1ecbt x\u00f4ng kh\u00f3i, pho m\u00e1t &nbsp; Soupe du Jour ( Daily soup ) \/\u00a095,000 \u00a0\u00a0\u00a0\u00a0\u00a0\u00a0\u00a0\u00a0\u00a0 Soupe de pomme de terre ou soupe de portiron\/Potato soup or&hellip; Continue reading Entr\u00e9e \/ Starter\" \/>\n<meta property=\"og:url\" content=\"https:\/\/legeckosapa.com\/vn\/entree-starter\" \/>\n<meta property=\"og:site_name\" content=\"Le Gecko Sapa\" \/>\n<meta property=\"article:modified_time\" content=\"2023-09-26T15:51:33+00:00\" \/>\n<meta name=\"twitter:card\" content=\"summary_large_image\" \/>\n<meta name=\"twitter:label1\" content=\"Est. reading time\" \/>\n\t<meta name=\"twitter:data1\" content=\"4 minutes\" \/>\n<script type=\"application\/ld+json\" class=\"yoast-schema-graph\">{\"@context\":\"https:\/\/schema.org\",\"@graph\":[{\"@type\":\"WebPage\",\"@id\":\"https:\/\/legeckosapa.com\/vn\/entree-starter\",\"url\":\"https:\/\/legeckosapa.com\/vn\/entree-starter\",\"name\":\"Entr\u00e9e \/ Starter - Le Gecko Sapa\",\"isPartOf\":{\"@id\":\"https:\/\/legeckosapa.com\/vn\/#website\"},\"datePublished\":\"2023-09-26T15:33:41+00:00\",\"dateModified\":\"2023-09-26T15:51:33+00:00\",\"breadcrumb\":{\"@id\":\"https:\/\/legeckosapa.com\/vn\/entree-starter#breadcrumb\"},\"inLanguage\":\"en-US\",\"potentialAction\":[{\"@type\":\"ReadAction\",\"target\":[\"https:\/\/legeckosapa.com\/vn\/entree-starter\"]}]},{\"@type\":\"BreadcrumbList\",\"@id\":\"https:\/\/legeckosapa.com\/vn\/entree-starter#breadcrumb\",\"itemListElement\":[{\"@type\":\"ListItem\",\"position\":1,\"name\":\"Home\",\"item\":\"https:\/\/legeckosapa.com\/vn\"},{\"@type\":\"ListItem\",\"position\":2,\"name\":\"Entr\u00e9e \/ Starter\"}]},{\"@type\":\"WebSite\",\"@id\":\"https:\/\/legeckosapa.com\/vn\/#website\",\"url\":\"https:\/\/legeckosapa.com\/vn\/\",\"name\":\"Le Gecko Sapa\",\"description\":\"\",\"publisher\":{\"@id\":\"https:\/\/legeckosapa.com\/vn\/#organization\"},\"potentialAction\":[{\"@type\":\"SearchAction\",\"target\":{\"@type\":\"EntryPoint\",\"urlTemplate\":\"https:\/\/legeckosapa.com\/vn\/?s={search_term_string}\"},\"query-input\":\"required name=search_term_string\"}],\"inLanguage\":\"en-US\"},{\"@type\":\"Organization\",\"@id\":\"https:\/\/legeckosapa.com\/vn\/#organization\",\"name\":\"Le Gecko Sapa\",\"url\":\"https:\/\/legeckosapa.com\/vn\/\",\"logo\":{\"@type\":\"ImageObject\",\"inLanguage\":\"en-US\",\"@id\":\"https:\/\/legeckosapa.com\/vn\/#\/schema\/logo\/image\/\",\"url\":\"https:\/\/legeckosapa.com\/vn\/wp-content\/uploads\/2023\/10\/cropped-cropped-LegeckoDualLogo512.png\",\"contentUrl\":\"https:\/\/legeckosapa.com\/vn\/wp-content\/uploads\/2023\/10\/cropped-cropped-LegeckoDualLogo512.png\",\"width\":512,\"height\":171,\"caption\":\"Le Gecko Sapa\"},\"image\":{\"@id\":\"https:\/\/legeckosapa.com\/vn\/#\/schema\/logo\/image\/\"}}]}<\/script>\n<!-- \/ Yoast SEO plugin. -->","yoast_head_json":{"title":"Entr\u00e9e \/ Starter - Le Gecko Sapa","robots":{"index":"index","follow":"follow","max-snippet":"max-snippet:-1","max-image-preview":"max-image-preview:large","max-video-preview":"max-video-preview:-1"},"canonical":"https:\/\/legeckosapa.com\/vn\/entree-starter","og_locale":"en_US","og_type":"article","og_title":"Entr\u00e9e \/ Starter - Le Gecko Sapa","og_description":"Entr\u00e9e \u00a0Starter Soupe du Gecko \/ 115,000 \u00a0\u00a0\u00a0\u00a0\u00a0\u00a0\u00a0\u00a0\u00a0\u00a0\u00a0 Soupe de pomme de terre avec lardon et Parmesan \u00a0\u00a0\u00a0\u00a0\u00a0\u00a0\u00a0\u00a0\u00a0\u00a0\u00a0 Potato soup with bacon and Parmesan cheese \u00a0\u00a0\u00a0\u00a0\u00a0\u00a0\u00a0\u00a0\u00a0\u00a0\u00a0 S\u00fap khoai t\u00e2y, th\u1ecbt x\u00f4ng kh\u00f3i, pho m\u00e1t &nbsp; Soupe du Jour ( Daily soup ) \/\u00a095,000 \u00a0\u00a0\u00a0\u00a0\u00a0\u00a0\u00a0\u00a0\u00a0 Soupe de pomme de terre ou soupe de portiron\/Potato soup or&hellip; Continue reading Entr\u00e9e \/ Starter","og_url":"https:\/\/legeckosapa.com\/vn\/entree-starter","og_site_name":"Le Gecko Sapa","article_modified_time":"2023-09-26T15:51:33+00:00","twitter_card":"summary_large_image","twitter_misc":{"Est. reading time":"4 minutes"},"schema":{"@context":"https:\/\/schema.org","@graph":[{"@type":"WebPage","@id":"https:\/\/legeckosapa.com\/vn\/entree-starter","url":"https:\/\/legeckosapa.com\/vn\/entree-starter","name":"Entr\u00e9e \/ Starter - Le Gecko Sapa","isPartOf":{"@id":"https:\/\/legeckosapa.com\/vn\/#website"},"datePublished":"2023-09-26T15:33:41+00:00","dateModified":"2023-09-26T15:51:33+00:00","breadcrumb":{"@id":"https:\/\/legeckosapa.com\/vn\/entree-starter#breadcrumb"},"inLanguage":"en-US","potentialAction":[{"@type":"ReadAction","target":["https:\/\/legeckosapa.com\/vn\/entree-starter"]}]},{"@type":"BreadcrumbList","@id":"https:\/\/legeckosapa.com\/vn\/entree-starter#breadcrumb","itemListElement":[{"@type":"ListItem","position":1,"name":"Home","item":"https:\/\/legeckosapa.com\/vn"},{"@type":"ListItem","position":2,"name":"Entr\u00e9e \/ Starter"}]},{"@type":"WebSite","@id":"https:\/\/legeckosapa.com\/vn\/#website","url":"https:\/\/legeckosapa.com\/vn\/","name":"Le Gecko Sapa","description":"","publisher":{"@id":"https:\/\/legeckosapa.com\/vn\/#organization"},"potentialAction":[{"@type":"SearchAction","target":{"@type":"EntryPoint","urlTemplate":"https:\/\/legeckosapa.com\/vn\/?s={search_term_string}"},"query-input":"required name=search_term_string"}],"inLanguage":"en-US"},{"@type":"Organization","@id":"https:\/\/legeckosapa.com\/vn\/#organization","name":"Le Gecko Sapa","url":"https:\/\/legeckosapa.com\/vn\/","logo":{"@type":"ImageObject","inLanguage":"en-US","@id":"https:\/\/legeckosapa.com\/vn\/#\/schema\/logo\/image\/","url":"https:\/\/legeckosapa.com\/vn\/wp-content\/uploads\/2023\/10\/cropped-cropped-LegeckoDualLogo512.png","contentUrl":"https:\/\/legeckosapa.com\/vn\/wp-content\/uploads\/2023\/10\/cropped-cropped-LegeckoDualLogo512.png","width":512,"height":171,"caption":"Le Gecko Sapa"},"image":{"@id":"https:\/\/legeckosapa.com\/vn\/#\/schema\/logo\/image\/"}}]}},"_links":{"self":[{"href":"https:\/\/legeckosapa.com\/vn\/wp-json\/wp\/v2\/pages\/219","targetHints":{"allow":["GET"]}}],"collection":[{"href":"https:\/\/legeckosapa.com\/vn\/wp-json\/wp\/v2\/pages"}],"about":[{"href":"https:\/\/legeckosapa.com\/vn\/wp-json\/wp\/v2\/types\/page"}],"author":[{"embeddable":true,"href":"https:\/\/legeckosapa.com\/vn\/wp-json\/wp\/v2\/users\/1"}],"replies":[{"embeddable":true,"href":"https:\/\/legeckosapa.com\/vn\/wp-json\/wp\/v2\/comments?post=219"}],"version-history":[{"count":5,"href":"https:\/\/legeckosapa.com\/vn\/wp-json\/wp\/v2\/pages\/219\/revisions"}],"predecessor-version":[{"id":245,"href":"https:\/\/legeckosapa.com\/vn\/wp-json\/wp\/v2\/pages\/219\/revisions\/245"}],"wp:attachment":[{"href":"https:\/\/legeckosapa.com\/vn\/wp-json\/wp\/v2\/media?parent=219"}],"curies":[{"name":"wp","href":"https:\/\/api.w.org\/{rel}","templated":true}]}}