{"id":217,"date":"2023-09-26T15:33:41","date_gmt":"2023-09-26T15:33:41","guid":{"rendered":"https:\/\/legeckosapa.com\/?page_id=217"},"modified":"2023-09-26T15:37:52","modified_gmt":"2023-09-26T15:37:52","slug":"snack-sandwich-omelette","status":"publish","type":"page","link":"https:\/\/legeckosapa.com\/vn\/snack-sandwich-omelette","title":{"rendered":"Snack &#038; Sandwich &#038; Omelette"},"content":{"rendered":"<p style=\"text-align: center;\"><strong><span style=\"font-size: 24pt; color: #ff9900;\">( Baguette )<\/span><\/strong><\/p>\n<p>&nbsp;<\/p>\n<p style=\"text-align: center;\"><strong>Assiette des frites \/\u00a069,000<\/strong><\/p>\n<p style=\"text-align: center;\">French fries\/Khoai t\u00e2y chi\u00ean<\/p>\n<p>&nbsp;<\/p>\n<p style=\"text-align: center;\"><strong>Assiette des frites \u00e0 l&#8217;ail et au beurre \/\u00a079,000<\/strong><\/p>\n<p style=\"text-align: center;\">French fries with garlic and butter<\/p>\n<p style=\"text-align: center;\"><strong>\u00a0<\/strong><\/p>\n<p style=\"text-align: center;\"><strong>Bruschetta \/\u00a040,000<\/strong><\/p>\n<p style=\"text-align: center;\">Pain \u00e0 l\u2019lail\/Garlic bread\/B\u00e1nh m\u1ef3 b\u01a1 t\u1ecfi<\/p>\n<p>&nbsp;<\/p>\n<p style=\"text-align: center;\"><strong>Bruschetta Toscana \/\u00a049,000<\/strong><\/p>\n<p style=\"text-align: center;\">Pain \u00e0 l\u2019lail, tomates, olives noires, huile d\u2019olive\/Garlic bread, tomato, black olive, olive oil<\/p>\n<p style=\"text-align: center;\">B\u00e1nh m\u1ef3, c\u00e0 chua, qu\u1ea3 \u00f4liu, d\u1ea7u \u00f4liu<\/p>\n<p>&nbsp;<\/p>\n<p style=\"text-align: center;\"><strong>Croque Monsieur \/ 89,000<\/strong><\/p>\n<p style=\"text-align: center;\">Jambon grill\u00e9, fromage, salade mixte\/Toasted ham, cheese, mixed salad<\/p>\n<p style=\"text-align: center;\">B\u00e1nh g\u1ed1i k\u1eb9p th\u1ecbt hun kh\u00f3i v\u00e0 pho m\u00e1t<\/p>\n<p>&nbsp;<\/p>\n<p style=\"text-align: center;\"><strong>Croque Madame \/ 99,000<\/strong><\/p>\n<p style=\"text-align: center;\">Jambon grille, fromage avec oeuf plat et salade mixte<\/p>\n<p style=\"text-align: center;\">Toasted ham, cheese with fried egg, mixed salad\/B\u00e1nh g\u1ed1i k\u1eb9p th\u1ecbt hun kh\u00f3i, pho m\u00e1t v\u00e0 tr\u1ee9ng<\/p>\n<p>&nbsp;<\/p>\n<p style=\"text-align: center;\"><strong>Sandwich au choix de fromage v\u00e9g\u00e9tarien ou poulet ou jambon &amp; fromage \/ 89,000<\/strong><\/p>\n<p style=\"text-align: center;\">Choice of vegetarian cheese or chicken or ham &amp; cheese<\/p>\n<p style=\"text-align: center;\">X\u0103ng u\u00fdch rau pho m\u00e1t\/g\u00e0\/d\u0103m b\u00f4ng<\/p>\n<p>&nbsp;<\/p>\n<p style=\"text-align: center;\"><strong>Sandwich BLT \/ 89,000<\/strong><\/p>\n<p style=\"text-align: center;\">Bacon, laitue, tomate, sauce de mayonnaise\/Bacon, lettuce, tomato, mayonnaise sauce<\/p>\n<p style=\"text-align: center;\">X\u0103ng u\u00fdch th\u1ecbt hun kh\u00f3i<\/p>\n<p>&nbsp;<\/p>\n<p style=\"text-align: center;\"><strong>Sandwich take away \/\u00a095,000<\/strong><\/p>\n<p style=\"text-align: center;\">Sandwich de poulet ou jambon et fromage ou v\u00e9 geestarien, eau min\u00e9rale et fruits frais<\/p>\n<p style=\"text-align: center;\">Sandwich of chicken or ham and cheese or vegetarian &amp; cheese with mineral water and fresh fruits<\/p>\n<p>&nbsp;<\/p>\n<p style=\"text-align: center;\"><strong>Omelette V\u00e9g\u00e9tarien \/\u00a0<\/strong><strong>99,000<\/strong><\/p>\n<p style=\"text-align: center;\">Champignons frais de Sapa, pommes de terre, oignon tomate<\/p>\n<p style=\"text-align: center;\">Fresh mushroom of Sapa, potatoes, onion, tomato\/Tr\u1ee9ng chi\u00ean v\u1edbi n\u1ea5m, khoai t\u00e2y, h\u00e0nh t\u00e2y, b\u00e1nh m\u1ef3<\/p>\n<p>&nbsp;<\/p>\n<p style=\"text-align: center;\"><strong>Omelette du Gecko \/\u00a0<\/strong><strong>99,000<\/strong><\/p>\n<p style=\"text-align: center;\">Bacon fromage\/Bacon, cheese\/ Tr\u1ee9ng chi\u00ean v\u1edbi th\u1ecbt hun kh\u00f3i, pho mai, b\u00e1nh m\u1ef3<\/p>\n","protected":false},"excerpt":{"rendered":"<p>( Baguette ) &nbsp; Assiette des frites \/\u00a069,000 French fries\/Khoai t\u00e2y chi\u00ean &nbsp; Assiette des frites \u00e0 l&#8217;ail et au beurre \/\u00a079,000 French fries with garlic and butter \u00a0 Bruschetta \/\u00a040,000 Pain \u00e0 l\u2019lail\/Garlic bread\/B\u00e1nh m\u1ef3 b\u01a1 t\u1ecfi &nbsp; Bruschetta Toscana \/\u00a049,000 Pain \u00e0 l\u2019lail, tomates, olives noires, huile d\u2019olive\/Garlic bread, tomato, black olive, olive&hellip; <a class=\"more-link\" href=\"https:\/\/legeckosapa.com\/vn\/snack-sandwich-omelette\">Continue reading <span class=\"screen-reader-text\">Snack &#038; Sandwich &#038; Omelette<\/span><\/a><\/p>\n","protected":false},"author":1,"featured_media":0,"parent":0,"menu_order":0,"comment_status":"closed","ping_status":"closed","template":"","meta":{"footnotes":""},"class_list":["post-217","page","type-page","status-publish","hentry","entry"],"yoast_head":"<!-- This site is optimized with the Yoast SEO plugin v21.1 - https:\/\/yoast.com\/wordpress\/plugins\/seo\/ -->\n<title>Snack &amp; Sandwich &amp; Omelette - Le Gecko Sapa<\/title>\n<meta name=\"robots\" content=\"index, follow, max-snippet:-1, max-image-preview:large, max-video-preview:-1\" \/>\n<link rel=\"canonical\" href=\"https:\/\/legeckosapa.com\/vn\/snack-sandwich-omelette\" \/>\n<meta property=\"og:locale\" content=\"en_US\" \/>\n<meta property=\"og:type\" content=\"article\" \/>\n<meta property=\"og:title\" content=\"Snack &amp; Sandwich &amp; Omelette - Le Gecko Sapa\" \/>\n<meta property=\"og:description\" content=\"( Baguette ) &nbsp; Assiette des frites \/\u00a069,000 French fries\/Khoai t\u00e2y chi\u00ean &nbsp; Assiette des frites \u00e0 l&#8217;ail et au beurre \/\u00a079,000 French fries with garlic and butter \u00a0 Bruschetta \/\u00a040,000 Pain \u00e0 l\u2019lail\/Garlic bread\/B\u00e1nh m\u1ef3 b\u01a1 t\u1ecfi &nbsp; Bruschetta Toscana \/\u00a049,000 Pain \u00e0 l\u2019lail, tomates, olives noires, huile d\u2019olive\/Garlic bread, tomato, black olive, olive&hellip; Continue reading Snack &#038; Sandwich &#038; Omelette\" \/>\n<meta property=\"og:url\" content=\"https:\/\/legeckosapa.com\/vn\/snack-sandwich-omelette\" \/>\n<meta property=\"og:site_name\" content=\"Le Gecko Sapa\" \/>\n<meta property=\"article:modified_time\" content=\"2023-09-26T15:37:52+00:00\" \/>\n<meta name=\"twitter:card\" content=\"summary_large_image\" \/>\n<meta name=\"twitter:label1\" content=\"Est. reading time\" \/>\n\t<meta name=\"twitter:data1\" content=\"2 minutes\" \/>\n<script type=\"application\/ld+json\" class=\"yoast-schema-graph\">{\"@context\":\"https:\/\/schema.org\",\"@graph\":[{\"@type\":\"WebPage\",\"@id\":\"https:\/\/legeckosapa.com\/vn\/snack-sandwich-omelette\",\"url\":\"https:\/\/legeckosapa.com\/vn\/snack-sandwich-omelette\",\"name\":\"Snack & Sandwich & Omelette - Le Gecko Sapa\",\"isPartOf\":{\"@id\":\"https:\/\/legeckosapa.com\/vn\/#website\"},\"datePublished\":\"2023-09-26T15:33:41+00:00\",\"dateModified\":\"2023-09-26T15:37:52+00:00\",\"breadcrumb\":{\"@id\":\"https:\/\/legeckosapa.com\/vn\/snack-sandwich-omelette#breadcrumb\"},\"inLanguage\":\"en-US\",\"potentialAction\":[{\"@type\":\"ReadAction\",\"target\":[\"https:\/\/legeckosapa.com\/vn\/snack-sandwich-omelette\"]}]},{\"@type\":\"BreadcrumbList\",\"@id\":\"https:\/\/legeckosapa.com\/vn\/snack-sandwich-omelette#breadcrumb\",\"itemListElement\":[{\"@type\":\"ListItem\",\"position\":1,\"name\":\"Home\",\"item\":\"https:\/\/legeckosapa.com\/vn\"},{\"@type\":\"ListItem\",\"position\":2,\"name\":\"Snack &#038; Sandwich &#038; Omelette\"}]},{\"@type\":\"WebSite\",\"@id\":\"https:\/\/legeckosapa.com\/vn\/#website\",\"url\":\"https:\/\/legeckosapa.com\/vn\/\",\"name\":\"Le Gecko Sapa\",\"description\":\"\",\"publisher\":{\"@id\":\"https:\/\/legeckosapa.com\/vn\/#organization\"},\"potentialAction\":[{\"@type\":\"SearchAction\",\"target\":{\"@type\":\"EntryPoint\",\"urlTemplate\":\"https:\/\/legeckosapa.com\/vn\/?s={search_term_string}\"},\"query-input\":\"required name=search_term_string\"}],\"inLanguage\":\"en-US\"},{\"@type\":\"Organization\",\"@id\":\"https:\/\/legeckosapa.com\/vn\/#organization\",\"name\":\"Le Gecko Sapa\",\"url\":\"https:\/\/legeckosapa.com\/vn\/\",\"logo\":{\"@type\":\"ImageObject\",\"inLanguage\":\"en-US\",\"@id\":\"https:\/\/legeckosapa.com\/vn\/#\/schema\/logo\/image\/\",\"url\":\"https:\/\/legeckosapa.com\/vn\/wp-content\/uploads\/2023\/10\/cropped-cropped-LegeckoDualLogo512.png\",\"contentUrl\":\"https:\/\/legeckosapa.com\/vn\/wp-content\/uploads\/2023\/10\/cropped-cropped-LegeckoDualLogo512.png\",\"width\":512,\"height\":171,\"caption\":\"Le Gecko Sapa\"},\"image\":{\"@id\":\"https:\/\/legeckosapa.com\/vn\/#\/schema\/logo\/image\/\"}}]}<\/script>\n<!-- \/ Yoast SEO plugin. -->","yoast_head_json":{"title":"Snack & Sandwich & Omelette - Le Gecko Sapa","robots":{"index":"index","follow":"follow","max-snippet":"max-snippet:-1","max-image-preview":"max-image-preview:large","max-video-preview":"max-video-preview:-1"},"canonical":"https:\/\/legeckosapa.com\/vn\/snack-sandwich-omelette","og_locale":"en_US","og_type":"article","og_title":"Snack & Sandwich & Omelette - Le Gecko Sapa","og_description":"( Baguette ) &nbsp; Assiette des frites \/\u00a069,000 French fries\/Khoai t\u00e2y chi\u00ean &nbsp; Assiette des frites \u00e0 l&#8217;ail et au beurre \/\u00a079,000 French fries with garlic and butter \u00a0 Bruschetta \/\u00a040,000 Pain \u00e0 l\u2019lail\/Garlic bread\/B\u00e1nh m\u1ef3 b\u01a1 t\u1ecfi &nbsp; Bruschetta Toscana \/\u00a049,000 Pain \u00e0 l\u2019lail, tomates, olives noires, huile d\u2019olive\/Garlic bread, tomato, black olive, olive&hellip; Continue reading Snack &#038; Sandwich &#038; Omelette","og_url":"https:\/\/legeckosapa.com\/vn\/snack-sandwich-omelette","og_site_name":"Le Gecko Sapa","article_modified_time":"2023-09-26T15:37:52+00:00","twitter_card":"summary_large_image","twitter_misc":{"Est. reading time":"2 minutes"},"schema":{"@context":"https:\/\/schema.org","@graph":[{"@type":"WebPage","@id":"https:\/\/legeckosapa.com\/vn\/snack-sandwich-omelette","url":"https:\/\/legeckosapa.com\/vn\/snack-sandwich-omelette","name":"Snack & Sandwich & Omelette - Le Gecko Sapa","isPartOf":{"@id":"https:\/\/legeckosapa.com\/vn\/#website"},"datePublished":"2023-09-26T15:33:41+00:00","dateModified":"2023-09-26T15:37:52+00:00","breadcrumb":{"@id":"https:\/\/legeckosapa.com\/vn\/snack-sandwich-omelette#breadcrumb"},"inLanguage":"en-US","potentialAction":[{"@type":"ReadAction","target":["https:\/\/legeckosapa.com\/vn\/snack-sandwich-omelette"]}]},{"@type":"BreadcrumbList","@id":"https:\/\/legeckosapa.com\/vn\/snack-sandwich-omelette#breadcrumb","itemListElement":[{"@type":"ListItem","position":1,"name":"Home","item":"https:\/\/legeckosapa.com\/vn"},{"@type":"ListItem","position":2,"name":"Snack &#038; Sandwich &#038; Omelette"}]},{"@type":"WebSite","@id":"https:\/\/legeckosapa.com\/vn\/#website","url":"https:\/\/legeckosapa.com\/vn\/","name":"Le Gecko Sapa","description":"","publisher":{"@id":"https:\/\/legeckosapa.com\/vn\/#organization"},"potentialAction":[{"@type":"SearchAction","target":{"@type":"EntryPoint","urlTemplate":"https:\/\/legeckosapa.com\/vn\/?s={search_term_string}"},"query-input":"required name=search_term_string"}],"inLanguage":"en-US"},{"@type":"Organization","@id":"https:\/\/legeckosapa.com\/vn\/#organization","name":"Le Gecko Sapa","url":"https:\/\/legeckosapa.com\/vn\/","logo":{"@type":"ImageObject","inLanguage":"en-US","@id":"https:\/\/legeckosapa.com\/vn\/#\/schema\/logo\/image\/","url":"https:\/\/legeckosapa.com\/vn\/wp-content\/uploads\/2023\/10\/cropped-cropped-LegeckoDualLogo512.png","contentUrl":"https:\/\/legeckosapa.com\/vn\/wp-content\/uploads\/2023\/10\/cropped-cropped-LegeckoDualLogo512.png","width":512,"height":171,"caption":"Le Gecko Sapa"},"image":{"@id":"https:\/\/legeckosapa.com\/vn\/#\/schema\/logo\/image\/"}}]}},"_links":{"self":[{"href":"https:\/\/legeckosapa.com\/vn\/wp-json\/wp\/v2\/pages\/217","targetHints":{"allow":["GET"]}}],"collection":[{"href":"https:\/\/legeckosapa.com\/vn\/wp-json\/wp\/v2\/pages"}],"about":[{"href":"https:\/\/legeckosapa.com\/vn\/wp-json\/wp\/v2\/types\/page"}],"author":[{"embeddable":true,"href":"https:\/\/legeckosapa.com\/vn\/wp-json\/wp\/v2\/users\/1"}],"replies":[{"embeddable":true,"href":"https:\/\/legeckosapa.com\/vn\/wp-json\/wp\/v2\/comments?post=217"}],"version-history":[{"count":6,"href":"https:\/\/legeckosapa.com\/vn\/wp-json\/wp\/v2\/pages\/217\/revisions"}],"predecessor-version":[{"id":240,"href":"https:\/\/legeckosapa.com\/vn\/wp-json\/wp\/v2\/pages\/217\/revisions\/240"}],"wp:attachment":[{"href":"https:\/\/legeckosapa.com\/vn\/wp-json\/wp\/v2\/media?parent=217"}],"curies":[{"name":"wp","href":"https:\/\/api.w.org\/{rel}","templated":true}]}}